{"id":309146,"date":"2023-08-14T14:45:06","date_gmt":"2024-02-06T15:03:15","guid":{"rendered":"https:\/\/www.moskito.cz\/produkt\/noz-strzelecki-microtech-signature-daytona-stonewash-126-12bis\/"},"modified":"2025-05-07T11:00:41","modified_gmt":"2025-05-07T10:00:41","slug":"noz-strzelecki-microtech-signature-daytona-stonewash-126-12bis","status":"publish","type":"product","link":"https:\/\/www.moskito.cz\/pl\/produkt\/noz-strzelecki-microtech-signature-daytona-stonewash-126-12bis\/","title":{"rendered":"N\u00f3\u017c strzelecki Microtech Signature Daytona Stonewash 126-12BIS"},"content":{"rendered":"<p>N\u00f3\u017c strzelecki <strong>Microtech<\/strong> Signature Daytona Stonewash 126-12BIS<\/p>\n<p>MICROTECH 126-12BIS UTX-85 Daytona to wysokiej jako\u015bci scyzoryk OTF (Out The Front), zaprojektowany z my\u015bl\u0105 o precyzji i stylu. Oparty na popularnym modelu UTX-85, Daytona jest pogrubiony po obu stronach r\u0119koje\u015bci, aby poprawi\u0107 chwyt no\u017ca i atrakcyjno\u015b\u0107 wizualn\u0105. Ten automatyczny n\u00f3\u017c, wykonany z charakterystyczn\u0105 dba\u0142o\u015bci\u0105 o szczeg\u00f3\u0142y i wydajno\u015b\u0107, zapewnia bezproblemow\u0105 i niezawodn\u0105 obs\u0142ug\u0119.<\/p>\n<p>Daytona posiada ostrze sztyletu typu stonewashed z pojedynczym, w pe\u0142ni z\u0105bkowanym ostrzem, kt\u00f3re zapewnia doskona\u0142\u0105 wydajno\u015b\u0107 ci\u0119cia i trwa\u0142o\u015b\u0107. P\u0142aski szlif zapewnia optymalne mo\u017cliwo\u015bci krojenia, dzi\u0119ki czemu nadaje si\u0119 do szerokiego zakresu codziennych zada\u0144. Materia\u0142 ostrza Bohler M390 znany jest z wyj\u0105tkowej twardo\u015bci, odporno\u015bci na korozj\u0119 i zachowania kraw\u0119dzi, co czyni go najlepszym wyborem dla entuzjast\u00f3w no\u017cy.<\/p>\n<p>Kluczowe w\u0142a\u015bciwo\u015bci:<\/p>\n<p>Ostrze sztyletu wyko\u0144czone metod\u0105 Stonewash z ca\u0142kowicie z\u0105bkowan\u0105 kraw\u0119dzi\u0105<br \/>\nFrezowany calowy otwieracz przesuwny do automatycznego otwierania i zamykania ostrza<br \/>\nWk\u0142adka b\u0105belkowa ze srebrnego tytanu i czarny aluminiowy uchwyt zapewniaj\u0105 lepszy chwyt i styl<br \/>\nKieszonkowy klips zapewniaj\u0105cy bezpieczne i wygodne noszenie<br \/>\nAutomatyczny n\u00f3\u017c OTF o podw\u00f3jnym dzia\u0142aniu do szybkiego i \u0142atwego u\u017cycia<br \/>\nDane techniczne:<\/p>\n<p>D\u0142ugo\u015b\u0107 ca\u0142kowita: 19 cm<br \/>\nD\u0142ugo\u015b\u0107 ostrza: <span id=\"cwos\" class=\"qv3Wpe\">7,75<\/span> cm<br \/>\nGrubo\u015b\u0107 ostrza: 0,3 cm<br \/>\nMateria\u0142 ostrza: Bohler M390<br \/>\nStyl ostrza: sztylet<br \/>\nSzlif ostrza: p\u0142aski<br \/>\nWyko\u0144czenie powierzchni: Stonewash<br \/>\nTyp kraw\u0119dzi: w pe\u0142ni z\u0105bkowany<br \/>\nMateria\u0142 r\u0119koje\u015bci: aluminium<br \/>\nczarny kolor<br \/>\nWaga: 3,40 uncji<br \/>\nU\u017cytkownik: Prawa r\u0119ka<br \/>\nKlips kieszonkowy: sk\u0142adany w d\u00f3\u0142<br \/>\nOtwieracz: kciuk<br \/>\nMarka: Microtech<br \/>\nModelka: Daytona<br \/>\nNumer modelu: 126-12BIS<br \/>\nKraj pochodzenia: USA<br \/>\nNajlepsze zastosowanie: Do noszenia na co dzie\u0144<br \/>\nTyp produktu: N\u00f3\u017c<br \/>\nMICROTECH Daytona to nie tylko instrument funkcjonalny, ale tak\u017ce wyrazisty element. Niezale\u017cnie od tego, czy jeste\u015b zapalonym kolekcjonerem, czy zwyk\u0142ym u\u017cytkownikiem, ten n\u00f3\u017c z pewno\u015bci\u0105 zaimponuje najwy\u017csz\u0105 jako\u015bci\u0105 wykonania i designem. Mechanizm podw\u00f3jnego dzia\u0142ania pozwala na szybkie i \u0142atwe roz\u0142o\u017cenie, a ergonomiczny uchwyt zapewnia wygodny chwyt podczas d\u0142ugotrwa\u0142ego u\u017cytkowania.<\/p>\n<p><iframe title=\"Microtech Combat Troodon Torture Test\" width=\"800\" height=\"450\" src=\"https:\/\/www.youtube.com\/embed\/xE9TeOFYEjg?feature=oembed\" frameborder=\"0\" allow=\"accelerometer; autoplay; clipboard-write; encrypted-media; gyroscope; picture-in-picture; web-share\" allowfullscreen><\/iframe><\/p>\n<p>&nbsp;<\/p>\n","protected":false},"excerpt":{"rendered":"<p><strong>Przez lata Microtech\u00ae Knives wype\u0142nia\u0142 no\u017ce pasj\u0105 i umiej\u0119tno\u015bciami, aby tworzy\u0107 niemal dzie\u0142a sztuki, kt\u00f3re s\u0105 szczytem funkcjonalno\u015bci.Wszystkie cz\u0119\u015bci s\u0105 produkowane w USA.<\/strong><br \/>\n<strong>Wszystkie no\u017ce Microtech obj\u0119te s\u0105 do\u017cywotni\u0105 gwarancj\u0105 (min. 80 000 cykli, otwieranie i zamykanie)<\/strong><\/p>\n<p><strong>Bezp\u0142atny transport.<\/strong><\/p>\n","protected":false},"featured_media":309186,"comment_status":"open","ping_status":"closed","template":"","meta":[],"pwb-brand":[3279],"product_brand":[],"product_cat":[3296,3344],"product_tag":[3671],"class_list":{"0":"post-309146","1":"product","2":"type-product","3":"status-publish","4":"has-post-thumbnail","6":"pwb-brand-microtech-pl","7":"product_cat-noze-pl","8":"product_cat-noze-strzeleckie","9":"product_tag-b2b-pl","11":"first","12":"instock","13":"taxable","14":"shipping-taxable","15":"purchasable","16":"product-type-simple"},"brands":[{"id":3279,"name":"Microtech","slug":"microtech-pl"}],"_links":{"self":[{"href":"https:\/\/www.moskito.cz\/pl\/wp-json\/wp\/v2\/product\/309146","targetHints":{"allow":["GET"]}}],"collection":[{"href":"https:\/\/www.moskito.cz\/pl\/wp-json\/wp\/v2\/product"}],"about":[{"href":"https:\/\/www.moskito.cz\/pl\/wp-json\/wp\/v2\/types\/product"}],"replies":[{"embeddable":true,"href":"https:\/\/www.moskito.cz\/pl\/wp-json\/wp\/v2\/comments?post=309146"}],"wp:featuredmedia":[{"embeddable":true,"href":"https:\/\/www.moskito.cz\/pl\/wp-json\/wp\/v2\/media\/309186"}],"wp:attachment":[{"href":"https:\/\/www.moskito.cz\/pl\/wp-json\/wp\/v2\/media?parent=309146"}],"wp:term":[{"taxonomy":"pwb-brand","embeddable":true,"href":"https:\/\/www.moskito.cz\/pl\/wp-json\/wp\/v2\/pwb-brand?post=309146"},{"taxonomy":"product_brand","embeddable":true,"href":"https:\/\/www.moskito.cz\/pl\/wp-json\/wp\/v2\/product_brand?post=309146"},{"taxonomy":"product_cat","embeddable":true,"href":"https:\/\/www.moskito.cz\/pl\/wp-json\/wp\/v2\/product_cat?post=309146"},{"taxonomy":"product_tag","embeddable":true,"href":"https:\/\/www.moskito.cz\/pl\/wp-json\/wp\/v2\/product_tag?post=309146"}],"curies":[{"name":"wp","href":"https:\/\/api.w.org\/{rel}","templated":true}]}}