{"id":309215,"date":"2023-08-14T15:39:16","date_gmt":"2024-02-06T15:03:18","guid":{"rendered":"https:\/\/www.moskito.cz\/produkt\/noz-strzelecki-microtech-ludt-apocalyptic-135-10appu\/"},"modified":"2025-05-07T11:00:42","modified_gmt":"2025-05-07T10:00:42","slug":"noz-strzelecki-microtech-ludt-apocalyptic-135-10appu","status":"publish","type":"product","link":"https:\/\/www.moskito.cz\/pl\/produkt\/noz-strzelecki-microtech-ludt-apocalyptic-135-10appu\/","title":{"rendered":"N\u00f3\u017c strzelecki Microtech LUDT Apocalyptic 135-10APPU"},"content":{"rendered":"<p>N\u00f3\u017c strzelecki <strong>Microtech<\/strong> LUDT Apocalyptic 135-10APPU<\/p>\n<p>LUDT to wi\u0119ksza wersja no\u017ca Underwater Demolition Team. W po\u0142owie lat 90-tych lat trafi\u0142 na rynek no\u017cy i szybko sta\u0142 si\u0119 jednym z najszybciej sprzedaj\u0105cych si\u0119 no\u017cy w historii Microtech. Na przestrzeni lat LUDT by\u0142 kszta\u0142towany i zmieniany, aby sprosta\u0107 stale zmieniaj\u0105cemu si\u0119 rynkowi. LUDT zosta\u0142 na jaki\u015b czas wycofany z linii Microtech, wi\u0119c jeste\u015bmy zachwyceni mo\u017cliwo\u015bci\u0105 jego powrotu.<\/p>\n<p>Ostrze LUDT ma \u0142ukowaty grzbiet, prowadzenie kciuka i wzmocnion\u0105 ko\u0144c\u00f3wk\u0119, co zapewnia maksymaln\u0105 skuteczno\u015b\u0107 penetracji bez uszczerbku dla ko\u0144c\u00f3wki. Ciemne, stonewashed wyko\u0144czenie ostrza jest niezwykle trwa\u0142e, a kolorowa fioletowa r\u0119koje\u015b\u0107 sprawia, \u017ce \u200b\u200bjest to idealny n\u00f3\u017c do EDC. Wszystkie elementy tego no\u017ca, w tym przycisk spustowy i klips kieszeniowy, zosta\u0142y wyprane, podobnie jak ostrze. R\u0119koje\u015b\u0107 wykonana jest z frezowanego aluminium lotniczego, co zapewnia wytrzyma\u0142o\u015b\u0107 i lekko\u015b\u0107. Jest ergonomiczne, b\u0142yskawiczne i po prostu niesamowite, wszechstronne ostrze. N\u00f3\u017c ten sprawdzi\u0142 si\u0119 wielokrotnie i bardzo ch\u0119tnie do niego wracamy ponownie. Zawiera smycz i \u015bruby odporne na manipulacje.<br \/>\nDane techniczne<\/p>\n<p>Automatyczne otwieranie &#8211; otwieranie boczne<br \/>\nDzia\u0142anie: Automatyczne pojedyncze dzia\u0142anie &#8211; zwolnienie blokady przycisk\u00f3w<br \/>\nStal: M390<br \/>\nD\u0142ugo\u015b\u0107 ostrza: 8,42 cm<br \/>\nGrubo\u015b\u0107 ostrza: 0,31 cm<br \/>\nStyl ostrza: Apokaliptyczny punkt kroplenia<br \/>\nGrubo\u015b\u0107 r\u0119koje\u015bci: 0,48&#8243;<br \/>\nMateria\u0142 r\u0119koje\u015bci: fioletowe aluminium 6061-T6<br \/>\nD\u0142ugo\u015b\u0107 po zamkni\u0119ciu: 12 cm<br \/>\nD\u0142ugo\u015b\u0107 po otwarciu: 20 cm<br \/>\nWaga: 3,5 uncji<br \/>\nMateria\u0142 klipsa kieszeniowego: stal nierdzewna 301<br \/>\nWykonane w USA<\/p>\n<p><iframe title=\"Microtech Combat Troodon Torture Test\" width=\"800\" height=\"450\" src=\"https:\/\/www.youtube.com\/embed\/xE9TeOFYEjg?feature=oembed\" frameborder=\"0\" allow=\"accelerometer; autoplay; clipboard-write; encrypted-media; gyroscope; picture-in-picture; web-share\" allowfullscreen><\/iframe><\/p>\n<p>&nbsp;<\/p>\n","protected":false},"excerpt":{"rendered":"<p><strong>Przez lata Microtech\u00ae Knives wype\u0142nia\u0142 no\u017ce pasj\u0105 i umiej\u0119tno\u015bciami, aby tworzy\u0107 niemal dzie\u0142a sztuki, kt\u00f3re s\u0105 szczytem funkcjonalno\u015bci.Wszystkie cz\u0119\u015bci s\u0105 produkowane w USA.<\/strong><br \/>\n<strong>Wszystkie no\u017ce Microtech obj\u0119te s\u0105 do\u017cywotni\u0105 gwarancj\u0105.<\/strong><\/p>\n<p><strong>Bezp\u0142atny transport.<\/strong><\/p>\n","protected":false},"featured_media":309236,"comment_status":"open","ping_status":"closed","template":"","meta":[],"pwb-brand":[3279],"product_brand":[],"product_cat":[3296,3344],"product_tag":[3671],"class_list":{"0":"post-309215","1":"product","2":"type-product","3":"status-publish","4":"has-post-thumbnail","6":"pwb-brand-microtech-pl","7":"product_cat-noze-pl","8":"product_cat-noze-strzeleckie","9":"product_tag-b2b-pl","11":"first","12":"outofstock","13":"taxable","14":"shipping-taxable","15":"purchasable","16":"product-type-simple"},"brands":[{"id":3279,"name":"Microtech","slug":"microtech-pl"}],"_links":{"self":[{"href":"https:\/\/www.moskito.cz\/pl\/wp-json\/wp\/v2\/product\/309215","targetHints":{"allow":["GET"]}}],"collection":[{"href":"https:\/\/www.moskito.cz\/pl\/wp-json\/wp\/v2\/product"}],"about":[{"href":"https:\/\/www.moskito.cz\/pl\/wp-json\/wp\/v2\/types\/product"}],"replies":[{"embeddable":true,"href":"https:\/\/www.moskito.cz\/pl\/wp-json\/wp\/v2\/comments?post=309215"}],"wp:featuredmedia":[{"embeddable":true,"href":"https:\/\/www.moskito.cz\/pl\/wp-json\/wp\/v2\/media\/309236"}],"wp:attachment":[{"href":"https:\/\/www.moskito.cz\/pl\/wp-json\/wp\/v2\/media?parent=309215"}],"wp:term":[{"taxonomy":"pwb-brand","embeddable":true,"href":"https:\/\/www.moskito.cz\/pl\/wp-json\/wp\/v2\/pwb-brand?post=309215"},{"taxonomy":"product_brand","embeddable":true,"href":"https:\/\/www.moskito.cz\/pl\/wp-json\/wp\/v2\/product_brand?post=309215"},{"taxonomy":"product_cat","embeddable":true,"href":"https:\/\/www.moskito.cz\/pl\/wp-json\/wp\/v2\/product_cat?post=309215"},{"taxonomy":"product_tag","embeddable":true,"href":"https:\/\/www.moskito.cz\/pl\/wp-json\/wp\/v2\/product_tag?post=309215"}],"curies":[{"name":"wp","href":"https:\/\/api.w.org\/{rel}","templated":true}]}}