{"id":309407,"date":"2023-07-09T11:18:28","date_gmt":"2024-02-06T15:04:02","guid":{"rendered":"https:\/\/www.moskito.cz\/produkt\/heretic-knives-niestandardowy-noz-strzelecki-cleric-ii-z-ostrzem-damascenskim\/"},"modified":"2025-05-07T11:00:49","modified_gmt":"2025-05-07T10:00:49","slug":"heretic-knives-niestandardowy-noz-strzelecki-cleric-ii-z-ostrzem-damascenskim","status":"publish","type":"product","link":"https:\/\/www.moskito.cz\/pl\/produkt\/heretic-knives-niestandardowy-noz-strzelecki-cleric-ii-z-ostrzem-damascenskim\/","title":{"rendered":"Heretic Knives Niestandardowy n\u00f3\u017c strzelecki Cleric II z ostrzem damasce\u0144skim"},"content":{"rendered":"<p>Heretic Knives Niestandardowy n\u00f3\u017c strzelecki Cleric II z ostrzem damasce\u0144skim.<\/p>\n<p>Niestandardowy Cleric II D\/E w kolorze czarnym z wk\u0142adk\u0105 ze srebra w\u0119glowego, sk\u00f3r\u0105 w\u0119\u017ca, ostrzem damasce\u0144skim Baker Forge<\/p>\n<p>Heretic Knives Cleric II to przedni automat o podw\u00f3jnym dzia\u0142aniu z wysokiej jako\u015bci krojem i wyko\u0144czeniem oraz super p\u0142ynn\u0105 akcj\u0105 D\/A OTF! Jest wyposa\u017cony w przesuwan\u0105 przedni\u0105 pokryw\u0119 u\u0142atwiaj\u0105c\u0105 obs\u0142ug\u0119. Jeden z najd\u0142u\u017cszych no\u017cy typu double action OTF w produkcji i mocny konkurent starego Microtech Makora II, z pewno\u015bci\u0105 przypadnie do gustu. W komplecie z frezowanym tytanowym klipsem kieszeniowym.<\/p>\n<p>Ten niestandardowy model ma czarny uchwyt z odwa\u017cnymi wstawkami ze sk\u00f3ry w\u0119\u017ca w kolorze w\u0119glowo-srebrnym. Obustronne ostrze sztyletu damasce\u0144skiego Baker Forge. Z boku ramy wygrawerowane jest logo Heretic, informacje o modelu i numer seryjny. Model z limitowanej edycji z Blade Show 2023. Produkt nowy, w pude\u0142ku, z pude\u0142kiem i certyfikatem COA.<\/p>\n<p>Kraj pochodzenia: USA<br \/>\nData powstania: 2023<br \/>\nStan: fabrycznie nowy<br \/>\nMateria\u0142 r\u0119koje\u015bci: karbon<br \/>\nMateria\u0142 ostrza: Damaszek<br \/>\nStyl ostrza: sztylet o podw\u00f3jnym ostrzu<br \/>\nWyko\u0144czenie ostrza: Baker Forge Damaszek<br \/>\nTyp kraw\u0119dzi: standardowy<br \/>\nModel\/wz\u00f3r: Kleryk II<br \/>\nTyp no\u017ca: Automatyczny OTF o podw\u00f3jnym dzia\u0142aniu<br \/>\nTyp zamka: Prz\u00f3d<br \/>\nD\u0142ugo\u015b\u0107 ostrza: <span id=\"cwos\" class=\"qv3Wpe\">10,62<\/span> cm<br \/>\nD\u0142ugo\u015b\u0107 r\u0105czki: <span id=\"cwos\" class=\"qv3Wpe\">13,62<\/span> cm<br \/>\nD\u0142ugo\u015b\u0107 ca\u0142kowita: 25 cm<br \/>\nWaga: 4 uncje<\/p>\n<p><iframe title=\"Microtech Combat Troodon Torture Test\" width=\"800\" height=\"450\" src=\"https:\/\/www.youtube.com\/embed\/xE9TeOFYEjg?feature=oembed\" frameborder=\"0\" allow=\"accelerometer; autoplay; clipboard-write; encrypted-media; gyroscope; picture-in-picture; web-share\" allowfullscreen><\/iframe><\/p>\n<p>&nbsp;<\/p>\n<p>&nbsp;<\/p>\n<p>&nbsp;<\/p>\n","protected":false},"excerpt":{"rendered":"<p><strong>Heretic Knives Cleric II to przedni automat o podw\u00f3jnym dzia\u0142aniu z wysokiej jako\u015bci krojem i wyko\u0144czeniem oraz super p\u0142ynn\u0105 akcj\u0105 D\/A OTF!<\/strong><\/p>\n","protected":false},"featured_media":309449,"comment_status":"open","ping_status":"closed","template":"","meta":[],"pwb-brand":[3664],"product_brand":[],"product_cat":[3296,3344],"product_tag":[3671],"class_list":{"0":"post-309407","1":"product","2":"type-product","3":"status-publish","4":"has-post-thumbnail","6":"pwb-brand-heretyckie-noze","7":"product_cat-noze-pl","8":"product_cat-noze-strzeleckie","9":"product_tag-b2b-pl","11":"first","12":"outofstock","13":"taxable","14":"shipping-taxable","15":"purchasable","16":"product-type-simple"},"brands":[{"id":3664,"name":"Heretyckie no\u017ce","slug":"heretyckie-noze"}],"_links":{"self":[{"href":"https:\/\/www.moskito.cz\/pl\/wp-json\/wp\/v2\/product\/309407","targetHints":{"allow":["GET"]}}],"collection":[{"href":"https:\/\/www.moskito.cz\/pl\/wp-json\/wp\/v2\/product"}],"about":[{"href":"https:\/\/www.moskito.cz\/pl\/wp-json\/wp\/v2\/types\/product"}],"replies":[{"embeddable":true,"href":"https:\/\/www.moskito.cz\/pl\/wp-json\/wp\/v2\/comments?post=309407"}],"wp:featuredmedia":[{"embeddable":true,"href":"https:\/\/www.moskito.cz\/pl\/wp-json\/wp\/v2\/media\/309449"}],"wp:attachment":[{"href":"https:\/\/www.moskito.cz\/pl\/wp-json\/wp\/v2\/media?parent=309407"}],"wp:term":[{"taxonomy":"pwb-brand","embeddable":true,"href":"https:\/\/www.moskito.cz\/pl\/wp-json\/wp\/v2\/pwb-brand?post=309407"},{"taxonomy":"product_brand","embeddable":true,"href":"https:\/\/www.moskito.cz\/pl\/wp-json\/wp\/v2\/product_brand?post=309407"},{"taxonomy":"product_cat","embeddable":true,"href":"https:\/\/www.moskito.cz\/pl\/wp-json\/wp\/v2\/product_cat?post=309407"},{"taxonomy":"product_tag","embeddable":true,"href":"https:\/\/www.moskito.cz\/pl\/wp-json\/wp\/v2\/product_tag?post=309407"}],"curies":[{"name":"wp","href":"https:\/\/api.w.org\/{rel}","templated":true}]}}