{"id":309428,"date":"2023-07-07T13:41:32","date_gmt":"2024-02-06T15:04:03","guid":{"rendered":"https:\/\/www.moskito.cz\/produkt\/naprawiono-noz-microtech-borka-apocalyptic-stonewash-blade-201-12ap\/"},"modified":"2025-05-07T11:00:50","modified_gmt":"2025-05-07T10:00:50","slug":"naprawiono-noz-microtech-borka-apocalyptic-stonewash-blade-201-12ap","status":"publish","type":"product","link":"https:\/\/www.moskito.cz\/pl\/produkt\/naprawiono-noz-microtech-borka-apocalyptic-stonewash-blade-201-12ap\/","title":{"rendered":"Naprawiono n\u00f3\u017c Microtech\/Borka Apocalyptic Stonewash Blade 201-12AP"},"content":{"rendered":"<p>Naprawiono n\u00f3\u017c <strong>Microtech<\/strong> \/ Borka Apocalyptic Stonewash Blade 201-12AP<\/p>\n<p>Ostrze sta\u0142e SBD to gro\u017any n\u00f3\u017c stworzony przez tw\u00f3rc\u0119 no\u017cy na zam\u00f3wienie Sebastjana Berenjiego (Borka Blades), oparty na jego w\u0142asnym projekcie SBD, wersji jego s\u0142ynnego no\u017ca SBK z perskim kszta\u0142tem ostrza. Posiada kwadratow\u0105 ko\u0144c\u00f3wk\u0119 z rowkiem krwi i otworami. R\u0119koje\u015b\u0107 SBD wykonana jest z estetycznego materia\u0142u G10, wyfrezowanego do perfekcji, co zapewnia ergonomi\u0119 chwytu. W zestawie pochewka z kydexu.<\/p>\n<p>Projektant: Sebastijan Berenji &#8211; Ostrza Borka<br \/>\nD\u0142ugo\u015b\u0107 ca\u0142kowita: 22,5 cm<br \/>\nOstrze: 11 cm Double Edge, Apocalyptic Stonewash, z\u0105bkowane<br \/>\nR\u0119koje\u015b\u0107: <span id=\"cwos\" class=\"qv3Wpe\">11,25<\/span> cm G10 czarna (frezowana)<br \/>\nPochwa: Kydex<br \/>\nWaga: 6,5 uncji<br \/>\nWaga z kurtk\u0105: 10,1 uncji<br \/>\nWykonane w USA<br \/>\nModel: 201-12AP<\/p>\n<p><iframe title=\"Microtech Combat Troodon Torture Test\" width=\"800\" height=\"450\" src=\"https:\/\/www.youtube.com\/embed\/xE9TeOFYEjg?feature=oembed\" frameborder=\"0\" allow=\"accelerometer; autoplay; clipboard-write; encrypted-media; gyroscope; picture-in-picture; web-share\" allowfullscreen><\/iframe><\/p>\n<p>&nbsp;<\/p>\n","protected":false},"excerpt":{"rendered":"<div class=\"elementor-element elementor-element-bbb542b elementor-widget elementor-widget-woocommerce-product-short-description\" data-id=\"bbb542b\" data-element_type=\"widget\" data-widget_type=\"woocommerce-product-short-description.default\">\n<div class=\"elementor-widget-container\">\n<div class=\"woocommerce-product-details__short-description\">\n<p><strong>Przez lata Microtech\u00ae Knives wype\u0142nia\u0142 no\u017ce pasj\u0105 i umiej\u0119tno\u015bciami, aby tworzy\u0107 niemal dzie\u0142a sztuki, kt\u00f3re s\u0105 szczytem funkcjonalno\u015bci.Wszystkie cz\u0119\u015bci s\u0105 produkowane w USA.<\/strong><br \/>\n<strong>Wszystkie no\u017ce Microtech obj\u0119te s\u0105 do\u017cywotni\u0105 gwarancj\u0105.<\/strong><\/p>\n<p><strong>Bezp\u0142atny transport.<\/strong><\/p>\n<\/div>\n<\/div>\n<\/div>\n","protected":false},"featured_media":309440,"comment_status":"open","ping_status":"closed","template":"","meta":[],"pwb-brand":[3279],"product_brand":[],"product_cat":[3296,3297],"product_tag":[3671],"class_list":{"0":"post-309428","1":"product","2":"type-product","3":"status-publish","4":"has-post-thumbnail","6":"pwb-brand-microtech-pl","7":"product_cat-noze-pl","8":"product_cat-solidne-noze","9":"product_tag-b2b-pl","11":"first","12":"instock","13":"taxable","14":"shipping-taxable","15":"purchasable","16":"product-type-simple"},"brands":[{"id":3279,"name":"Microtech","slug":"microtech-pl"}],"_links":{"self":[{"href":"https:\/\/www.moskito.cz\/pl\/wp-json\/wp\/v2\/product\/309428","targetHints":{"allow":["GET"]}}],"collection":[{"href":"https:\/\/www.moskito.cz\/pl\/wp-json\/wp\/v2\/product"}],"about":[{"href":"https:\/\/www.moskito.cz\/pl\/wp-json\/wp\/v2\/types\/product"}],"replies":[{"embeddable":true,"href":"https:\/\/www.moskito.cz\/pl\/wp-json\/wp\/v2\/comments?post=309428"}],"wp:featuredmedia":[{"embeddable":true,"href":"https:\/\/www.moskito.cz\/pl\/wp-json\/wp\/v2\/media\/309440"}],"wp:attachment":[{"href":"https:\/\/www.moskito.cz\/pl\/wp-json\/wp\/v2\/media?parent=309428"}],"wp:term":[{"taxonomy":"pwb-brand","embeddable":true,"href":"https:\/\/www.moskito.cz\/pl\/wp-json\/wp\/v2\/pwb-brand?post=309428"},{"taxonomy":"product_brand","embeddable":true,"href":"https:\/\/www.moskito.cz\/pl\/wp-json\/wp\/v2\/product_brand?post=309428"},{"taxonomy":"product_cat","embeddable":true,"href":"https:\/\/www.moskito.cz\/pl\/wp-json\/wp\/v2\/product_cat?post=309428"},{"taxonomy":"product_tag","embeddable":true,"href":"https:\/\/www.moskito.cz\/pl\/wp-json\/wp\/v2\/product_tag?post=309428"}],"curies":[{"name":"wp","href":"https:\/\/api.w.org\/{rel}","templated":true}]}}