{"id":309469,"date":"2023-08-11T16:36:02","date_gmt":"2024-02-06T15:04:05","guid":{"rendered":"https:\/\/www.moskito.cz\/produkt\/dlugopis-microtech-kyroh-403-ti-sptri\/"},"modified":"2025-05-07T11:00:51","modified_gmt":"2025-05-07T10:00:51","slug":"dlugopis-microtech-kyroh-403-ti-sptri","status":"publish","type":"product","link":"https:\/\/www.moskito.cz\/pl\/produkt\/dlugopis-microtech-kyroh-403-ti-sptri\/","title":{"rendered":"D\u0142ugopis Microtech Kyroh 403-TI-SPTRI"},"content":{"rendered":"<p>D\u0142ugopis <strong>Microtech<\/strong> Kyroh 403-TI-SPTRI<\/p>\n<p>Kyroh to zakr\u0119cany d\u0142ugopis, kt\u00f3ry obraca si\u0119 i blokuje w miejscu oraz umo\u017cliwia wymienne wk\u0142ady Fisher Space Pen. Pi\u00f3ro ma teksturowany uchwyt, niet\u0142uk\u0105ce si\u0119 szk\u0142o, solidny klips do kieszeni i wymienny wk\u0142ad atramentowy Fisher Space Pen. Kyroh z pewno\u015bci\u0105 b\u0119dzie solidnym dodatkiem do Twojego codziennego noszenia i jest dost\u0119pny w dw\u00f3ch rozmiarach \u2013 standardowym i mini. To pierwszy tego typu produkt, w kt\u00f3rym klips kieszonkowy pe\u0142ni funkcj\u0119 mechanizmu \u015brubowego i mamy nadziej\u0119, \u017ce nie ostatni.<br \/>\nDane techniczne<\/p>\n<p>D\u0142ugo\u015b\u0107 ca\u0142kowita: <span id=\"cwos\" class=\"qv3Wpe\">14,67<\/span> cm<br \/>\n\u015arednica: <span id=\"cwos\" class=\"qv3Wpe\">1,25<\/span> cm<br \/>\nMateria\u0142: tytan 6Al4V i w\u0142\u00f3kno w\u0119glowe<br \/>\nWyko\u0144czenie: \u015brutowane<br \/>\nKolor wk\u0142adu: z\u0142oty<br \/>\nW\u0142\u00f3\u017c nasadk\u0119 trytow\u0105<br \/>\nWaga: 1,8 uncji<\/p>\n<p><iframe title=\"Microtech Combat Troodon Torture Test\" width=\"800\" height=\"450\" src=\"https:\/\/www.youtube.com\/embed\/xE9TeOFYEjg?feature=oembed\" frameborder=\"0\" allow=\"accelerometer; autoplay; clipboard-write; encrypted-media; gyroscope; picture-in-picture; web-share\" allowfullscreen><\/iframe><\/p>\n<p>&nbsp;<\/p>\n<p>&nbsp;<\/p>\n","protected":false},"excerpt":{"rendered":"<p><strong>Standardowy d\u0142ugopis Microtech Kyroh Titanium z wkr\u0119canym klipsem kieszonkowym.<\/strong><\/p>\n<p>&nbsp;<\/p>\n","protected":false},"featured_media":309488,"comment_status":"open","ping_status":"closed","template":"","meta":[],"pwb-brand":[3279],"product_brand":[],"product_cat":[3296,3307],"product_tag":[3671],"class_list":{"0":"post-309469","1":"product","2":"type-product","3":"status-publish","4":"has-post-thumbnail","6":"pwb-brand-microtech-pl","7":"product_cat-noze-pl","8":"product_cat-zamykanie-nozy","9":"product_tag-b2b-pl","11":"first","12":"outofstock","13":"taxable","14":"shipping-taxable","15":"purchasable","16":"product-type-simple"},"brands":[{"id":3279,"name":"Microtech","slug":"microtech-pl"}],"_links":{"self":[{"href":"https:\/\/www.moskito.cz\/pl\/wp-json\/wp\/v2\/product\/309469","targetHints":{"allow":["GET"]}}],"collection":[{"href":"https:\/\/www.moskito.cz\/pl\/wp-json\/wp\/v2\/product"}],"about":[{"href":"https:\/\/www.moskito.cz\/pl\/wp-json\/wp\/v2\/types\/product"}],"replies":[{"embeddable":true,"href":"https:\/\/www.moskito.cz\/pl\/wp-json\/wp\/v2\/comments?post=309469"}],"wp:featuredmedia":[{"embeddable":true,"href":"https:\/\/www.moskito.cz\/pl\/wp-json\/wp\/v2\/media\/309488"}],"wp:attachment":[{"href":"https:\/\/www.moskito.cz\/pl\/wp-json\/wp\/v2\/media?parent=309469"}],"wp:term":[{"taxonomy":"pwb-brand","embeddable":true,"href":"https:\/\/www.moskito.cz\/pl\/wp-json\/wp\/v2\/pwb-brand?post=309469"},{"taxonomy":"product_brand","embeddable":true,"href":"https:\/\/www.moskito.cz\/pl\/wp-json\/wp\/v2\/product_brand?post=309469"},{"taxonomy":"product_cat","embeddable":true,"href":"https:\/\/www.moskito.cz\/pl\/wp-json\/wp\/v2\/product_cat?post=309469"},{"taxonomy":"product_tag","embeddable":true,"href":"https:\/\/www.moskito.cz\/pl\/wp-json\/wp\/v2\/product_tag?post=309469"}],"curies":[{"name":"wp","href":"https:\/\/api.w.org\/{rel}","templated":true}]}}