{"id":309514,"date":"2023-07-06T16:14:05","date_gmt":"2024-02-06T15:04:08","guid":{"rendered":"https:\/\/www.moskito.cz\/produkt\/naprawiono-noz-microtech-arbiter-apocalyptic-double-edge-104-10\/"},"modified":"2025-05-07T11:00:52","modified_gmt":"2025-05-07T10:00:52","slug":"naprawiono-noz-microtech-arbiter-apocalyptic-double-edge-104-10","status":"publish","type":"product","link":"https:\/\/www.moskito.cz\/pl\/produkt\/naprawiono-noz-microtech-arbiter-apocalyptic-double-edge-104-10\/","title":{"rendered":"Naprawiono n\u00f3\u017c Microtech Arbiter Apocalyptic Double Edge 104-10"},"content":{"rendered":"<p>Naprawiono n\u00f3\u017c <strong>Microtech<\/strong> Arbiter Apocalyptic Double Edge 104-10<\/p>\n<p>Koncepcja Arbitera zosta\u0142a pierwotnie zaprojektowana przez Adama Marfione w 2012 roku. Firma Microtech jest podekscytowana mo\u017cliwo\u015bci\u0105 wprowadzenia tego elementu do produkcji, gdy Adam zaczyna wy\u0142ania\u0107 si\u0119 jako bardziej integralna cz\u0119\u015b\u0107 ich zespo\u0142u. Wcze\u015bniej dost\u0119pny tylko jako n\u00f3\u017c niestandardowy, Arbiter jest wyposa\u017cony w klipsowane ostrze typu bowie o d\u0142ugo\u015bci 23 cm z elegancko zakrzywion\u0105 kraw\u0119dzi\u0105 g\u0142\u00f3wn\u0105 i dodatkow\u0105 g\u00f3rn\u0105 kraw\u0119dzi\u0105. Obydwa zbiegaj\u0105 si\u0119 w podniesiony kolec o niszczycielskiej mocy penetracji. Skale G10 maj\u0105 krzy\u017cuj\u0105c\u0105 si\u0119 tekstur\u0119 i rowki wzd\u0142u\u017c kraw\u0119dzi r\u0119koje\u015bci, kt\u00f3re zapewniaj\u0105 imponuj\u0105cy chwyt i tworz\u0105 idealn\u0105 harmoni\u0119 mi\u0119dzy u\u017cytkownikiem a narz\u0119dziem.Arbiter jest wyposa\u017cony w w\u0142asny system no\u015bny przymocowany do formowanej kompozytowej obudowy.<br \/>\nDane techniczne<\/p>\n<p>D\u0142ugo\u015b\u0107 ostrza: 23 cm<br \/>\nStal: M390<br \/>\nD\u0142ugo\u015b\u0107 ca\u0142kowita: 35 cm<br \/>\nMateria\u0142 skorupy: Zestaw kompozytowy z w\u0142asnym systemem no\u015bnym<br \/>\nMateria\u0142 r\u0119koje\u015bci: Kompozyt G10\/FR4<br \/>\nWaga: 18 uncji<br \/>\nWykonane w USA<\/p>\n<p><iframe title=\"Microtech Combat Troodon Torture Test\" width=\"800\" height=\"450\" src=\"https:\/\/www.youtube.com\/embed\/xE9TeOFYEjg?feature=oembed\" frameborder=\"0\" allow=\"accelerometer; autoplay; clipboard-write; encrypted-media; gyroscope; picture-in-picture; web-share\" allowfullscreen><\/iframe><\/p>\n<p>&nbsp;<\/p>\n<p>&nbsp;<\/p>\n","protected":false},"excerpt":{"rendered":"<p><strong>Przez lata Microtech\u00ae Knives wype\u0142nia\u0142 no\u017ce pasj\u0105 i umiej\u0119tno\u015bciami, aby tworzy\u0107 niemal dzie\u0142a sztuki, kt\u00f3re s\u0105 szczytem funkcjonalno\u015bci.Wszystkie cz\u0119\u015bci s\u0105 produkowane w USA.<\/strong><br \/>\n<strong>Wszystkie no\u017ce Microtech obj\u0119te s\u0105 do\u017cywotni\u0105 gwarancj\u0105.<\/strong><\/p>\n<p><strong>Bezp\u0142atny transport.<\/strong><\/p>\n","protected":false},"featured_media":309537,"comment_status":"open","ping_status":"closed","template":"","meta":[],"pwb-brand":[3279],"product_brand":[],"product_cat":[3296,3297],"product_tag":[3671],"class_list":{"0":"post-309514","1":"product","2":"type-product","3":"status-publish","4":"has-post-thumbnail","6":"pwb-brand-microtech-pl","7":"product_cat-noze-pl","8":"product_cat-solidne-noze","9":"product_tag-b2b-pl","11":"first","12":"outofstock","13":"taxable","14":"shipping-taxable","15":"purchasable","16":"product-type-simple"},"brands":[{"id":3279,"name":"Microtech","slug":"microtech-pl"}],"_links":{"self":[{"href":"https:\/\/www.moskito.cz\/pl\/wp-json\/wp\/v2\/product\/309514","targetHints":{"allow":["GET"]}}],"collection":[{"href":"https:\/\/www.moskito.cz\/pl\/wp-json\/wp\/v2\/product"}],"about":[{"href":"https:\/\/www.moskito.cz\/pl\/wp-json\/wp\/v2\/types\/product"}],"replies":[{"embeddable":true,"href":"https:\/\/www.moskito.cz\/pl\/wp-json\/wp\/v2\/comments?post=309514"}],"wp:featuredmedia":[{"embeddable":true,"href":"https:\/\/www.moskito.cz\/pl\/wp-json\/wp\/v2\/media\/309537"}],"wp:attachment":[{"href":"https:\/\/www.moskito.cz\/pl\/wp-json\/wp\/v2\/media?parent=309514"}],"wp:term":[{"taxonomy":"pwb-brand","embeddable":true,"href":"https:\/\/www.moskito.cz\/pl\/wp-json\/wp\/v2\/pwb-brand?post=309514"},{"taxonomy":"product_brand","embeddable":true,"href":"https:\/\/www.moskito.cz\/pl\/wp-json\/wp\/v2\/product_brand?post=309514"},{"taxonomy":"product_cat","embeddable":true,"href":"https:\/\/www.moskito.cz\/pl\/wp-json\/wp\/v2\/product_cat?post=309514"},{"taxonomy":"product_tag","embeddable":true,"href":"https:\/\/www.moskito.cz\/pl\/wp-json\/wp\/v2\/product_tag?post=309514"}],"curies":[{"name":"wp","href":"https:\/\/api.w.org\/{rel}","templated":true}]}}