{"id":309545,"date":"2023-07-09T10:35:40","date_gmt":"2024-02-06T15:04:09","guid":{"rendered":"https:\/\/www.moskito.cz\/produkt\/noz-skladany-heretic-knives-manticore-e-bounty-hunter-h027-8a-bounty\/"},"modified":"2025-05-07T11:00:53","modified_gmt":"2025-05-07T10:00:53","slug":"noz-skladany-heretic-knives-manticore-e-bounty-hunter-h027-8a-bounty","status":"publish","type":"product","link":"https:\/\/www.moskito.cz\/pl\/produkt\/noz-skladany-heretic-knives-manticore-e-bounty-hunter-h027-8a-bounty\/","title":{"rendered":"N\u00f3\u017c sk\u0142adany Heretic Knives Manticore E Bounty Hunter H027-8A-BOUNTY"},"content":{"rendered":"<p>N\u00f3\u017c sk\u0142adany <strong>Heretic<\/strong> Knives Manticore E Bounty Hunter H027-8A-BOUNTY<\/p>\n<p>Manticore E firmy <strong>Heretic Knives<\/strong> nale\u017cy do gamy Manticore i ma rozmiary mieszcz\u0105ce si\u0119 pomi\u0119dzy modelami S i X. Model E nie tylko zapewnia rodzinie ma\u0142y skr\u00f3t do tasaka, ale jest tak\u017ce idealnym rozmiarem dla wi\u0119kszo\u015bci z nas, na r\u00f3wni z s\u0142ynny Microtech Ultratech. N\u00f3\u017c ten zosta\u0142 w 100% wykonany i zmontowany w USA i jest obj\u0119ty do\u017cywotni\u0105 gwarancj\u0105, wi\u0119c mo\u017cesz mie\u0107 pewno\u015b\u0107, \u017ce ten OTF b\u0119dzie Ci s\u0142u\u017cy\u0142. Charakteryzuje si\u0119 jedwabi\u015bcie g\u0142adkim dopasowaniem i \u015bci\u0105ganiem jedn\u0105 r\u0119k\u0105, co jest standardem w ca\u0142ej gamie Manticore. Wariant E ma idealne trzycalowe ostrze, zintegrowany otw\u00f3r na smycz, element do t\u0142uczenia szk\u0142a ze stali hartowanej i g\u0142\u0119bok\u0105 klamr\u0119. Jego smuk\u0142y profil i lekko\u015b\u0107 sprawiaj\u0105, \u017ce mo\u017cna go \u0142atwo nosi\u0107 pod r\u0119k\u0105 i by\u0107 gotowym w ka\u017cdej chwili. Akcja wci\u0105ga, ergonomia jest na w\u0142a\u015bciwym poziomie, a jako\u015b\u0107 wykonania jest na najwy\u017cszym poziomie. Nie b\u0119dziesz rozczarowany.<br \/>\nDane techniczne<\/p>\n<p>D\u0142ugo\u015b\u0107 ostrza: <span id=\"cwos\" class=\"qv3Wpe\">7,62<\/span> cm<br \/>\nD\u0142ugo\u015b\u0107 po zamkni\u0119ciu: <span id=\"cwos\" class=\"qv3Wpe\">11,75<\/span> cm<br \/>\nD\u0142ugo\u015b\u0107 ca\u0142kowita: <span id=\"cwos\" class=\"qv3Wpe\">19,37<\/span> cm<br \/>\nMateria\u0142 ostrza: Stal nierdzewna CPM-MagnaCut<br \/>\nGrubo\u015b\u0107 ostrza: 0,31 cm<br \/>\nStyl ostrza: Tanto<br \/>\nSzlif ostrza: p\u0142aski<br \/>\nWyko\u0144czenie ostrza: Battle Black<br \/>\nMateria\u0142 r\u0119koje\u015bci: zielone aluminium z wierzchni\u0105 cz\u0119\u015bci\u0105 CamoCarbon<br \/>\nGrubo\u015b\u0107 r\u0119koje\u015bci: 0,47&#8243;<br \/>\nMechanizm blokuj\u0105cy: przesuwny<br \/>\nKieszonkowy klips: Battle Red Titanium (sk\u0142adany, prawy noszony)<br \/>\nWaga: 3,30 uncji<br \/>\nProjektant: Tony Marfione Jr.<br \/>\nWykonane w USA<\/p>\n<p><iframe title=\"Microtech Combat Troodon Torture Test\" width=\"800\" height=\"450\" src=\"https:\/\/www.youtube.com\/embed\/xE9TeOFYEjg?feature=oembed\" frameborder=\"0\" allow=\"accelerometer; autoplay; clipboard-write; encrypted-media; gyroscope; picture-in-picture; web-share\" allowfullscreen><\/iframe><\/p>\n<p>&nbsp;<\/p>\n<p>&nbsp;<\/p>\n","protected":false},"excerpt":{"rendered":"<p>Manticore E firmy Heretic Knives nale\u017cy do gamy Manticore, a jej rozmiary mieszcz\u0105 si\u0119 pomi\u0119dzy modelami S i X.<\/p>\n","protected":false},"featured_media":309557,"comment_status":"open","ping_status":"closed","template":"","meta":[],"pwb-brand":[3664],"product_brand":[],"product_cat":[3296,3344],"product_tag":[3671],"class_list":{"0":"post-309545","1":"product","2":"type-product","3":"status-publish","4":"has-post-thumbnail","6":"pwb-brand-heretyckie-noze","7":"product_cat-noze-pl","8":"product_cat-noze-strzeleckie","9":"product_tag-b2b-pl","11":"first","12":"instock","13":"taxable","14":"shipping-taxable","15":"purchasable","16":"product-type-simple"},"brands":[{"id":3664,"name":"Heretyckie no\u017ce","slug":"heretyckie-noze"}],"_links":{"self":[{"href":"https:\/\/www.moskito.cz\/pl\/wp-json\/wp\/v2\/product\/309545","targetHints":{"allow":["GET"]}}],"collection":[{"href":"https:\/\/www.moskito.cz\/pl\/wp-json\/wp\/v2\/product"}],"about":[{"href":"https:\/\/www.moskito.cz\/pl\/wp-json\/wp\/v2\/types\/product"}],"replies":[{"embeddable":true,"href":"https:\/\/www.moskito.cz\/pl\/wp-json\/wp\/v2\/comments?post=309545"}],"wp:featuredmedia":[{"embeddable":true,"href":"https:\/\/www.moskito.cz\/pl\/wp-json\/wp\/v2\/media\/309557"}],"wp:attachment":[{"href":"https:\/\/www.moskito.cz\/pl\/wp-json\/wp\/v2\/media?parent=309545"}],"wp:term":[{"taxonomy":"pwb-brand","embeddable":true,"href":"https:\/\/www.moskito.cz\/pl\/wp-json\/wp\/v2\/pwb-brand?post=309545"},{"taxonomy":"product_brand","embeddable":true,"href":"https:\/\/www.moskito.cz\/pl\/wp-json\/wp\/v2\/product_brand?post=309545"},{"taxonomy":"product_cat","embeddable":true,"href":"https:\/\/www.moskito.cz\/pl\/wp-json\/wp\/v2\/product_cat?post=309545"},{"taxonomy":"product_tag","embeddable":true,"href":"https:\/\/www.moskito.cz\/pl\/wp-json\/wp\/v2\/product_tag?post=309545"}],"curies":[{"name":"wp","href":"https:\/\/api.w.org\/{rel}","templated":true}]}}