{"id":309555,"date":"2023-07-05T21:19:26","date_gmt":"2024-02-06T15:04:10","guid":{"rendered":"https:\/\/www.moskito.cz\/produkt\/noz-mysliwski-microtech-ultratech-signature-spartan-ultratec-bronze-apocalyptic-123-13mls\/"},"modified":"2025-05-07T11:00:54","modified_gmt":"2025-05-07T10:00:54","slug":"noz-mysliwski-microtech-ultratech-signature-spartan-ultratec-bronze-apocalyptic-123-13mls","status":"publish","type":"product","link":"https:\/\/www.moskito.cz\/pl\/produkt\/noz-mysliwski-microtech-ultratech-signature-spartan-ultratec-bronze-apocalyptic-123-13mls\/","title":{"rendered":"N\u00f3\u017c my\u015bliwski Microtech Ultratech Signature Spartan Ultratec Bronze Apocalyptic 123-13MLS"},"content":{"rendered":"<p>N\u00f3\u017c my\u015bliwski <strong>Microtech<\/strong> Ultratech Signature Spartan Ultratec Bronze Apocalyptic 123-13MLS<\/p>\n<p>Ultratech na zawsze wyznaczy standardy dla wszystkich no\u017cy przednich. Ultratech jest oryginalnym no\u017cem przednim o podw\u00f3jnym dzia\u0142aniu firmy Microtech i by\u0142 podstaw\u0105 ca\u0142ej linii OTF. Na przestrzeni lat przeszed\u0142 kilka modyfikacji, z kt\u00f3rych ka\u017cda sta\u0142a si\u0119 bardziej wydajna i niezawodna. Ta wersja ma ulepszon\u0105 tekstur\u0119 z trzema uchwytami na suwaku kciuka, co zapewnia bardziej pozytywny zakup, oraz br\u0105zowe elementy konstrukcyjne zapewniaj\u0105ce \u0142adny kontrast. Przeno\u015bne aluminiowe uchwyty przedstawiaj\u0105 lew\u0105 po\u0142ow\u0119 sparta\u0144skiego he\u0142mu z greckim cytatem \u201eMolon Labe\u201d rozs\u0142awionym przez kr\u00f3la Leonidasa pod Termopilami na apokaliptycznym ostrzu tanto z br\u0105zu, co oznacza \u201eprzyjd\u017a i we\u017a\u201d. Spr\u0119\u017cyna Ultratech pozostaje przez ca\u0142y czas w pozycji \u201espoczynkowej\u201d, chyba \u017ce jest rozci\u0105gni\u0119ta. Dzi\u0119ki temu \u015bci\u015bni\u0119ta spr\u0119\u017cyna nie m\u0119czy si\u0119, co daje pewno\u015b\u0107 u\u017cytkownikom, \u017ce n\u00f3\u017c po oddaniu strza\u0142u b\u0119dzie dzia\u0142a\u0142 skutecznie. Lekka waga, otwieranie i zamykanie jedn\u0105 r\u0119k\u0105, smuk\u0142y kszta\u0142t i ostre jak skalpel ostrze sprawiaj\u0105, \u017ce jest to wyj\u0105tkowy n\u00f3\u017c dost\u0119pny tylko w <strong>firmie Microtech<\/strong> . N\u00f3\u017c ten wielokrotnie udowodni\u0142, \u017ce jest w stanie pokona\u0107 ka\u017cd\u0105 przeszkod\u0119 i wkr\u00f3tce b\u0119dzie szuka\u0142 drugiej po\u0142owy tego zestawu z dwoma ostrzami.<\/p>\n<p>Dane techniczne<br \/>\nAutomatyczne otwieranie\/zamykanie \u2013 otwieranie frontu<br \/>\nAkcja: Podw\u00f3jna akcja \u2013 automatyczny ogie\u0144\/wycofanie<br \/>\nStal: M390<br \/>\nD\u0142ugo\u015b\u0107 ostrza: 9 cm<br \/>\nStyl ostrza: Tanto z pojedyncz\u0105 kraw\u0119dzi\u0105, br\u0105zowy apokaliptyczny<br \/>\nGrubo\u015b\u0107 r\u0105czki: 1,6 cm<br \/>\nMateria\u0142 r\u0119koje\u015bci: aluminium 6061-T6 z czarn\u0105 anodowan\u0105 tward\u0105 pow\u0142ok\u0105 Mil-Spec<br \/>\nD\u0142ugo\u015b\u0107 po zamkni\u0119ciu: 12,1 cm<br \/>\nD\u0142ugo\u015b\u0107 w stanie otwartym: 21 cm<br \/>\nMateria\u0142 klipsa kieszeniowego: stal nierdzewna 301<br \/>\nStandardowa cholewka: stop 6061-T6 AL<br \/>\nSpust: stal nierdzewna 303<br \/>\nRozbijacz okien<br \/>\nWykonane w USA<\/p>\n<p><iframe title=\"Microtech Combat Troodon Torture Test\" width=\"800\" height=\"450\" src=\"https:\/\/www.youtube.com\/embed\/xE9TeOFYEjg?feature=oembed\" frameborder=\"0\" allow=\"accelerometer; autoplay; clipboard-write; encrypted-media; gyroscope; picture-in-picture; web-share\" allowfullscreen><\/iframe><\/p>\n<p>&nbsp;<\/p>\n","protected":false},"excerpt":{"rendered":"<p>Przez lata <strong>firma Microtech\u00ae Knives<\/strong> wype\u0142nia\u0142a no\u017ce pasj\u0105 i umiej\u0119tno\u015bciami, aby tworzy\u0107 niemal dzie\u0142a sztuki, kt\u00f3re s\u0105 szczytem funkcjonalno\u015bci.Wszystkie cz\u0119\u015bci s\u0105 produkowane w USA.<br \/>\n<strong>Wszystkie no\u017ce Microtech obj\u0119te s\u0105 do\u017cywotni\u0105 gwarancj\u0105.<\/strong><\/p>\n<p><strong>Bezp\u0142atny transport.<\/strong><\/p>\n","protected":false},"featured_media":309573,"comment_status":"open","ping_status":"closed","template":"","meta":[],"pwb-brand":[3279],"product_brand":[],"product_cat":[3296,3344],"product_tag":[3671],"class_list":{"0":"post-309555","1":"product","2":"type-product","3":"status-publish","4":"has-post-thumbnail","6":"pwb-brand-microtech-pl","7":"product_cat-noze-pl","8":"product_cat-noze-strzeleckie","9":"product_tag-b2b-pl","11":"first","12":"outofstock","13":"taxable","14":"shipping-taxable","15":"purchasable","16":"product-type-simple"},"brands":[{"id":3279,"name":"Microtech","slug":"microtech-pl"}],"_links":{"self":[{"href":"https:\/\/www.moskito.cz\/pl\/wp-json\/wp\/v2\/product\/309555","targetHints":{"allow":["GET"]}}],"collection":[{"href":"https:\/\/www.moskito.cz\/pl\/wp-json\/wp\/v2\/product"}],"about":[{"href":"https:\/\/www.moskito.cz\/pl\/wp-json\/wp\/v2\/types\/product"}],"replies":[{"embeddable":true,"href":"https:\/\/www.moskito.cz\/pl\/wp-json\/wp\/v2\/comments?post=309555"}],"wp:featuredmedia":[{"embeddable":true,"href":"https:\/\/www.moskito.cz\/pl\/wp-json\/wp\/v2\/media\/309573"}],"wp:attachment":[{"href":"https:\/\/www.moskito.cz\/pl\/wp-json\/wp\/v2\/media?parent=309555"}],"wp:term":[{"taxonomy":"pwb-brand","embeddable":true,"href":"https:\/\/www.moskito.cz\/pl\/wp-json\/wp\/v2\/pwb-brand?post=309555"},{"taxonomy":"product_brand","embeddable":true,"href":"https:\/\/www.moskito.cz\/pl\/wp-json\/wp\/v2\/product_brand?post=309555"},{"taxonomy":"product_cat","embeddable":true,"href":"https:\/\/www.moskito.cz\/pl\/wp-json\/wp\/v2\/product_cat?post=309555"},{"taxonomy":"product_tag","embeddable":true,"href":"https:\/\/www.moskito.cz\/pl\/wp-json\/wp\/v2\/product_tag?post=309555"}],"curies":[{"name":"wp","href":"https:\/\/api.w.org\/{rel}","templated":true}]}}