{"id":309668,"date":"2023-05-06T21:06:56","date_gmt":"2024-02-06T15:04:52","guid":{"rendered":"https:\/\/www.moskito.cz\/produkt\/noz-strzelecki-microtech-ultratech-satin-red-121-5rd\/"},"modified":"2025-05-07T11:00:57","modified_gmt":"2025-05-07T10:00:57","slug":"noz-strzelecki-microtech-ultratech-satin-red-121-5rd","status":"publish","type":"product","link":"https:\/\/www.moskito.cz\/pl\/produkt\/noz-strzelecki-microtech-ultratech-satin-red-121-5rd\/","title":{"rendered":"N\u00f3\u017c strzelecki Microtech Ultratech Satin Red 121-5RD"},"content":{"rendered":"<p>N\u00f3\u017c strzelecki <strong>Microtech<\/strong> Ultratech Satin Red 121-5RD<\/p>\n<p>Jako flagowy model gamy <strong>Microtech\u00ae<\/strong> OTF <strong>, Ultratech\u00ae<\/strong> wyznacza standardy technologii Out-The-Front. Opatentowana konstrukcja pozwala na zatrzymanie spr\u0119\u017cyny spustowej zar\u00f3wno w pozycji otwartej, jak i zamkni\u0119tej, co znacznie zmniejsza zu\u017cycie wewn\u0119trznych mechanizm\u00f3w spustowych. Formowany uchwyt podwozia zapewnia l\u017cejsz\u0105 i bardziej ergonomiczn\u0105 konstrukcj\u0119 oraz ma g\u0142adk\u0105, p\u0142ask\u0105 powierzchni\u0119.<\/p>\n<p>D\u0142ugo\u015b\u0107 ostrza: 8,37 cm<\/p>\n<p>Stal ostrza: M390<\/p>\n<p>D\u0142ugo\u015b\u0107 ca\u0142kowita: 21 cm<\/p>\n<p>Materia\u0142 r\u0119koje\u015bci: najwy\u017cszej jako\u015bci aluminium lotnicze 6061 T6<\/p>\n<p>Waga: 3,5 uncji<\/p>\n<p>&nbsp;<\/p>\n<p>&nbsp;<\/p>\n","protected":false},"excerpt":{"rendered":"<p>Przez lata <strong>Microtech\u00ae<\/strong> Knives wype\u0142nia\u0142 no\u017ce pasj\u0105 i umiej\u0119tno\u015bciami, aby tworzy\u0107 niemal dzie\u0142a sztuki, kt\u00f3re s\u0105 szczytem funkcjonalno\u015bci.Wszystkie cz\u0119\u015bci s\u0105 produkowane w USA.<br \/>\n<strong>Wszystkie no\u017ce Microtech obj\u0119te s\u0105 do\u017cywotni\u0105 gwarancj\u0105.<\/strong><\/p>\n<p><strong>Bezp\u0142atny transport.<\/strong><\/p>\n","protected":false},"featured_media":347411,"comment_status":"open","ping_status":"closed","template":"","meta":[],"pwb-brand":[3279],"product_brand":[],"product_cat":[3296,3344],"product_tag":[3671],"class_list":{"0":"post-309668","1":"product","2":"type-product","3":"status-publish","4":"has-post-thumbnail","6":"pwb-brand-microtech-pl","7":"product_cat-noze-pl","8":"product_cat-noze-strzeleckie","9":"product_tag-b2b-pl","11":"first","12":"outofstock","13":"taxable","14":"shipping-taxable","15":"purchasable","16":"product-type-simple"},"brands":[{"id":3279,"name":"Microtech","slug":"microtech-pl"}],"_links":{"self":[{"href":"https:\/\/www.moskito.cz\/pl\/wp-json\/wp\/v2\/product\/309668","targetHints":{"allow":["GET"]}}],"collection":[{"href":"https:\/\/www.moskito.cz\/pl\/wp-json\/wp\/v2\/product"}],"about":[{"href":"https:\/\/www.moskito.cz\/pl\/wp-json\/wp\/v2\/types\/product"}],"replies":[{"embeddable":true,"href":"https:\/\/www.moskito.cz\/pl\/wp-json\/wp\/v2\/comments?post=309668"}],"wp:featuredmedia":[{"embeddable":true,"href":"https:\/\/www.moskito.cz\/pl\/wp-json\/wp\/v2\/media\/347411"}],"wp:attachment":[{"href":"https:\/\/www.moskito.cz\/pl\/wp-json\/wp\/v2\/media?parent=309668"}],"wp:term":[{"taxonomy":"pwb-brand","embeddable":true,"href":"https:\/\/www.moskito.cz\/pl\/wp-json\/wp\/v2\/pwb-brand?post=309668"},{"taxonomy":"product_brand","embeddable":true,"href":"https:\/\/www.moskito.cz\/pl\/wp-json\/wp\/v2\/product_brand?post=309668"},{"taxonomy":"product_cat","embeddable":true,"href":"https:\/\/www.moskito.cz\/pl\/wp-json\/wp\/v2\/product_cat?post=309668"},{"taxonomy":"product_tag","embeddable":true,"href":"https:\/\/www.moskito.cz\/pl\/wp-json\/wp\/v2\/product_tag?post=309668"}],"curies":[{"name":"wp","href":"https:\/\/api.w.org\/{rel}","templated":true}]}}