{"id":309722,"date":"2023-06-08T20:34:47","date_gmt":"2024-02-06T15:04:55","guid":{"rendered":"https:\/\/www.moskito.cz\/produkt\/noz-strzelecki-microtech-signature-series-daytona-stonewashed-126-10bis\/"},"modified":"2025-05-07T11:00:59","modified_gmt":"2025-05-07T10:00:59","slug":"noz-strzelecki-microtech-signature-series-daytona-stonewashed-126-10bis","status":"publish","type":"product","link":"https:\/\/www.moskito.cz\/pl\/produkt\/noz-strzelecki-microtech-signature-series-daytona-stonewashed-126-10bis\/","title":{"rendered":"N\u00f3\u017c strzelecki Microtech Signature Series Daytona Stonewashed 126-10BIS"},"content":{"rendered":"<p>N\u00f3\u017c strzelecki <strong>Microtech<\/strong> Signature Series Daytona Stonewashed 126-10BIS<\/p>\n<p>Automatyczny n\u00f3\u017c <strong>Microtech Daytona<\/strong> Out-the-Front by\u0142 gwiazd\u0105 linii Microtech Knives w 2009 roku i okaza\u0142 si\u0119 popularnym produktem, gdy by\u0142 dost\u0119pny. Przy wielko\u015bci 85% Microtech Ultratech, Microtech Daytona jest wykonany z tych samych materia\u0142\u00f3w, na tych samych maszynach i z t\u0105 sam\u0105 pomys\u0142owo\u015bci\u0105, co jego poprzednik. R\u00f3\u017cne uchwyty dodaj\u0105 temu no\u017cowi wystarczaj\u0105cego stylu. <strong>Microtech Daytona<\/strong> to idealny n\u00f3\u017c na ka\u017cd\u0105 sytuacj\u0119, bez wzgl\u0119du na zadanie, idealnie pasuje do Twojego stylu \u017cycia. Dzi\u0119ki szybkiemu otwieraniu i zamykaniu jedn\u0105 r\u0119k\u0105, wykonuje t\u0119 prac\u0119 w ci\u0105gu kilku sekund.<\/p>\n<p>Dane techniczne:<br \/>\nD\u0142ugo\u015b\u0107 ostrza: 8 cm<br \/>\nD\u0142ugo\u015b\u0107 po zamkni\u0119ciu: 11,25 cm<br \/>\nD\u0142ugo\u015b\u0107 ca\u0142kowita: 19 cm<br \/>\nStal: M390<br \/>\nGrubo\u015b\u0107 ostrza: 0,31 cm<br \/>\nStyl ostrza: sztylet o podw\u00f3jnym ostrzu<br \/>\nSzlif ostrza: p\u0142aski<br \/>\nObr\u00f3bka powierzchni ostrza: Stonewash<br \/>\nMateria\u0142 r\u0119koje\u015bci: czarne aluminium z b\u0105belkowymi wstawkami z tytanu<br \/>\nGrubo\u015b\u0107 r\u0119koje\u015bci: 0,565&#8243;<br \/>\nMechanizm blokuj\u0105cy: przesuwny<br \/>\nKieszonkowy klips: stal nierdzewna (sk\u0142adany, noszony w prawo\/lewo)<br \/>\nWaga: 3,53 uncji<br \/>\nProjektant: Tony Marfione<br \/>\nWykonane w USA<\/p>\n","protected":false},"excerpt":{"rendered":"<p>Przez lata <strong>Microtech\u00ae Knives<\/strong> wype\u0142nia\u0142 no\u017ce pasj\u0105 i umiej\u0119tno\u015bciami, aby stworzy\u0107 niemal dzie\u0142a sztuki, kt\u00f3re s\u0105 szczytem funkcjonalno\u015bci.Wszystkie cz\u0119\u015bci s\u0105 produkowane w USA.<br \/>\n<strong>Wszystkie no\u017ce Microtech obj\u0119te s\u0105 do\u017cywotni\u0105 gwarancj\u0105.<\/strong><\/p>\n<p><strong>Bezp\u0142atny transport<\/strong><\/p>\n","protected":false},"featured_media":309732,"comment_status":"open","ping_status":"closed","template":"","meta":[],"pwb-brand":[3279],"product_brand":[],"product_cat":[3296,3344],"product_tag":[3671],"class_list":{"0":"post-309722","1":"product","2":"type-product","3":"status-publish","4":"has-post-thumbnail","6":"pwb-brand-microtech-pl","7":"product_cat-noze-pl","8":"product_cat-noze-strzeleckie","9":"product_tag-b2b-pl","11":"first","12":"instock","13":"taxable","14":"shipping-taxable","15":"purchasable","16":"product-type-simple"},"brands":[{"id":3279,"name":"Microtech","slug":"microtech-pl"}],"_links":{"self":[{"href":"https:\/\/www.moskito.cz\/pl\/wp-json\/wp\/v2\/product\/309722","targetHints":{"allow":["GET"]}}],"collection":[{"href":"https:\/\/www.moskito.cz\/pl\/wp-json\/wp\/v2\/product"}],"about":[{"href":"https:\/\/www.moskito.cz\/pl\/wp-json\/wp\/v2\/types\/product"}],"replies":[{"embeddable":true,"href":"https:\/\/www.moskito.cz\/pl\/wp-json\/wp\/v2\/comments?post=309722"}],"wp:featuredmedia":[{"embeddable":true,"href":"https:\/\/www.moskito.cz\/pl\/wp-json\/wp\/v2\/media\/309732"}],"wp:attachment":[{"href":"https:\/\/www.moskito.cz\/pl\/wp-json\/wp\/v2\/media?parent=309722"}],"wp:term":[{"taxonomy":"pwb-brand","embeddable":true,"href":"https:\/\/www.moskito.cz\/pl\/wp-json\/wp\/v2\/pwb-brand?post=309722"},{"taxonomy":"product_brand","embeddable":true,"href":"https:\/\/www.moskito.cz\/pl\/wp-json\/wp\/v2\/product_brand?post=309722"},{"taxonomy":"product_cat","embeddable":true,"href":"https:\/\/www.moskito.cz\/pl\/wp-json\/wp\/v2\/product_cat?post=309722"},{"taxonomy":"product_tag","embeddable":true,"href":"https:\/\/www.moskito.cz\/pl\/wp-json\/wp\/v2\/product_tag?post=309722"}],"curies":[{"name":"wp","href":"https:\/\/api.w.org\/{rel}","templated":true}]}}