{"id":309731,"date":"2023-06-08T13:44:36","date_gmt":"2024-02-06T15:04:56","guid":{"rendered":"https:\/\/www.moskito.cz\/produkt\/noz-strzelecki-microtech-ultratech-apocalyptic-121-10apbl\/"},"modified":"2025-05-07T11:00:59","modified_gmt":"2025-05-07T10:00:59","slug":"noz-strzelecki-microtech-ultratech-apocalyptic-121-10apbl","status":"publish","type":"product","link":"https:\/\/www.moskito.cz\/pl\/produkt\/noz-strzelecki-microtech-ultratech-apocalyptic-121-10apbl\/","title":{"rendered":"N\u00f3\u017c strzelecki Microtech Ultratech Apocalyptic 121-10APBL"},"content":{"rendered":"<p>N\u00f3\u017c strzelecki <strong>Microtech<\/strong> Ultratech Apocalyptic 121-10APBL<\/p>\n<p>Ultratech na zawsze wyznaczy standardy dla wszystkich no\u017cy przednich. Ultratech to oryginalny n\u00f3\u017c przedni o podw\u00f3jnym dzia\u0142aniu firmy Microtech, kt\u00f3ry sta\u0142 si\u0119 podstaw\u0105 ca\u0142ej naszej linii OTF. Na przestrzeni lat przeszed\u0142 kilka modyfikacji, za ka\u017cdym razem staj\u0105c si\u0119 coraz bardziej wydajny i niezawodny. Spr\u0119\u017cyna Ultratech pozostaje przez ca\u0142y czas w pozycji \u201espoczynkowej\u201d, chyba \u017ce jest rozci\u0105gni\u0119ta. Dzi\u0119ki temu \u015bci\u015bni\u0119ta spr\u0119\u017cyna nie ulega zm\u0119czeniu, co daje pewno\u015b\u0107 u\u017cytkownikom, \u017ce n\u00f3\u017c po oddaniu strza\u0142u b\u0119dzie dzia\u0142a\u0142 skutecznie. Ultratech mo\u017ce przybiera\u0107 wiele r\u00f3\u017cnych form; mo\u017cna wyko\u0144czy\u0107 standardow\u0105 r\u0119koje\u015bci\u0105 z aluminium lub w\u0142\u00f3kna w\u0119glowego. Lekki n\u00f3\u017c Ultratech umo\u017cliwia otwieranie i zamykanie jedn\u0105 r\u0119k\u0105, smuk\u0142y kszta\u0142t i ostre jak skalpel ostrze, co czyni go wyj\u0105tkowym no\u017cem dost\u0119pnym wy\u0142\u0105cznie w firmie Microtech. N\u00f3\u017c ten wielokrotnie udowodni\u0142, \u017ce jest w stanie pokona\u0107 ka\u017cd\u0105 przeszkod\u0119. Czas poka\u017ce, jaki b\u0119dzie kolejny krok w przypadku linii Ultratech.<br \/>\nDane techniczne:<\/p>\n<p>Automatyczne otwieranie\/zamykanie \u2013 otwieranie frontu<br \/>\nAkcja: Podw\u00f3jna akcja \u2013 automatyczny ogie\u0144\/wycofanie<br \/>\nGrubo\u015b\u0107 ostrza: 0,31 cm<br \/>\nD\u0142ugo\u015b\u0107 ostrza: 8,65 cm<br \/>\nStyl ostrza: Drop Point<br \/>\nGrubo\u015b\u0107 r\u0105czki: 1,6 cm<br \/>\nMateria\u0142 r\u0119koje\u015bci: aluminium 6061-T6 z tward\u0105, anodowan\u0105 na niebiesko pow\u0142ok\u0105 Mil-Spec<br \/>\nD\u0142ugo\u015b\u0107 po zamkni\u0119ciu: 12,1 cm<br \/>\nD\u0142ugo\u015b\u0107 w stanie otwartym: 21 cm<\/p>\n<p>Stal: M390<br \/>\nMateria\u0142 klipsa kieszeniowego: stal nierdzewna 301, ca\u0142kowicie twarda<br \/>\nStandardowa cholewka: stop 6061-T6 AL<br \/>\nSpust: stal nierdzewna 303<br \/>\nNie zawiera os\u0142ony<br \/>\nWykonane w USA<\/p>\n<p><iframe title=\"Microtech Combat Troodon Torture Test\" width=\"800\" height=\"450\" src=\"https:\/\/www.youtube.com\/embed\/xE9TeOFYEjg?feature=oembed\" frameborder=\"0\" allow=\"accelerometer; autoplay; clipboard-write; encrypted-media; gyroscope; picture-in-picture; web-share\" allowfullscreen><\/iframe><\/p>\n<p>&nbsp;<\/p>\n","protected":false},"excerpt":{"rendered":"<p>&nbsp;<\/p>\n<p>Przez lata <strong>firma Microtech\u00ae Knives<\/strong> wype\u0142nia\u0142a no\u017ce pasj\u0105 i umiej\u0119tno\u015bciami, aby tworzy\u0107 niemal dzie\u0142a sztuki, kt\u00f3re s\u0105 szczytem funkcjonalno\u015bci. Wszystkie cz\u0119\u015bci wyprodukowano w USA.<br \/>\n<strong>Wszystkie no\u017ce Microtech obj\u0119te s\u0105 do\u017cywotni\u0105 gwarancj\u0105.<\/strong><\/p>\n<p><strong>Bezp\u0142atny transport.<\/strong><\/p>\n","protected":false},"featured_media":309745,"comment_status":"open","ping_status":"closed","template":"","meta":[],"pwb-brand":[3279],"product_brand":[],"product_cat":[3296,3344],"product_tag":[3671],"class_list":{"0":"post-309731","1":"product","2":"type-product","3":"status-publish","4":"has-post-thumbnail","6":"pwb-brand-microtech-pl","7":"product_cat-noze-pl","8":"product_cat-noze-strzeleckie","9":"product_tag-b2b-pl","11":"first","12":"instock","13":"taxable","14":"shipping-taxable","15":"purchasable","16":"product-type-simple"},"brands":[{"id":3279,"name":"Microtech","slug":"microtech-pl"}],"_links":{"self":[{"href":"https:\/\/www.moskito.cz\/pl\/wp-json\/wp\/v2\/product\/309731","targetHints":{"allow":["GET"]}}],"collection":[{"href":"https:\/\/www.moskito.cz\/pl\/wp-json\/wp\/v2\/product"}],"about":[{"href":"https:\/\/www.moskito.cz\/pl\/wp-json\/wp\/v2\/types\/product"}],"replies":[{"embeddable":true,"href":"https:\/\/www.moskito.cz\/pl\/wp-json\/wp\/v2\/comments?post=309731"}],"wp:featuredmedia":[{"embeddable":true,"href":"https:\/\/www.moskito.cz\/pl\/wp-json\/wp\/v2\/media\/309745"}],"wp:attachment":[{"href":"https:\/\/www.moskito.cz\/pl\/wp-json\/wp\/v2\/media?parent=309731"}],"wp:term":[{"taxonomy":"pwb-brand","embeddable":true,"href":"https:\/\/www.moskito.cz\/pl\/wp-json\/wp\/v2\/pwb-brand?post=309731"},{"taxonomy":"product_brand","embeddable":true,"href":"https:\/\/www.moskito.cz\/pl\/wp-json\/wp\/v2\/product_brand?post=309731"},{"taxonomy":"product_cat","embeddable":true,"href":"https:\/\/www.moskito.cz\/pl\/wp-json\/wp\/v2\/product_cat?post=309731"},{"taxonomy":"product_tag","embeddable":true,"href":"https:\/\/www.moskito.cz\/pl\/wp-json\/wp\/v2\/product_tag?post=309731"}],"curies":[{"name":"wp","href":"https:\/\/api.w.org\/{rel}","templated":true}]}}