{"id":309739,"date":"2023-06-08T14:28:56","date_gmt":"2024-02-06T15:04:57","guid":{"rendered":"https:\/\/www.moskito.cz\/produkt\/noz-strzelecki-microtech-utx-70-stonewashed-149-10\/"},"modified":"2025-05-07T11:01:00","modified_gmt":"2025-05-07T10:01:00","slug":"noz-strzelecki-microtech-utx-70-stonewashed-149-10","status":"publish","type":"product","link":"https:\/\/www.moskito.cz\/pl\/produkt\/noz-strzelecki-microtech-utx-70-stonewashed-149-10\/","title":{"rendered":"N\u00f3\u017c strzelecki Microtech UTX-70 Stonewashed 149-10"},"content":{"rendered":"<p>N\u00f3\u017c strzelecki <strong>Microtech<\/strong> UTX-70 Stonewashed 149-10<\/p>\n<p>UTX-70 to idealne po\u0142\u0105czenie kompaktowych rozmiar\u00f3w i doskona\u0142ej wydajno\u015bci. Przy wielko\u015bci 70% Ultratecha, <strong>UTX-70<\/strong> jest wykonany z tych samych materia\u0142\u00f3w, na tych samych maszynach i z tak\u0105 sam\u0105 pomys\u0142owo\u015bci\u0105, jak jego poprzednik. <strong>UTX-70<\/strong> to idealny n\u00f3\u017c na ka\u017cd\u0105 sytuacj\u0119, niezale\u017cnie od tego, co b\u0119dziesz nim ci\u0105\u0107, idealnie wpasuje si\u0119 w Tw\u00f3j styl \u017cycia. Dzi\u0119ki szybkiemu otwieraniu i zamykaniu jedn\u0105 r\u0119k\u0105, wykonuje t\u0119 prac\u0119 w ci\u0105gu kilku sekund. <strong>UTX-70<\/strong> posiada wiele dost\u0119pnych opcji ostrzy, takich jak: ostrze pojedyncze, podw\u00f3jne lub tanto. Dost\u0119pny jest r\u00f3wnie\u017c aluminiowy uchwyt g\u00f3rny, czarny uchwyt z w\u0142\u00f3kna w\u0119glowego lub platynowy uchwyt g\u00f3rny z w\u0142\u00f3kna w\u0119glowego. N\u00f3\u017c wyposa\u017cony jest w dwustronny klips kieszonkowy o kompaktowych rozmiarach, jest idealnym wyborem do codziennego u\u017cytku i noszenia.<br \/>\nDane techniczne<\/p>\n<p>Akcja: Podw\u00f3jne dzia\u0142anie \u2013 automatyczne strzelanie\/automatyczne cofanie<br \/>\nGrubo\u015b\u0107: 0,2 cm<br \/>\nD\u0142ugo\u015b\u0107 ostrza: 6 cm<br \/>\nStyl ostrza: Tanto<br \/>\nPodwozie: stop aluminium 6061-T6 Mil-Spec, anodowany na twardo, kolor czarny<br \/>\nGrubo\u015b\u0107 r\u0105czki: 0,77 cm<br \/>\nD\u0142ugo\u015b\u0107 po zamkni\u0119ciu: 8 cm<br \/>\nD\u0142ugo\u015b\u0107 ca\u0142kowita: 14 cm<br \/>\nKlips kieszonkowy: ca\u0142kowicie twarda stal nierdzewna 301<br \/>\nStandardowa cholewka: stop 6061-T6 AL<br \/>\nSpust: stal nierdzewna 303<br \/>\nWaga: 1,2 uncji<br \/>\nStal: M390<br \/>\nWykonane w USA<\/p>\n<p><iframe title=\"Microtech Combat Troodon Torture Test\" width=\"800\" height=\"450\" src=\"https:\/\/www.youtube.com\/embed\/xE9TeOFYEjg?feature=oembed\" frameborder=\"0\" allow=\"accelerometer; autoplay; clipboard-write; encrypted-media; gyroscope; picture-in-picture; web-share\" allowfullscreen><\/iframe><\/p>\n","protected":false},"excerpt":{"rendered":"<div class=\"elementor-element elementor-element-bbb542b elementor-widget elementor-widget-woocommerce-product-short-description\" data-id=\"bbb542b\" data-element_type=\"widget\" data-widget_type=\"woocommerce-product-short-description.default\">\n<div class=\"elementor-widget-container\">\n<div class=\"woocommerce-product-details__short-description\">\n<div class=\"elementor-element elementor-element-bbb542b elementor-widget elementor-widget-woocommerce-product-short-description\" data-id=\"bbb542b\" data-element_type=\"widget\" data-widget_type=\"woocommerce-product-short-description.default\">\n<div class=\"elementor-widget-container\">\n<div class=\"woocommerce-product-details__short-description\">\n<div class=\"elementor-element elementor-element-bbb542b elementor-widget elementor-widget-woocommerce-product-short-description\" data-id=\"bbb542b\" data-element_type=\"widget\" data-widget_type=\"woocommerce-product-short-description.default\">\n<div class=\"elementor-widget-container\">\n<div class=\"woocommerce-product-details__short-description\">\n<p>Przez lata <strong>Microtech\u00ae<\/strong> Knives wype\u0142nia\u0142 no\u017ce pasj\u0105 i umiej\u0119tno\u015bciami, aby tworzy\u0107 niemal dzie\u0142a sztuki, kt\u00f3re s\u0105 szczytem funkcjonalno\u015bci.Wszystkie cz\u0119\u015bci s\u0105 produkowane w USA.<br \/>\n<strong>Wszystkie no\u017ce Microtech obj\u0119te s\u0105 do\u017cywotni\u0105 gwarancj\u0105.<\/strong><\/p>\n<p><strong>Bezp\u0142atny transport.<\/strong><\/p>\n<\/div>\n<\/div>\n<\/div>\n<\/div>\n<\/div>\n<\/div>\n<\/div>\n<\/div>\n<\/div>\n","protected":false},"featured_media":309759,"comment_status":"open","ping_status":"closed","template":"","meta":[],"pwb-brand":[3279],"product_brand":[],"product_cat":[3296,3344],"product_tag":[3671],"class_list":{"0":"post-309739","1":"product","2":"type-product","3":"status-publish","4":"has-post-thumbnail","6":"pwb-brand-microtech-pl","7":"product_cat-noze-pl","8":"product_cat-noze-strzeleckie","9":"product_tag-b2b-pl","11":"first","12":"outofstock","13":"taxable","14":"shipping-taxable","15":"purchasable","16":"product-type-simple"},"brands":[{"id":3279,"name":"Microtech","slug":"microtech-pl"}],"_links":{"self":[{"href":"https:\/\/www.moskito.cz\/pl\/wp-json\/wp\/v2\/product\/309739","targetHints":{"allow":["GET"]}}],"collection":[{"href":"https:\/\/www.moskito.cz\/pl\/wp-json\/wp\/v2\/product"}],"about":[{"href":"https:\/\/www.moskito.cz\/pl\/wp-json\/wp\/v2\/types\/product"}],"replies":[{"embeddable":true,"href":"https:\/\/www.moskito.cz\/pl\/wp-json\/wp\/v2\/comments?post=309739"}],"wp:featuredmedia":[{"embeddable":true,"href":"https:\/\/www.moskito.cz\/pl\/wp-json\/wp\/v2\/media\/309759"}],"wp:attachment":[{"href":"https:\/\/www.moskito.cz\/pl\/wp-json\/wp\/v2\/media?parent=309739"}],"wp:term":[{"taxonomy":"pwb-brand","embeddable":true,"href":"https:\/\/www.moskito.cz\/pl\/wp-json\/wp\/v2\/pwb-brand?post=309739"},{"taxonomy":"product_brand","embeddable":true,"href":"https:\/\/www.moskito.cz\/pl\/wp-json\/wp\/v2\/product_brand?post=309739"},{"taxonomy":"product_cat","embeddable":true,"href":"https:\/\/www.moskito.cz\/pl\/wp-json\/wp\/v2\/product_cat?post=309739"},{"taxonomy":"product_tag","embeddable":true,"href":"https:\/\/www.moskito.cz\/pl\/wp-json\/wp\/v2\/product_tag?post=309739"}],"curies":[{"name":"wp","href":"https:\/\/api.w.org\/{rel}","templated":true}]}}