{"id":309819,"date":"2023-05-06T21:22:53","date_gmt":"2024-02-06T15:05:03","guid":{"rendered":"https:\/\/www.moskito.cz\/produkt\/noz-strzelecki-microtech-ultratech-signature-series-memento-mori-bronze-apocalyptic-122-13dcs\/"},"modified":"2025-05-07T11:01:05","modified_gmt":"2025-05-07T10:01:05","slug":"noz-strzelecki-microtech-ultratech-signature-series-memento-mori-bronze-apocalyptic-122-13dcs","status":"publish","type":"product","link":"https:\/\/www.moskito.cz\/pl\/produkt\/noz-strzelecki-microtech-ultratech-signature-series-memento-mori-bronze-apocalyptic-122-13dcs\/","title":{"rendered":"N\u00f3\u017c Strzelecki Microtech Ultratech Signature Series Memento Mori Bronze Apocalyptic 122-13DCS"},"content":{"rendered":"<p>N\u00f3\u017c Strzelecki <strong>Microtech<\/strong> Ultratech Signature Series Memento Mori Bronze Apocalyptic 122-13DCS<\/p>\n<p>Ultratech, klasyk Microtech , by\u0142 archetypem wiod\u0105cych automat\u00f3w od samego pocz\u0105tku. Zbudowana w oparciu o t\u0119 sam\u0105 sprawdzon\u0105 mechanik\u0119, spr\u0119\u017cyna pozostaje nieruchoma zar\u00f3wno w pozycji otwartej, jak i zamkni\u0119tej, aby zmniejszy\u0107 zu\u017cycie. Dzi\u0119ki pot\u0119\u017cnemu automatycznemu otwieraniu\/cofaniu ostrza na wyci\u0105gni\u0119cie r\u0119ki i solidnej blokadzie ostrza, Ultratech firmy Microtech pozostaje standardem w \u015bwiecie automat\u00f3w.<\/p>\n<p>&nbsp;<\/p>\n<p>Automatyczne otwieranie\/zamykanie \u2013 otwieranie frontu<br \/>\nAkcja: Podw\u00f3jna akcja \u2013 automatyczny ogie\u0144\/wycofanie<\/p>\n<p>Stal: M390<br \/>\nD\u0142ugo\u015b\u0107 ca\u0142kowita: 21,2 cm<br \/>\nD\u0142ugo\u015b\u0107 po zamkni\u0119ciu: 12,7 cm<br \/>\nD\u0142ugo\u015b\u0107 ostrza: 8,5 cm<br \/>\nGrubo\u015b\u0107 ostrza: 0,32 cm<br \/>\nStyl ostrza: Podw\u00f3jne ostrze, br\u0105zowy apokaliptyczny<br \/>\nMateria\u0142 r\u0119koje\u015bci: aluminium 6061-T6 z tward\u0105, anodowan\u0105 na czarno pow\u0142ok\u0105 Mil-Spec<br \/>\nMateria\u0142 klipsa kieszeniowego: stal nierdzewna 301<br \/>\nStandardowa cholewka: stop 6061-T6 AL<br \/>\nSpust: stal nierdzewna 303<br \/>\nRozbijacz okien<br \/>\nWykonane w USA<\/p>\n<p><iframe title=\"Microtech Combat Troodon Torture Test\" width=\"800\" height=\"450\" src=\"https:\/\/www.youtube.com\/embed\/xE9TeOFYEjg?feature=oembed\" frameborder=\"0\" allow=\"accelerometer; autoplay; clipboard-write; encrypted-media; gyroscope; picture-in-picture; web-share\" allowfullscreen><\/iframe><\/p>\n<p>&nbsp;<\/p>\n","protected":false},"excerpt":{"rendered":"<p>Przez lata <strong>Microtech\u00ae<\/strong> Knives wype\u0142nia\u0142 no\u017ce pasj\u0105 i umiej\u0119tno\u015bciami, aby tworzy\u0107 niemal dzie\u0142a sztuki, kt\u00f3re s\u0105 szczytem funkcjonalno\u015bci.Wszystkie cz\u0119\u015bci s\u0105 produkowane w USA.<br \/>\n<strong>Wszystkie no\u017ce Microtech obj\u0119te s\u0105 do\u017cywotni\u0105 gwarancj\u0105 (min. 80 000 cykli, otwieranie i zamykanie)<\/strong><\/p>\n<p><strong>Bezp\u0142atny transport.<\/strong><\/p>\n","protected":false},"featured_media":309846,"comment_status":"open","ping_status":"closed","template":"","meta":[],"pwb-brand":[3279],"product_brand":[],"product_cat":[3296,3344],"product_tag":[3671],"class_list":{"0":"post-309819","1":"product","2":"type-product","3":"status-publish","4":"has-post-thumbnail","6":"pwb-brand-microtech-pl","7":"product_cat-noze-pl","8":"product_cat-noze-strzeleckie","9":"product_tag-b2b-pl","11":"first","12":"outofstock","13":"taxable","14":"shipping-taxable","15":"purchasable","16":"product-type-simple"},"brands":[{"id":3279,"name":"Microtech","slug":"microtech-pl"}],"_links":{"self":[{"href":"https:\/\/www.moskito.cz\/pl\/wp-json\/wp\/v2\/product\/309819","targetHints":{"allow":["GET"]}}],"collection":[{"href":"https:\/\/www.moskito.cz\/pl\/wp-json\/wp\/v2\/product"}],"about":[{"href":"https:\/\/www.moskito.cz\/pl\/wp-json\/wp\/v2\/types\/product"}],"replies":[{"embeddable":true,"href":"https:\/\/www.moskito.cz\/pl\/wp-json\/wp\/v2\/comments?post=309819"}],"wp:featuredmedia":[{"embeddable":true,"href":"https:\/\/www.moskito.cz\/pl\/wp-json\/wp\/v2\/media\/309846"}],"wp:attachment":[{"href":"https:\/\/www.moskito.cz\/pl\/wp-json\/wp\/v2\/media?parent=309819"}],"wp:term":[{"taxonomy":"pwb-brand","embeddable":true,"href":"https:\/\/www.moskito.cz\/pl\/wp-json\/wp\/v2\/pwb-brand?post=309819"},{"taxonomy":"product_brand","embeddable":true,"href":"https:\/\/www.moskito.cz\/pl\/wp-json\/wp\/v2\/product_brand?post=309819"},{"taxonomy":"product_cat","embeddable":true,"href":"https:\/\/www.moskito.cz\/pl\/wp-json\/wp\/v2\/product_cat?post=309819"},{"taxonomy":"product_tag","embeddable":true,"href":"https:\/\/www.moskito.cz\/pl\/wp-json\/wp\/v2\/product_tag?post=309819"}],"curies":[{"name":"wp","href":"https:\/\/api.w.org\/{rel}","templated":true}]}}