{"id":309888,"date":"2023-06-07T15:17:01","date_gmt":"2024-02-06T15:10:41","guid":{"rendered":"https:\/\/www.moskito.cz\/produkt\/noz-strzelecki-microtech-dirac-apocalyptic-225-10ap\/"},"modified":"2025-05-07T11:01:06","modified_gmt":"2025-05-07T10:01:06","slug":"noz-strzelecki-microtech-dirac-apocalyptic-225-10ap","status":"publish","type":"product","link":"https:\/\/www.moskito.cz\/pl\/produkt\/noz-strzelecki-microtech-dirac-apocalyptic-225-10ap\/","title":{"rendered":"N\u00f3\u017c strzelecki Microtech Dirac Apocalyptic 225-10AP"},"content":{"rendered":"<p>N\u00f3\u017c strzelecki <strong>Microtech<\/strong> Dirac Apocalyptic 225-10AP<\/p>\n<p>Dirac to pierwszy n\u00f3\u017c o podw\u00f3jnym dzia\u0142aniu <strong>firmy Microtech<\/strong> z suwakiem strzelaj\u0105cym z boku. Niezwykle ergonomiczne podwozie ma zakrzywione linie przypominaj\u0105ce HALO, co zapewnia nieco inne wyczucie w por\u00f3wnaniu z innymi uchwytami. Zbadali\u015bmy<\/p>\n<p>ten konkretny projekt OTF i wykorzysta\u0142 charakterystyczne cechy mikrotechnologii o ultra wysokiej tolerancji, takie jak opatentowany sprz\u0119t, innowacyjny mechanizm wewn\u0119trzny i zbijak do szk\u0142a. Dzi\u0119ki ca\u0142kowitej d\u0142ugo\u015bci <span id=\"cwos\" class=\"qv3Wpe\">18,12<\/span> cm Dirac idealnie nadaje si\u0119 na n\u00f3\u017c codzienny.<br \/>\nDane techniczne<\/p>\n<p>D\u0142ugo\u015b\u0107 ostrza: <span id=\"cwos\" class=\"qv3Wpe\">7,3<\/span> cm<br \/>\nD\u0142ugo\u015b\u0107 po zamkni\u0119ciu: 11 cm<br \/>\nD\u0142ugo\u015b\u0107 ca\u0142kowita: <span id=\"cwos\" class=\"qv3Wpe\">18,12<\/span> cm<br \/>\nStal: M390<br \/>\nGrubo\u015b\u0107 ostrza: <span id=\"cwos\" class=\"qv3Wpe\">0,23<\/span> cm<br \/>\nStyl ostrza: sztylet o podw\u00f3jnym ostrzu<br \/>\nSzlif ostrza: p\u0142aski<br \/>\nWyko\u0144czenie ostrza: Apokaliptyczne<br \/>\nMateria\u0142 r\u0119koje\u015bci: aluminium 6061-T6, twarda, anodowana na czarno pow\u0142oka Mil-Spec<br \/>\nGrubo\u015b\u0107 r\u0105czki: 1,05 cm<br \/>\nMechanizm blokuj\u0105cy: Zasuwa pokrywy<br \/>\nKieszonkowy klips: stal nierdzewna 301 (sk\u0142adany)<br \/>\nWaga: 2,2 uncji<br \/>\nProjektant: Tony Marfione<br \/>\nWykonane w USA<\/p>\n<p>&nbsp;<\/p>\n","protected":false},"excerpt":{"rendered":"<p>Przez lata Microtech\u00ae Knives wype\u0142nia\u0142 no\u017ce pasj\u0105 i umiej\u0119tno\u015bciami, aby tworzy\u0107 niemal dzie\u0142a sztuki, kt\u00f3re s\u0105 szczytem funkcjonalno\u015bci.Wszystkie cz\u0119\u015bci s\u0105 produkowane w USA.<br \/>\n<strong>Wszystkie no\u017ce Microtech obj\u0119te s\u0105 do\u017cywotni\u0105 gwarancj\u0105.<\/strong><\/p>\n<p><strong>Bezp\u0142atny transport.<\/strong><\/p>\n","protected":false},"featured_media":309890,"comment_status":"open","ping_status":"closed","template":"","meta":[],"pwb-brand":[3279],"product_brand":[],"product_cat":[3296,3344],"product_tag":[3671],"class_list":{"0":"post-309888","1":"product","2":"type-product","3":"status-publish","4":"has-post-thumbnail","6":"pwb-brand-microtech-pl","7":"product_cat-noze-pl","8":"product_cat-noze-strzeleckie","9":"product_tag-b2b-pl","11":"first","12":"outofstock","13":"taxable","14":"shipping-taxable","15":"purchasable","16":"product-type-simple"},"brands":[{"id":3279,"name":"Microtech","slug":"microtech-pl"}],"_links":{"self":[{"href":"https:\/\/www.moskito.cz\/pl\/wp-json\/wp\/v2\/product\/309888","targetHints":{"allow":["GET"]}}],"collection":[{"href":"https:\/\/www.moskito.cz\/pl\/wp-json\/wp\/v2\/product"}],"about":[{"href":"https:\/\/www.moskito.cz\/pl\/wp-json\/wp\/v2\/types\/product"}],"replies":[{"embeddable":true,"href":"https:\/\/www.moskito.cz\/pl\/wp-json\/wp\/v2\/comments?post=309888"}],"wp:featuredmedia":[{"embeddable":true,"href":"https:\/\/www.moskito.cz\/pl\/wp-json\/wp\/v2\/media\/309890"}],"wp:attachment":[{"href":"https:\/\/www.moskito.cz\/pl\/wp-json\/wp\/v2\/media?parent=309888"}],"wp:term":[{"taxonomy":"pwb-brand","embeddable":true,"href":"https:\/\/www.moskito.cz\/pl\/wp-json\/wp\/v2\/pwb-brand?post=309888"},{"taxonomy":"product_brand","embeddable":true,"href":"https:\/\/www.moskito.cz\/pl\/wp-json\/wp\/v2\/product_brand?post=309888"},{"taxonomy":"product_cat","embeddable":true,"href":"https:\/\/www.moskito.cz\/pl\/wp-json\/wp\/v2\/product_cat?post=309888"},{"taxonomy":"product_tag","embeddable":true,"href":"https:\/\/www.moskito.cz\/pl\/wp-json\/wp\/v2\/product_tag?post=309888"}],"curies":[{"name":"wp","href":"https:\/\/api.w.org\/{rel}","templated":true}]}}