{"id":310009,"date":"2023-05-04T20:52:14","date_gmt":"2024-02-06T15:11:59","guid":{"rendered":"https:\/\/www.moskito.cz\/produkt\/noz-mysliwski-microtech-signature-series-ultratech-ii-taktyczny-122ii-3ts\/"},"modified":"2025-05-07T11:01:09","modified_gmt":"2025-05-07T10:01:09","slug":"noz-mysliwski-microtech-signature-series-ultratech-ii-taktyczny-122ii-3ts","status":"publish","type":"product","link":"https:\/\/www.moskito.cz\/pl\/produkt\/noz-mysliwski-microtech-signature-series-ultratech-ii-taktyczny-122ii-3ts\/","title":{"rendered":"N\u00f3\u017c my\u015bliwski Microtech Signature Series Ultratech II Taktyczny 122II-3TS"},"content":{"rendered":"<p>N\u00f3\u017c my\u015bliwski <strong>Microtech<\/strong> Signature Series Ultratech II Taktyczny 122II-3TS<\/p>\n<p><strong>Ultratech<\/strong> jest oryginalnym no\u017cem przednim o podw\u00f3jnym dzia\u0142aniu firmy Microtech i by\u0142 podstaw\u0105 ca\u0142ej linii OTF. Na przestrzeni lat przeszed\u0142 kilka modyfikacji, za ka\u017cdym razem staj\u0105c si\u0119 coraz bardziej wydajny i niezawodny. Ten <strong>Ultratech II<\/strong> ma ulepszony teksturowany uchwyt. Spr\u0119\u017cyna Ultratecha pozostaje przez ca\u0142y czas w pozycji \u201espoczynkowej\u201d, z wyj\u0105tkiem wystrza\u0142u. Dzi\u0119ki temu \u015bci\u015bni\u0119ta spr\u0119\u017cyna nie ulega zm\u0119czeniu, co daje pewno\u015b\u0107 u\u017cytkownikom, \u017ce n\u00f3\u017c po oddaniu strza\u0142u b\u0119dzie dzia\u0142a\u0142 skutecznie. Lekki n\u00f3\u017c Ultratech umo\u017cliwiaj\u0105cy otwieranie i zamykanie jedn\u0105 r\u0119k\u0105, smuk\u0142y kszta\u0142t i ostre jak skalpel ostrze sprawiaj\u0105, \u017ce jest to wyj\u0105tkowy n\u00f3\u017c dost\u0119pny wy\u0142\u0105cznie w firmie Microtech. N\u00f3\u017c ten wielokrotnie udowodni\u0142, \u017ce jest w stanie pokona\u0107 ka\u017cd\u0105 przeszkod\u0119.<\/p>\n<p>Dane techniczne<br \/>\nD\u0142ugo\u015b\u0107 ostrza: 8,75 cm<br \/>\nD\u0142ugo\u015b\u0107 ca\u0142kowita: 21,25 cm<br \/>\nStal: M390<br \/>\nGrubo\u015b\u0107 ostrza: 0,31 cm<br \/>\nStyl ostrza: sztylet o podw\u00f3jnym ostrzu<br \/>\nSzlif ostrza: p\u0142aski<br \/>\nWyko\u0144czenie ostrza: czarne<br \/>\nMateria\u0142 r\u0119koje\u015bci: aluminium obrobione na czarno<br \/>\nGrubo\u015b\u0107 r\u0105czki: 1,25 cm<br \/>\nMechanizm blokuj\u0105cy: przesuwny<br \/>\nKieszonkowy klips: stal nierdzewna (sk\u0142adany, noszony w prawo\/lewo)<br \/>\nWaga: 3,20 uncji<br \/>\nProjektant: Tony Marfione<br \/>\nWykonane w USA<\/p>\n<p><iframe title=\"Microtech Combat Troodon Torture Test\" width=\"800\" height=\"450\" src=\"https:\/\/www.youtube.com\/embed\/xE9TeOFYEjg?feature=oembed\" frameborder=\"0\" allow=\"accelerometer; autoplay; clipboard-write; encrypted-media; gyroscope; picture-in-picture; web-share\" allowfullscreen><\/iframe><\/p>\n<p>&nbsp;<\/p>\n","protected":false},"excerpt":{"rendered":"<p>Przez lata <strong>Microtech\u00ae<\/strong> Knives wype\u0142nia\u0142 no\u017ce pasj\u0105 i umiej\u0119tno\u015bciami, aby tworzy\u0107 niemal dzie\u0142a sztuki, kt\u00f3re s\u0105 szczytem funkcjonalno\u015bci.Wszystkie cz\u0119\u015bci s\u0105 produkowane w USA.<br \/>\n<strong>Wszystkie no\u017ce Microtech obj\u0119te s\u0105 do\u017cywotni\u0105 gwarancj\u0105 (min. 80 000 cykli, otwieranie i zamykanie)<\/strong><\/p>\n<p><strong>Bezp\u0142atny transport.<\/strong><\/p>\n","protected":false},"featured_media":310020,"comment_status":"open","ping_status":"closed","template":"","meta":[],"pwb-brand":[3279],"product_brand":[],"product_cat":[3296,3344],"product_tag":[3671],"class_list":{"0":"post-310009","1":"product","2":"type-product","3":"status-publish","4":"has-post-thumbnail","6":"pwb-brand-microtech-pl","7":"product_cat-noze-pl","8":"product_cat-noze-strzeleckie","9":"product_tag-b2b-pl","11":"first","12":"instock","13":"taxable","14":"shipping-taxable","15":"purchasable","16":"product-type-simple"},"brands":[{"id":3279,"name":"Microtech","slug":"microtech-pl"}],"_links":{"self":[{"href":"https:\/\/www.moskito.cz\/pl\/wp-json\/wp\/v2\/product\/310009","targetHints":{"allow":["GET"]}}],"collection":[{"href":"https:\/\/www.moskito.cz\/pl\/wp-json\/wp\/v2\/product"}],"about":[{"href":"https:\/\/www.moskito.cz\/pl\/wp-json\/wp\/v2\/types\/product"}],"replies":[{"embeddable":true,"href":"https:\/\/www.moskito.cz\/pl\/wp-json\/wp\/v2\/comments?post=310009"}],"wp:featuredmedia":[{"embeddable":true,"href":"https:\/\/www.moskito.cz\/pl\/wp-json\/wp\/v2\/media\/310020"}],"wp:attachment":[{"href":"https:\/\/www.moskito.cz\/pl\/wp-json\/wp\/v2\/media?parent=310009"}],"wp:term":[{"taxonomy":"pwb-brand","embeddable":true,"href":"https:\/\/www.moskito.cz\/pl\/wp-json\/wp\/v2\/pwb-brand?post=310009"},{"taxonomy":"product_brand","embeddable":true,"href":"https:\/\/www.moskito.cz\/pl\/wp-json\/wp\/v2\/product_brand?post=310009"},{"taxonomy":"product_cat","embeddable":true,"href":"https:\/\/www.moskito.cz\/pl\/wp-json\/wp\/v2\/product_cat?post=310009"},{"taxonomy":"product_tag","embeddable":true,"href":"https:\/\/www.moskito.cz\/pl\/wp-json\/wp\/v2\/product_tag?post=310009"}],"curies":[{"name":"wp","href":"https:\/\/api.w.org\/{rel}","templated":true}]}}