{"id":310016,"date":"2023-05-03T18:31:39","date_gmt":"2024-02-06T15:11:59","guid":{"rendered":"https:\/\/www.moskito.cz\/produkt\/noz-mysliwski-microtech-signature-series-combat-troodon-warhound-219w-1ts\/"},"modified":"2025-05-07T11:01:10","modified_gmt":"2025-05-07T10:01:10","slug":"noz-mysliwski-microtech-signature-series-combat-troodon-warhound-219w-1ts","status":"publish","type":"product","link":"https:\/\/www.moskito.cz\/pl\/produkt\/noz-mysliwski-microtech-signature-series-combat-troodon-warhound-219w-1ts\/","title":{"rendered":"N\u00f3\u017c my\u015bliwski Microtech Signature Series Combat Troodon Warhound 219W-1TS"},"content":{"rendered":"<p>N\u00f3\u017c my\u015bliwski <strong>Microtech<\/strong> Signature Series Combat Troodon Warhound 219W-1TS<\/p>\n<p>Combat Troodon to precyzyjnie wykonany n\u00f3\u017c taktyczny. Jest o 25% wi\u0119kszy od flagowego Troodona. Zapewnia smuk\u0142y uchwyt, wyprofilowany kszta\u0142t, radykalne elementy konstrukcyjne i wyrafinowany mechanizm wewn\u0119trzny, kt\u00f3ry poprawia funkcjonalno\u015b\u0107 operacyjn\u0105 i niezawodno\u015b\u0107 na wi\u0119ksz\u0105 skal\u0119. Combat Troodon zosta\u0142 zaprojektowany do szerokiego zakresu zastosowa\u0144 u\u017cytkowych i walki w zwarciu. Czarne ostrze o d\u0142ugo\u015bci 3,75 cala to jednosieczna wersja Warhounda o niesamowicie niesamowitym kszta\u0142cie Hellhound, z charakterystycznym \u017c\u0142obieniem i skosem na kciuku. Aluminiowe uchwyty maj\u0105 bardzo fajne logo Dagger i podpis Tony&#8217;ego Marfiona na klipsie kieszeni.<\/p>\n<p>Dane techniczne<br \/>\nAkcja: Automatyczny ogie\u0144 i przyci\u0105ganie o podw\u00f3jnym dzia\u0142aniu<br \/>\nD\u0142ugo\u015b\u0107 ostrza: 9,37 cm<br \/>\nStal: M390<br \/>\nGrubo\u015b\u0107 ostrza: 0,23 cm<br \/>\nT\u0142uczenie szk\u0142a: Tak<br \/>\nR\u0119koje\u015b\u0107: aluminium 6061-T6<br \/>\nGrubo\u015b\u0107 r\u0119koje\u015bci: Uformowany sto\u017cek Min. 0,304&#8243; Maks. 435&#8243;<br \/>\nD\u0142ugo\u015b\u0107 po otwarciu: 23 cm<br \/>\nKlips kieszonkowy: 301, hartowany spr\u0119\u017cynowo, obur\u0119czny<br \/>\nWaga: 4,7 uncji<br \/>\nWykonane w USA<\/p>\n<p><iframe title=\"Microtech Combat Troodon Torture Test\" width=\"800\" height=\"450\" src=\"https:\/\/www.youtube.com\/embed\/xE9TeOFYEjg?feature=oembed\" frameborder=\"0\" allow=\"accelerometer; autoplay; clipboard-write; encrypted-media; gyroscope; picture-in-picture; web-share\" allowfullscreen><\/iframe><\/p>\n<p>&nbsp;<\/p>\n","protected":false},"excerpt":{"rendered":"<p>Przez lata <strong>Microtech\u00ae<\/strong> Knives wype\u0142nia\u0142 no\u017ce pasj\u0105 i umiej\u0119tno\u015bciami, aby tworzy\u0107 niemal dzie\u0142a sztuki, kt\u00f3re s\u0105 szczytem funkcjonalno\u015bci.Wszystkie cz\u0119\u015bci s\u0105 produkowane w USA.<br \/>\n<strong>Wszystkie no\u017ce Microtech obj\u0119te s\u0105 do\u017cywotni\u0105 gwarancj\u0105 (min. 80 000 cykli, otwieranie i zamykanie)<\/strong><\/p>\n","protected":false},"featured_media":310032,"comment_status":"open","ping_status":"closed","template":"","meta":[],"pwb-brand":[3279],"product_brand":[],"product_cat":[3344,3296],"product_tag":[3671],"class_list":{"0":"post-310016","1":"product","2":"type-product","3":"status-publish","4":"has-post-thumbnail","6":"pwb-brand-microtech-pl","7":"product_cat-noze-strzeleckie","8":"product_cat-noze-pl","9":"product_tag-b2b-pl","11":"first","12":"outofstock","13":"taxable","14":"shipping-taxable","15":"purchasable","16":"product-type-simple"},"brands":[{"id":3279,"name":"Microtech","slug":"microtech-pl"}],"_links":{"self":[{"href":"https:\/\/www.moskito.cz\/pl\/wp-json\/wp\/v2\/product\/310016","targetHints":{"allow":["GET"]}}],"collection":[{"href":"https:\/\/www.moskito.cz\/pl\/wp-json\/wp\/v2\/product"}],"about":[{"href":"https:\/\/www.moskito.cz\/pl\/wp-json\/wp\/v2\/types\/product"}],"replies":[{"embeddable":true,"href":"https:\/\/www.moskito.cz\/pl\/wp-json\/wp\/v2\/comments?post=310016"}],"wp:featuredmedia":[{"embeddable":true,"href":"https:\/\/www.moskito.cz\/pl\/wp-json\/wp\/v2\/media\/310032"}],"wp:attachment":[{"href":"https:\/\/www.moskito.cz\/pl\/wp-json\/wp\/v2\/media?parent=310016"}],"wp:term":[{"taxonomy":"pwb-brand","embeddable":true,"href":"https:\/\/www.moskito.cz\/pl\/wp-json\/wp\/v2\/pwb-brand?post=310016"},{"taxonomy":"product_brand","embeddable":true,"href":"https:\/\/www.moskito.cz\/pl\/wp-json\/wp\/v2\/product_brand?post=310016"},{"taxonomy":"product_cat","embeddable":true,"href":"https:\/\/www.moskito.cz\/pl\/wp-json\/wp\/v2\/product_cat?post=310016"},{"taxonomy":"product_tag","embeddable":true,"href":"https:\/\/www.moskito.cz\/pl\/wp-json\/wp\/v2\/product_tag?post=310016"}],"curies":[{"name":"wp","href":"https:\/\/api.w.org\/{rel}","templated":true}]}}