{"id":310054,"date":"2023-05-03T20:25:24","date_gmt":"2024-02-06T15:12:01","guid":{"rendered":"https:\/\/www.moskito.cz\/produkt\/noz-strzelecki-microtech-combat-troodon-taktyczny-hellhound-signature-series-219-1ts\/"},"modified":"2025-05-07T11:01:10","modified_gmt":"2025-05-07T10:01:10","slug":"noz-strzelecki-microtech-combat-troodon-taktyczny-hellhound-signature-series-219-1ts","status":"publish","type":"product","link":"https:\/\/www.moskito.cz\/pl\/produkt\/noz-strzelecki-microtech-combat-troodon-taktyczny-hellhound-signature-series-219-1ts\/","title":{"rendered":"N\u00f3\u017c Strzelecki Microtech Combat Troodon Taktyczny Hellhound Signature Series 219-1TS"},"content":{"rendered":"<p>N\u00f3\u017c Strzelecki <strong>Microtech<\/strong> Combat Troodon Taktyczny Hellhound Signature Series 219-1TS<\/p>\n<p>Zaprojektowany z my\u015bl\u0105 o sytuacjach tak r\u00f3\u017cnorodnych, jak walka w zwarciu, Combat Troodon\u00ae jest ulubionym sprz\u0119tem organ\u00f3w \u015bcigania, wojska i s\u0142u\u017cb ratowniczych. Jego znaczny rozmiar sprawia, \u017ce \u200b\u200bnadaje si\u0119 do intensywnego u\u017cytkowania, a zalety automatycznego OTF sprawiaj\u0105, \u017ce jest to doskona\u0142y wyb\u00f3r do codziennego noszenia. Aluminiowe uchwyty maj\u0105 bardzo fajne logo Dagger i podpis Tony&#8217;ego Marfiona na klipsie kieszeni.<\/p>\n<p>D\u0142ugo\u015b\u0107 ostrza: 9,52 cm<\/p>\n<p>D\u0142ugo\u015b\u0107 ca\u0142kowita: 24 cm<\/p>\n<p>Stal ostrza: M390<\/p>\n<p>Materia\u0142 r\u0119koje\u015bci: 6061 T6<\/p>\n<p>Waga: 5,3 uncji<\/p>\n<p><iframe title=\"Microtech Combat Troodon Torture Test\" width=\"800\" height=\"450\" src=\"https:\/\/www.youtube.com\/embed\/xE9TeOFYEjg?feature=oembed\" frameborder=\"0\" allow=\"accelerometer; autoplay; clipboard-write; encrypted-media; gyroscope; picture-in-picture; web-share\" allowfullscreen><\/iframe><\/p>\n<p>&nbsp;<\/p>\n","protected":false},"excerpt":{"rendered":"<p>Przez lata <strong>Microtech\u00ae<\/strong> Knives wype\u0142nia\u0142 no\u017ce pasj\u0105 i umiej\u0119tno\u015bciami, aby tworzy\u0107 niemal dzie\u0142a sztuki, kt\u00f3re s\u0105 szczytem funkcjonalno\u015bci.Wszystkie cz\u0119\u015bci s\u0105 produkowane w USA.<br \/>\n<strong>Wszystkie no\u017ce Microtech obj\u0119te s\u0105 do\u017cywotni\u0105 gwarancj\u0105 (min. 80 000 cykli, otwieranie i zamykanie)<\/strong><\/p>\n<p><strong>Bezp\u0142atny transport.<\/strong><\/p>\n","protected":false},"featured_media":310066,"comment_status":"open","ping_status":"closed","template":"","meta":[],"pwb-brand":[3279],"product_brand":[],"product_cat":[3296,3344],"product_tag":[3671],"class_list":{"0":"post-310054","1":"product","2":"type-product","3":"status-publish","4":"has-post-thumbnail","6":"pwb-brand-microtech-pl","7":"product_cat-noze-pl","8":"product_cat-noze-strzeleckie","9":"product_tag-b2b-pl","11":"first","12":"outofstock","13":"taxable","14":"shipping-taxable","15":"purchasable","16":"product-type-simple"},"brands":[{"id":3279,"name":"Microtech","slug":"microtech-pl"}],"_links":{"self":[{"href":"https:\/\/www.moskito.cz\/pl\/wp-json\/wp\/v2\/product\/310054","targetHints":{"allow":["GET"]}}],"collection":[{"href":"https:\/\/www.moskito.cz\/pl\/wp-json\/wp\/v2\/product"}],"about":[{"href":"https:\/\/www.moskito.cz\/pl\/wp-json\/wp\/v2\/types\/product"}],"replies":[{"embeddable":true,"href":"https:\/\/www.moskito.cz\/pl\/wp-json\/wp\/v2\/comments?post=310054"}],"wp:featuredmedia":[{"embeddable":true,"href":"https:\/\/www.moskito.cz\/pl\/wp-json\/wp\/v2\/media\/310066"}],"wp:attachment":[{"href":"https:\/\/www.moskito.cz\/pl\/wp-json\/wp\/v2\/media?parent=310054"}],"wp:term":[{"taxonomy":"pwb-brand","embeddable":true,"href":"https:\/\/www.moskito.cz\/pl\/wp-json\/wp\/v2\/pwb-brand?post=310054"},{"taxonomy":"product_brand","embeddable":true,"href":"https:\/\/www.moskito.cz\/pl\/wp-json\/wp\/v2\/product_brand?post=310054"},{"taxonomy":"product_cat","embeddable":true,"href":"https:\/\/www.moskito.cz\/pl\/wp-json\/wp\/v2\/product_cat?post=310054"},{"taxonomy":"product_tag","embeddable":true,"href":"https:\/\/www.moskito.cz\/pl\/wp-json\/wp\/v2\/product_tag?post=310054"}],"curies":[{"name":"wp","href":"https:\/\/api.w.org\/{rel}","templated":true}]}}