{"id":310102,"date":"2023-04-16T11:06:21","date_gmt":"2024-02-06T15:12:05","guid":{"rendered":"https:\/\/www.moskito.cz\/produkt\/noz-strzelecki-microtech-ultratech-signature-warhound-bronze-apocalyptic-119w-13aprds\/"},"modified":"2025-05-07T11:01:12","modified_gmt":"2025-05-07T10:01:12","slug":"noz-strzelecki-microtech-ultratech-signature-warhound-bronze-apocalyptic-119w-13aprds","status":"publish","type":"product","link":"https:\/\/www.moskito.cz\/pl\/produkt\/noz-strzelecki-microtech-ultratech-signature-warhound-bronze-apocalyptic-119w-13aprds\/","title":{"rendered":"N\u00f3\u017c Strzelecki Microtech Ultratech Signature Warhound Bronze Apocalyptic 119W-13APRDS"},"content":{"rendered":"<p>N\u00f3\u017c Strzelecki <strong>Microtech<\/strong> Ultratech Signature Warhound Bronze Apocalyptic 119W-13APRDS<\/p>\n<p><strong>Ultratech<\/strong> na zawsze wyznaczy standardy dla wszystkich no\u017cy strzeleckich. <strong>Ultratech<\/strong> jest oryginalnym no\u017cem przednim o podw\u00f3jnym dzia\u0142aniu firmy Microtech i by\u0142 podstaw\u0105 ca\u0142ej linii OTF. Na przestrzeni lat przeszed\u0142 kilka modyfikacji, za ka\u017cdym razem staj\u0105c si\u0119 coraz bardziej wydajny i niezawodny. Ta wersja ma ulepszon\u0105 tekstur\u0119 z trzema uchwytami na suwaku kciuka, zapewniaj\u0105c\u0105 bardziej pozytywny zakup, oraz zaokr\u0105glony, ale funkcjonalny zbijak do szk\u0142a. Czarny kolor aluminiowej r\u0119koje\u015bci pi\u0119knie prezentuje si\u0119 na tle srebrnych oku\u0107 i klipsa do kieszeni. Spr\u0119\u017cyna Ultratech pozostaje przez ca\u0142y czas w pozycji \u201espoczynkowej\u201d, chyba \u017ce jest rozci\u0105gni\u0119ta. Gwarantuje to, \u017ce \u015bci\u015bni\u0119ta spr\u0119\u017cyna nie ulegnie zm\u0119czeniu, co daje pewno\u015b\u0107 u\u017cytkownikom, \u017ce b\u0119dzie dzia\u0142a\u0107 skutecznie podczas wystrza\u0142u no\u017ca. Lekki n\u00f3\u017c Warhound Wharncliffe firmy Ultratech, umo\u017cliwiaj\u0105cy otwieranie i zamykanie jedn\u0105 r\u0119k\u0105, smuk\u0142y kszta\u0142t i ostre ostrze sprawiaj\u0105, \u017ce jest to wyj\u0105tkowy n\u00f3\u017c dost\u0119pny wy\u0142\u0105cznie w Microtech. N\u00f3\u017c ten wielokrotnie udowodni\u0142, \u017ce jest w stanie pokona\u0107 ka\u017cd\u0105 przeszkod\u0119.<\/p>\n<p>Dane techniczne<br \/>\nAutomatyczne otwieranie\/zamykanie \u2013 otwieranie frontu<br \/>\nAkcja: Podw\u00f3jna akcja \u2013 automatyczny ogie\u0144\/wycofanie<br \/>\nNale\u017cy pami\u0119ta\u0107, \u017ce nie mo\u017cna okre\u015bli\u0107 stali ostrza, poniewa\u017c mo\u017ce si\u0119 ona r\u00f3\u017cni\u0107 w zale\u017cno\u015bci od dost\u0119pno\u015bci (informacje od Microtech)<br \/>\nD\u0142ugo\u015b\u0107 ostrza: 8,65 cm<br \/>\nStyl ostrza: Ogar bojowy Wharncliffe, br\u0105zowy apokaliptyczny<br \/>\nGrubo\u015b\u0107 r\u0105czki: 1,6 cm<br \/>\nMateria\u0142 r\u0119koje\u015bci: anodowane aluminium 6061-T6 w kolorze czerwonym Mil-Spec Hard Coat<br \/>\nD\u0142ugo\u015b\u0107 po zamkni\u0119ciu: 12,1 cm<br \/>\nD\u0142ugo\u015b\u0107 w stanie otwartym: 21 cm<br \/>\nMateria\u0142 klipsa kieszeniowego: stal nierdzewna 301<br \/>\nStandardowa cholewka: stop 6061-T6 AL<br \/>\nSpust: stal nierdzewna 303<br \/>\nWaga: 3,4 uncji<br \/>\nRozbijacz okien<br \/>\nWykonane w USA<\/p>\n<p><iframe title=\"Microtech Combat Troodon Torture Test\" width=\"800\" height=\"450\" src=\"https:\/\/www.youtube.com\/embed\/xE9TeOFYEjg?feature=oembed\" frameborder=\"0\" allow=\"accelerometer; autoplay; clipboard-write; encrypted-media; gyroscope; picture-in-picture; web-share\" allowfullscreen><\/iframe><\/p>\n<p>&nbsp;<\/p>\n","protected":false},"excerpt":{"rendered":"<p>Przez lata Microtech\u00ae Knives wype\u0142nia\u0142 no\u017ce pasj\u0105 i umiej\u0119tno\u015bciami, aby tworzy\u0107 niemal dzie\u0142a sztuki, kt\u00f3re s\u0105 szczytem funkcjonalno\u015bci.Wszystkie cz\u0119\u015bci s\u0105 produkowane w USA.<br \/>\n<strong>Wszystkie no\u017ce Microtech obj\u0119te s\u0105 do\u017cywotni\u0105 gwarancj\u0105.<\/strong><\/p>\n<p><strong>Bezp\u0142atny transport.<\/strong><\/p>\n","protected":false},"featured_media":310116,"comment_status":"open","ping_status":"closed","template":"","meta":[],"pwb-brand":[3279],"product_brand":[],"product_cat":[3296,3344],"product_tag":[3671],"class_list":{"0":"post-310102","1":"product","2":"type-product","3":"status-publish","4":"has-post-thumbnail","6":"pwb-brand-microtech-pl","7":"product_cat-noze-pl","8":"product_cat-noze-strzeleckie","9":"product_tag-b2b-pl","11":"first","12":"instock","13":"taxable","14":"shipping-taxable","15":"purchasable","16":"product-type-simple"},"brands":[{"id":3279,"name":"Microtech","slug":"microtech-pl"}],"_links":{"self":[{"href":"https:\/\/www.moskito.cz\/pl\/wp-json\/wp\/v2\/product\/310102","targetHints":{"allow":["GET"]}}],"collection":[{"href":"https:\/\/www.moskito.cz\/pl\/wp-json\/wp\/v2\/product"}],"about":[{"href":"https:\/\/www.moskito.cz\/pl\/wp-json\/wp\/v2\/types\/product"}],"replies":[{"embeddable":true,"href":"https:\/\/www.moskito.cz\/pl\/wp-json\/wp\/v2\/comments?post=310102"}],"wp:featuredmedia":[{"embeddable":true,"href":"https:\/\/www.moskito.cz\/pl\/wp-json\/wp\/v2\/media\/310116"}],"wp:attachment":[{"href":"https:\/\/www.moskito.cz\/pl\/wp-json\/wp\/v2\/media?parent=310102"}],"wp:term":[{"taxonomy":"pwb-brand","embeddable":true,"href":"https:\/\/www.moskito.cz\/pl\/wp-json\/wp\/v2\/pwb-brand?post=310102"},{"taxonomy":"product_brand","embeddable":true,"href":"https:\/\/www.moskito.cz\/pl\/wp-json\/wp\/v2\/product_brand?post=310102"},{"taxonomy":"product_cat","embeddable":true,"href":"https:\/\/www.moskito.cz\/pl\/wp-json\/wp\/v2\/product_cat?post=310102"},{"taxonomy":"product_tag","embeddable":true,"href":"https:\/\/www.moskito.cz\/pl\/wp-json\/wp\/v2\/product_tag?post=310102"}],"curies":[{"name":"wp","href":"https:\/\/api.w.org\/{rel}","templated":true}]}}