{"id":310121,"date":"2023-04-15T16:13:36","date_gmt":"2024-02-06T15:12:06","guid":{"rendered":"https:\/\/www.moskito.cz\/produkt\/noz-taktyczny-microtech-ultratech-signature-series-121-1ocs\/"},"modified":"2025-05-07T11:01:12","modified_gmt":"2025-05-07T10:01:12","slug":"noz-taktyczny-microtech-ultratech-signature-series-121-1ocs","status":"publish","type":"product","link":"https:\/\/www.moskito.cz\/pl\/produkt\/noz-taktyczny-microtech-ultratech-signature-series-121-1ocs\/","title":{"rendered":"N\u00f3\u017c taktyczny Microtech Ultratech Signature Series 121-1OCS"},"content":{"rendered":"<p>N\u00f3\u017c taktyczny <strong>Microtech<\/strong> Ultratech Signature Series 121-1OCS<\/p>\n<p><strong>Ultratech<\/strong> na zawsze ustanowi standardy dla wszystkich no\u017cy przednich. Ultratech jest oryginalnym no\u017cem przednim o podw\u00f3jnym dzia\u0142aniu firmy Microtech i by\u0142 podstaw\u0105 ca\u0142ej linii OTF. Na przestrzeni lat przeszed\u0142 kilka modyfikacji, za ka\u017cdym razem staj\u0105c si\u0119 coraz bardziej wydajny i niezawodny. Ta wersja ma ulepszon\u0105 formowan\u0105 r\u0119koje\u015b\u0107 z teksturowanym suwakiem na kciuk. Spr\u0119\u017cyna Ultratech pozostaje przez ca\u0142y czas w pozycji \u201espoczynkowej\u201d, chyba \u017ce jest rozci\u0105gni\u0119ta. Dzi\u0119ki temu \u015bci\u015bni\u0119ta spr\u0119\u017cyna nie ulega zm\u0119czeniu, co daje pewno\u015b\u0107 u\u017cytkownikom, \u017ce n\u00f3\u017c po oddaniu strza\u0142u b\u0119dzie dzia\u0142a\u0142 skutecznie. Ultratech mo\u017ce przybiera\u0107 wiele r\u00f3\u017cnych form; mo\u017cna go wyko\u0144czy\u0107 standardowym uchwytem aluminiowym obrobionym maszynowo lub elementem z w\u0142\u00f3kna w\u0119glowego. Lekki, otwierany i zamykany jedn\u0105 r\u0119k\u0105, smuk\u0142y kszta\u0142t i ostre jak skalpel ostrze sprawiaj\u0105, \u017ce Ultratech jest wyj\u0105tkowym no\u017cem dost\u0119pnym wy\u0142\u0105cznie w Microtech. N\u00f3\u017c ten wielokrotnie udowodni\u0142, \u017ce jest w stanie pokona\u0107 ka\u017cd\u0105 przeszkod\u0119. Czas poka\u017ce, jaki b\u0119dzie kolejny krok w przypadku linii Ultratech.<\/p>\n<p>Dane techniczne:<br \/>\nAutomatyczne otwieranie\/zamykanie \u2013 otwieranie frontu<br \/>\nAkcja: Podw\u00f3jna akcja \u2013 automatyczny strza\u0142\/wycofanie<br \/>\nGrubo\u015b\u0107 ostrza: 0,31 cm<br \/>\nD\u0142ugo\u015b\u0107 ostrza: 8,65 cm<br \/>\nStyl ostrza: Tanto z pojedyncz\u0105 kraw\u0119dzi\u0105, g\u0142adkie<br \/>\nGrubo\u015b\u0107 r\u0105czki: 1,6 cm<br \/>\nMateria\u0142 r\u0119koje\u015bci: 6061-T6 z anodowan\u0105 tward\u0105 pow\u0142ok\u0105 Camo Mil-Spec w kolorze zielonym OD<\/p>\n<p>D\u0142ugo\u015b\u0107 po zamkni\u0119ciu: 12,1 cm<br \/>\nD\u0142ugo\u015b\u0107 w stanie roz\u0142o\u017conym: 20,75 cm<br \/>\nMateria\u0142 klipsa kieszeniowego: stal nierdzewna 301, ca\u0142kowicie twarda<br \/>\nStandardowa cholewka: stop 6061-T6 AL<br \/>\nSpust: stal nierdzewna 303<br \/>\nWaga: 3,30 uncji<br \/>\nStal: M390<br \/>\nWykonane w USA<\/p>\n<p><iframe title=\"Microtech Combat Troodon Torture Test\" width=\"800\" height=\"450\" src=\"https:\/\/www.youtube.com\/embed\/xE9TeOFYEjg?feature=oembed\" frameborder=\"0\" allow=\"accelerometer; autoplay; clipboard-write; encrypted-media; gyroscope; picture-in-picture; web-share\" allowfullscreen><\/iframe><\/p>\n<p>&nbsp;<\/p>\n","protected":false},"excerpt":{"rendered":"<p>Przez lata <strong>firma Microtech\u00ae Knives<\/strong> wype\u0142nia\u0142a no\u017ce pasj\u0105 i umiej\u0119tno\u015bciami, aby tworzy\u0107 niemal dzie\u0142a sztuki, kt\u00f3re s\u0105 szczytem funkcjonalno\u015bci. Wszystkie cz\u0119\u015bci wyprodukowano w USA.<br \/>\n<strong>Wszystkie no\u017ce Microtech obj\u0119te s\u0105 do\u017cywotni\u0105 gwarancj\u0105.<\/strong><\/p>\n<p><strong>Bezp\u0142atny transport.<\/strong><\/p>\n","protected":false},"featured_media":310132,"comment_status":"open","ping_status":"closed","template":"","meta":[],"pwb-brand":[3279],"product_brand":[],"product_cat":[3296,3344],"product_tag":[3671],"class_list":{"0":"post-310121","1":"product","2":"type-product","3":"status-publish","4":"has-post-thumbnail","6":"pwb-brand-microtech-pl","7":"product_cat-noze-pl","8":"product_cat-noze-strzeleckie","9":"product_tag-b2b-pl","11":"first","12":"instock","13":"downloadable","14":"taxable","15":"shipping-taxable","16":"purchasable","17":"product-type-simple"},"brands":[{"id":3279,"name":"Microtech","slug":"microtech-pl"}],"_links":{"self":[{"href":"https:\/\/www.moskito.cz\/pl\/wp-json\/wp\/v2\/product\/310121","targetHints":{"allow":["GET"]}}],"collection":[{"href":"https:\/\/www.moskito.cz\/pl\/wp-json\/wp\/v2\/product"}],"about":[{"href":"https:\/\/www.moskito.cz\/pl\/wp-json\/wp\/v2\/types\/product"}],"replies":[{"embeddable":true,"href":"https:\/\/www.moskito.cz\/pl\/wp-json\/wp\/v2\/comments?post=310121"}],"wp:featuredmedia":[{"embeddable":true,"href":"https:\/\/www.moskito.cz\/pl\/wp-json\/wp\/v2\/media\/310132"}],"wp:attachment":[{"href":"https:\/\/www.moskito.cz\/pl\/wp-json\/wp\/v2\/media?parent=310121"}],"wp:term":[{"taxonomy":"pwb-brand","embeddable":true,"href":"https:\/\/www.moskito.cz\/pl\/wp-json\/wp\/v2\/pwb-brand?post=310121"},{"taxonomy":"product_brand","embeddable":true,"href":"https:\/\/www.moskito.cz\/pl\/wp-json\/wp\/v2\/product_brand?post=310121"},{"taxonomy":"product_cat","embeddable":true,"href":"https:\/\/www.moskito.cz\/pl\/wp-json\/wp\/v2\/product_cat?post=310121"},{"taxonomy":"product_tag","embeddable":true,"href":"https:\/\/www.moskito.cz\/pl\/wp-json\/wp\/v2\/product_tag?post=310121"}],"curies":[{"name":"wp","href":"https:\/\/api.w.org\/{rel}","templated":true}]}}