{"id":310309,"date":"2023-04-13T20:25:33","date_gmt":"2024-02-06T17:56:52","guid":{"rendered":"https:\/\/www.moskito.cz\/produkt\/noz-mysliwski-microtech-signature-series-makora-taktyczny-206-1ts\/"},"modified":"2025-05-07T11:01:17","modified_gmt":"2025-05-07T10:01:17","slug":"noz-mysliwski-microtech-signature-series-makora-taktyczny-206-1ts","status":"publish","type":"product","link":"https:\/\/www.moskito.cz\/pl\/produkt\/noz-mysliwski-microtech-signature-series-makora-taktyczny-206-1ts\/","title":{"rendered":"N\u00f3\u017c my\u015bliwski Microtech Signature Series Makora Taktyczny 206-1TS"},"content":{"rendered":"<p>N\u00f3\u017c my\u015bliwski <strong>Microtech<\/strong> Signature Series Makora Taktyczny 206-1TS<\/p>\n<pre id=\"tw-target-text\" class=\"tw-data-text tw-text-large tw-ta\" dir=\"ltr\" data-placeholder=\"P\u0159eklad\"><span class=\"Y2IQFc\" lang=\"cs\">Koncept Makory se vyvinul ze slavn\u00e9ho designu Microtech Ultratech. Byl testov\u00e1n v praxi a osv\u011bd\u010den\u00fd po dobu n\u011bkolika let. Tento design obsahuje mnoho funkc\u00ed, kter\u00e9 byly po\u017eadov\u00e1ny a specifikov\u00e1ny u\u017eivateli, kte\u0159\u00ed preferuj\u00ed tento vysoce \u00fa\u010dinn\u00fd n\u00e1stroj p\u0159ed jak\u00fdmkoli jin\u00fdm. Pru\u017eina Makory z\u016fst\u00e1v\u00e1 v \u201eklidov\u00e9\u201c poloze po celou dobu, s v\u00fdjimkou vysunut\u00ed. Bez \u00fanavy na stla\u010den\u00e9 pru\u017ein\u011b, kdy\u017e n\u016f\u017e nen\u00ed pou\u017e\u00edv\u00e1n, to d\u00e1v\u00e1 u\u017eivatel\u016fm spolehlivost a jistotu, \u017ee kdy\u017e se stiskne uvoln\u011bn\u00ed, n\u016f\u017e bude fungovat. Mezi dal\u0161\u00ed vlastnosti pat\u0159\u00ed rychl\u00e9 a efektivn\u00ed otev\u00edr\u00e1n\u00ed a zav\u00edr\u00e1n\u00ed jednou rukou, \u010depel z pr\u00e9miov\u00e9 oceli, oboustrann\u00e1 spona na kapsu a \u0161rouby odoln\u00e9 proti neopr\u00e1vn\u011bn\u00e9 manipulaci.\n\nSpecifikace:\nD\u00e9lka \u010depele: 8.25 cm\n\u0158ezn\u00e1 hrana: 8 cm\nD\u00e9lka v zav\u0159en\u00e9m stavu: 12.81 cm\nCelkov\u00e1 d\u00e9lka: 21.12 cm\nOcel: M390\nTlou\u0161\u0165ka \u010depele: 0.31 cm\nStyl \u010depele: D\u00fdka s dvojitou hranou\nBrou\u0161en\u00ed \u010depele: Ploch\u00e9\nPovrchov\u00e1 \u00faprava \u010depele: \u010dern\u00e1\nMateri\u00e1l rukojeti: \u010cern\u00fd leteck\u00fd hlin\u00edk s \u010dern\u00fdmi trak\u010dn\u00edmi vlo\u017ekami\nTlou\u0161\u0165ka rukojeti: 1.38 cm\nUzamykac\u00ed mechanismus: Posuvn\u00fd\nKapesn\u00ed spona: Titan (skl\u00e1p\u011bc\u00ed, prav\u00e9\/lev\u00e9 no\u0161en\u00ed)\nHmotnost: 3,32 oz.\nDesign\u00e9r: Tony Marfione\nVnit\u0159n\u00ed nikl Boron\nVyrobeno v USA\n\n<iframe title=\"Microtech Combat Troodon Torture Test\" width=\"800\" height=\"450\" src=\"https:\/\/www.youtube.com\/embed\/xE9TeOFYEjg?feature=oembed\" frameborder=\"0\" allow=\"accelerometer; autoplay; clipboard-write; encrypted-media; gyroscope; picture-in-picture; web-share\" allowfullscreen><\/iframe>\n\n<\/span><\/pre>\n","protected":false},"excerpt":{"rendered":"<p>Przez lata <strong>Microtech\u00ae Knives<\/strong> wype\u0142nia\u0142 no\u017ce pasj\u0105 i umiej\u0119tno\u015bciami, aby stworzy\u0107 niemal dzie\u0142a sztuki, kt\u00f3re s\u0105 szczytem funkcjonalno\u015bci.Wszystkie cz\u0119\u015bci s\u0105 produkowane w USA.<br \/>\n<strong>Wszystkie no\u017ce Microtech obj\u0119te s\u0105 do\u017cywotni\u0105 gwarancj\u0105.<\/strong><\/p>\n<p><strong>Bezp\u0142atny transport.<\/strong><\/p>\n","protected":false},"featured_media":310319,"comment_status":"open","ping_status":"closed","template":"","meta":[],"pwb-brand":[3279],"product_brand":[],"product_cat":[3296,3344],"product_tag":[3671],"class_list":{"0":"post-310309","1":"product","2":"type-product","3":"status-publish","4":"has-post-thumbnail","6":"pwb-brand-microtech-pl","7":"product_cat-noze-pl","8":"product_cat-noze-strzeleckie","9":"product_tag-b2b-pl","11":"first","12":"instock","13":"taxable","14":"shipping-taxable","15":"purchasable","16":"product-type-simple"},"brands":[{"id":3279,"name":"Microtech","slug":"microtech-pl"}],"_links":{"self":[{"href":"https:\/\/www.moskito.cz\/pl\/wp-json\/wp\/v2\/product\/310309","targetHints":{"allow":["GET"]}}],"collection":[{"href":"https:\/\/www.moskito.cz\/pl\/wp-json\/wp\/v2\/product"}],"about":[{"href":"https:\/\/www.moskito.cz\/pl\/wp-json\/wp\/v2\/types\/product"}],"replies":[{"embeddable":true,"href":"https:\/\/www.moskito.cz\/pl\/wp-json\/wp\/v2\/comments?post=310309"}],"wp:featuredmedia":[{"embeddable":true,"href":"https:\/\/www.moskito.cz\/pl\/wp-json\/wp\/v2\/media\/310319"}],"wp:attachment":[{"href":"https:\/\/www.moskito.cz\/pl\/wp-json\/wp\/v2\/media?parent=310309"}],"wp:term":[{"taxonomy":"pwb-brand","embeddable":true,"href":"https:\/\/www.moskito.cz\/pl\/wp-json\/wp\/v2\/pwb-brand?post=310309"},{"taxonomy":"product_brand","embeddable":true,"href":"https:\/\/www.moskito.cz\/pl\/wp-json\/wp\/v2\/product_brand?post=310309"},{"taxonomy":"product_cat","embeddable":true,"href":"https:\/\/www.moskito.cz\/pl\/wp-json\/wp\/v2\/product_cat?post=310309"},{"taxonomy":"product_tag","embeddable":true,"href":"https:\/\/www.moskito.cz\/pl\/wp-json\/wp\/v2\/product_tag?post=310309"}],"curies":[{"name":"wp","href":"https:\/\/api.w.org\/{rel}","templated":true}]}}