{"id":310449,"date":"2023-03-15T22:22:57","date_gmt":"2023-03-15T21:22:57","guid":{"rendered":"https:\/\/www.moskito.cz\/produkt\/noz-strzelecki-microtech-bounty-hunter-combat-troodon-apocalyptic-hellhound-219-10bh\/"},"modified":"2025-05-07T11:01:21","modified_gmt":"2025-05-07T10:01:21","slug":"noz-strzelecki-microtech-bounty-hunter-combat-troodon-apocalyptic-hellhound-219-10bh","status":"publish","type":"product","link":"https:\/\/www.moskito.cz\/pl\/produkt\/noz-strzelecki-microtech-bounty-hunter-combat-troodon-apocalyptic-hellhound-219-10bh\/","title":{"rendered":"N\u00f3\u017c strzelecki Microtech Bounty Hunter Combat Troodon Apocalyptic Hellhound 219-10BH"},"content":{"rendered":"<p>N\u00f3\u017c strzelecki <strong>Microtech<\/strong> Bounty Hunter Combat Troodon Apocalyptic Hellhound 219-10BH<\/p>\n<p>Combat Troodon to precyzyjnie wykonany taktyczny n\u00f3\u017c przedni. Jest o 25% wi\u0119kszy od ich flagowego modelu Troodon. Zapewnia smuk\u0142y uchwyt, wyprofilowany kszta\u0142t, radykalne elementy konstrukcyjne i wyrafinowany mechanizm wewn\u0119trzny, kt\u00f3ry poprawia funkcjonalno\u015b\u0107 operacyjn\u0105 i niezawodno\u015b\u0107 na wi\u0119ksz\u0105 skal\u0119. <strong>Combat Troodon<\/strong> zosta\u0142 zaprojektowany do szerokiego zakresu zastosowa\u0144 u\u017cytkowych i walki w zwarciu. Ostrze Hellhound Tanto o d\u0142ugo\u015bci 3,75 cala ma apokaliptyczne wyko\u0144czenie akcentowane szczotkowanymi satynowymi powierzchniami i tradycyjn\u0105, pe\u0142niejsz\u0105 czerni\u0105 Marfione. Aluminiowe uchwyty maj\u0105 awaryjne zielone wyko\u0144czenie z czerwonymi elementami i niestandardow\u0105 kruszark\u0105 czaszki, kt\u00f3r\u0105 ten model nazywa Combat Bounty Hunter, czyli Boba. Fetta. Posiada r\u00f3wnie\u017c bardzo fajne logo Mythosaur na klipsie kieszeni, kt\u00f3re by\u0142o symbolem czaszki Prawdziwych Mandalorian.<\/p>\n<p>Dane techniczne:<br \/>\nTroodon \u2013 \u201eRana z\u0119ba\u201d (edycja Combat Bounty Hunter)<br \/>\nD\u0142ugo\u015b\u0107 ca\u0142kowita: 21,55 cm<br \/>\nD\u0142ugo\u015b\u0107 po zamkni\u0119ciu: 14,605 \u200b\u200bcm<br \/>\nD\u0142ugo\u015b\u0107 ostrza: 9,525 cm<br \/>\nD\u0142ugo\u015b\u0107 kraw\u0119dzi tn\u0105cej: 9,525 cm<br \/>\nGrubo\u015b\u0107 ostrza: 0,323 cm<br \/>\nObr\u00f3bka powierzchni ostrza: Stonewash<br \/>\nStyl ostrza: Hellhound Tanto<br \/>\nStyl obramowania: zwyk\u0142y<br \/>\nMateria\u0142 r\u0119koje\u015bci: zielone aluminium<br \/>\nGrubo\u015b\u0107 r\u0105czki: 1473 cm<br \/>\nKieszonkowy klips: Tak \u2013 prawa r\u0119ka, ko\u0144c\u00f3wk\u0105 do do\u0142u<br \/>\nWaga: 155,93 g<br \/>\nTyp zamka: Zamek wg\u0142\u0119bny<br \/>\nProducent nr ref. #: 219-10BH<br \/>\nKraj pochodzenia: USA<\/p>\n<p><iframe title=\"Microtech Combat Troodon Torture Test\" width=\"800\" height=\"450\" src=\"https:\/\/www.youtube.com\/embed\/xE9TeOFYEjg?feature=oembed\" frameborder=\"0\" allow=\"accelerometer; autoplay; clipboard-write; encrypted-media; gyroscope; picture-in-picture; web-share\" allowfullscreen><\/iframe><\/p>\n<p>&nbsp;<\/p>\n","protected":false},"excerpt":{"rendered":"<p>Przez lata <strong>Microtech\u00ae<\/strong> Knives wype\u0142nia\u0142 no\u017ce pasj\u0105 i umiej\u0119tno\u015bciami, aby tworzy\u0107 niemal dzie\u0142a sztuki, kt\u00f3re s\u0105 szczytem funkcjonalno\u015bci.Wszystkie cz\u0119\u015bci s\u0105 produkowane w USA.<br \/>\n<strong>Wszystkie no\u017ce Microtech obj\u0119te s\u0105 do\u017cywotni\u0105 gwarancj\u0105.<\/strong><\/p>\n<p><strong>Bezp\u0142atny transport.<\/strong><\/p>\n","protected":false},"featured_media":310462,"comment_status":"open","ping_status":"closed","template":"","meta":[],"pwb-brand":[3279],"product_brand":[],"product_cat":[3344,3296],"product_tag":[3671],"class_list":{"0":"post-310449","1":"product","2":"type-product","3":"status-publish","4":"has-post-thumbnail","6":"pwb-brand-microtech-pl","7":"product_cat-noze-strzeleckie","8":"product_cat-noze-pl","9":"product_tag-b2b-pl","11":"first","12":"outofstock","13":"taxable","14":"shipping-taxable","15":"purchasable","16":"product-type-simple"},"brands":[{"id":3279,"name":"Microtech","slug":"microtech-pl"}],"_links":{"self":[{"href":"https:\/\/www.moskito.cz\/pl\/wp-json\/wp\/v2\/product\/310449","targetHints":{"allow":["GET"]}}],"collection":[{"href":"https:\/\/www.moskito.cz\/pl\/wp-json\/wp\/v2\/product"}],"about":[{"href":"https:\/\/www.moskito.cz\/pl\/wp-json\/wp\/v2\/types\/product"}],"replies":[{"embeddable":true,"href":"https:\/\/www.moskito.cz\/pl\/wp-json\/wp\/v2\/comments?post=310449"}],"wp:featuredmedia":[{"embeddable":true,"href":"https:\/\/www.moskito.cz\/pl\/wp-json\/wp\/v2\/media\/310462"}],"wp:attachment":[{"href":"https:\/\/www.moskito.cz\/pl\/wp-json\/wp\/v2\/media?parent=310449"}],"wp:term":[{"taxonomy":"pwb-brand","embeddable":true,"href":"https:\/\/www.moskito.cz\/pl\/wp-json\/wp\/v2\/pwb-brand?post=310449"},{"taxonomy":"product_brand","embeddable":true,"href":"https:\/\/www.moskito.cz\/pl\/wp-json\/wp\/v2\/product_brand?post=310449"},{"taxonomy":"product_cat","embeddable":true,"href":"https:\/\/www.moskito.cz\/pl\/wp-json\/wp\/v2\/product_cat?post=310449"},{"taxonomy":"product_tag","embeddable":true,"href":"https:\/\/www.moskito.cz\/pl\/wp-json\/wp\/v2\/product_tag?post=310449"}],"curies":[{"name":"wp","href":"https:\/\/api.w.org\/{rel}","templated":true}]}}