{"id":310524,"date":"2023-03-15T21:15:07","date_gmt":"2024-02-06T19:16:44","guid":{"rendered":"https:\/\/www.moskito.cz\/produkt\/noz-zamykajacy-microtech-anax-dlc-tytanowa-wkladka-z-wlokna-weglowego-190c-1dlctcfiti\/"},"modified":"2025-05-07T11:01:26","modified_gmt":"2025-05-07T10:01:26","slug":"noz-zamykajacy-microtech-anax-dlc-tytanowa-wkladka-z-wlokna-weglowego-190c-1dlctcfiti","status":"publish","type":"product","link":"https:\/\/www.moskito.cz\/pl\/produkt\/noz-zamykajacy-microtech-anax-dlc-tytanowa-wkladka-z-wlokna-weglowego-190c-1dlctcfiti\/","title":{"rendered":"N\u00f3\u017c zamykaj\u0105cy Microtech Anax DLC Tytanowa wk\u0142adka z w\u0142\u00f3kna w\u0119glowego 190C-1DLCTCFITI"},"content":{"rendered":"<p>N\u00f3\u017c zamykaj\u0105cy <strong>Microtech<\/strong> Anax DLC Tytanowa wk\u0142adka z w\u0142\u00f3kna w\u0119glowego 190C-1DLCTCFITI<\/p>\n<p><strong>Anax<\/strong> , zaprojektowany przez <strong>Microtech<\/strong> i wyprodukowany przez Rike Knife, nadal jest w pe\u0142ni integraln\u0105 cz\u0119\u015bci\u0105, ale teraz jest dedykowanym przednim finem. Ma \u015bwietny rozmiar ostrza i stosunek szeroko\u015bci do uchwytu, kt\u00f3ry zapewnia ogromn\u0105 moc ci\u0119cia w cienkiej, smuk\u0142ej, a jednocze\u015bnie wytrzyma\u0142ej obudowie. Kszta\u0142t ostrza typu drop point jest doskona\u0142y &#8211; zapewnia mn\u00f3stwo brzucha do krojenia i ma wyj\u0105tkowo mocn\u0105 ko\u0144c\u00f3wk\u0119 zapewniaj\u0105c\u0105 si\u0142\u0119 k\u0142ucia.<\/p>\n<p>D\u0142ugo\u015b\u0107 ca\u0142kowita: 21,8 cm<br \/>\nD\u0142ugo\u015b\u0107 ostrza: 9,4 cm<br \/>\nGrubo\u015b\u0107 ostrza: 0,4 cm<br \/>\nStal ostrza: M390<br \/>\nObr\u00f3bka powierzchni ostrza: DLC<br \/>\nMateria\u0142 r\u0119koje\u015bci: tytan &#8211; w\u0142\u00f3kno w\u0119glowe<br \/>\nKieszonkowy klips: tak, tylko dla prawej r\u0119ki, przechyl do g\u00f3ry<br \/>\nTyp blokady: Blokada ramy<\/p>\n<p><iframe title=\"Microtech Combat Troodon Torture Test\" width=\"800\" height=\"450\" src=\"https:\/\/www.youtube.com\/embed\/xE9TeOFYEjg?feature=oembed\" frameborder=\"0\" allow=\"accelerometer; autoplay; clipboard-write; encrypted-media; gyroscope; picture-in-picture; web-share\" allowfullscreen><\/iframe><\/p>\n<p>&nbsp;<\/p>\n","protected":false},"excerpt":{"rendered":"<p>Przez lata <strong>Microtech\u00ae<\/strong> Knives wype\u0142nia\u0142 no\u017ce pasj\u0105 i umiej\u0119tno\u015bciami, aby tworzy\u0107 niemal dzie\u0142a sztuki, kt\u00f3re s\u0105 szczytem funkcjonalno\u015bci.Wszystkie cz\u0119\u015bci s\u0105 produkowane w USA.<br \/>\n<strong>Wszystkie no\u017ce Microtech obj\u0119te s\u0105 do\u017cywotni\u0105 gwarancj\u0105 (min. 80 000 cykli, otwieranie i zamykanie)<\/strong><\/p>\n<p><strong>Bezp\u0142atny transport.<\/strong><\/p>\n","protected":false},"featured_media":310525,"comment_status":"open","ping_status":"closed","template":"","meta":[],"pwb-brand":[3279],"product_brand":[],"product_cat":[3296,3307],"product_tag":[3671],"class_list":{"0":"post-310524","1":"product","2":"type-product","3":"status-publish","4":"has-post-thumbnail","6":"pwb-brand-microtech-pl","7":"product_cat-noze-pl","8":"product_cat-zamykanie-nozy","9":"product_tag-b2b-pl","11":"first","12":"instock","13":"taxable","14":"shipping-taxable","15":"purchasable","16":"product-type-simple"},"brands":[{"id":3279,"name":"Microtech","slug":"microtech-pl"}],"_links":{"self":[{"href":"https:\/\/www.moskito.cz\/pl\/wp-json\/wp\/v2\/product\/310524","targetHints":{"allow":["GET"]}}],"collection":[{"href":"https:\/\/www.moskito.cz\/pl\/wp-json\/wp\/v2\/product"}],"about":[{"href":"https:\/\/www.moskito.cz\/pl\/wp-json\/wp\/v2\/types\/product"}],"replies":[{"embeddable":true,"href":"https:\/\/www.moskito.cz\/pl\/wp-json\/wp\/v2\/comments?post=310524"}],"wp:featuredmedia":[{"embeddable":true,"href":"https:\/\/www.moskito.cz\/pl\/wp-json\/wp\/v2\/media\/310525"}],"wp:attachment":[{"href":"https:\/\/www.moskito.cz\/pl\/wp-json\/wp\/v2\/media?parent=310524"}],"wp:term":[{"taxonomy":"pwb-brand","embeddable":true,"href":"https:\/\/www.moskito.cz\/pl\/wp-json\/wp\/v2\/pwb-brand?post=310524"},{"taxonomy":"product_brand","embeddable":true,"href":"https:\/\/www.moskito.cz\/pl\/wp-json\/wp\/v2\/product_brand?post=310524"},{"taxonomy":"product_cat","embeddable":true,"href":"https:\/\/www.moskito.cz\/pl\/wp-json\/wp\/v2\/product_cat?post=310524"},{"taxonomy":"product_tag","embeddable":true,"href":"https:\/\/www.moskito.cz\/pl\/wp-json\/wp\/v2\/product_tag?post=310524"}],"curies":[{"name":"wp","href":"https:\/\/api.w.org\/{rel}","templated":true}]}}