{"id":310631,"date":"2023-03-14T20:45:28","date_gmt":"2024-02-06T19:19:14","guid":{"rendered":"https:\/\/www.moskito.cz\/produkt\/noz-strzelecki-microtech-ultratech-spartan-bronze-od-green-223-13od\/"},"modified":"2025-05-07T11:01:28","modified_gmt":"2025-05-07T10:01:28","slug":"noz-strzelecki-microtech-ultratech-spartan-bronze-od-green-223-13od","status":"publish","type":"product","link":"https:\/\/www.moskito.cz\/pl\/produkt\/noz-strzelecki-microtech-ultratech-spartan-bronze-od-green-223-13od\/","title":{"rendered":"N\u00f3\u017c strzelecki Microtech Ultratech Spartan Bronze OD Green 223-13OD"},"content":{"rendered":"<p>N\u00f3\u017c strzelecki <strong>Microtech<\/strong> Ultratech Spartan Bronze OD Green 223-13OD<\/p>\n<p><strong>Ultratech<\/strong> na zawsze ustanowi standardy dla wszystkich no\u017cy przednich. Ultratech jest oryginalnym no\u017cem przednim o podw\u00f3jnym dzia\u0142aniu firmy Microtech i by\u0142 podstaw\u0105 ca\u0142ej linii OTF. Na przestrzeni lat przeszed\u0142 kilka modyfikacji, za ka\u017cdym razem staj\u0105c si\u0119 coraz bardziej wydajny i niezawodny. Spr\u0119\u017cyna Ultratech pozostaje przez ca\u0142y czas w pozycji \u201espoczynkowej\u201d, chyba \u017ce jest rozci\u0105gni\u0119ta. Dzi\u0119ki temu \u015bci\u015bni\u0119ta spr\u0119\u017cyna nie ulega zm\u0119czeniu, co daje pewno\u015b\u0107 u\u017cytkownikom, \u017ce n\u00f3\u017c po oddaniu strza\u0142u b\u0119dzie dzia\u0142a\u0142 skutecznie. Niewielka waga, mo\u017cliwo\u015b\u0107 otwierania i zamykania jedn\u0105 r\u0119k\u0105, smuk\u0142y kszta\u0142t i ostre obosieczne ostrze typu tanto sprawiaj\u0105, \u017ce jest to jedyny w swoim rodzaju n\u00f3\u017c dost\u0119pny wy\u0142\u0105cznie w firmie Microtech.<\/p>\n<p>D\u0142ugo\u015b\u0107 ca\u0142kowita: 22 cm<br \/>\nD\u0142ugo\u015b\u0107 ostrza: 8,6 cm<br \/>\nGrubo\u015b\u0107 ostrza: 0,33 cm<br \/>\nMateria\u0142 ostrza: 204P<br \/>\nStyl ostrza: Spartan Double Edge Tanto, br\u0105z<br \/>\nWstawki: p\u0142askie<br \/>\nTyp obramowania: Zwyk\u0142y<\/p>\n<p>Materia\u0142 r\u0119koje\u015bci: aluminium 6061-T6 z anodowan\u0105 tward\u0105 pow\u0142ok\u0105 Mil-Spec w kolorze zielonym OD<br \/>\nWaga: 3,60 uncji<br \/>\nU\u017cytkownik: Prawa r\u0119ka<br \/>\nKlips kieszonkowy: sk\u0142adany w d\u00f3\u0142<br \/>\nTyp no\u017ca: Automatyczny OTF Double Action<br \/>\nOtwieracz: kciuk<br \/>\nMarka: Microtech<br \/>\nModel: Ultratech<br \/>\nKraj pochodzenia: USA<br \/>\nNajlepsze zastosowanie: codziennie<\/p>\n<p><iframe title=\"Microtech Combat Troodon Torture Test\" width=\"800\" height=\"450\" src=\"https:\/\/www.youtube.com\/embed\/xE9TeOFYEjg?feature=oembed\" frameborder=\"0\" allow=\"accelerometer; autoplay; clipboard-write; encrypted-media; gyroscope; picture-in-picture; web-share\" allowfullscreen><\/iframe><\/p>\n<p>&nbsp;<\/p>\n","protected":false},"excerpt":{"rendered":"<p>Przez lata <strong>Microtech\u00ae Knives<\/strong> wype\u0142nia\u0142 no\u017ce pasj\u0105 i umiej\u0119tno\u015bciami, aby stworzy\u0107 niemal dzie\u0142a sztuki, kt\u00f3re s\u0105 szczytem funkcjonalno\u015bci.Wszystkie cz\u0119\u015bci s\u0105 produkowane w USA.<br \/>\n<strong>Wszystkie no\u017ce Microtech obj\u0119te s\u0105 do\u017cywotni\u0105 gwarancj\u0105.<\/strong><\/p>\n","protected":false},"featured_media":310640,"comment_status":"open","ping_status":"closed","template":"","meta":[],"pwb-brand":[3279],"product_brand":[],"product_cat":[3296,3344],"product_tag":[3671],"class_list":{"0":"post-310631","1":"product","2":"type-product","3":"status-publish","4":"has-post-thumbnail","6":"pwb-brand-microtech-pl","7":"product_cat-noze-pl","8":"product_cat-noze-strzeleckie","9":"product_tag-b2b-pl","11":"first","12":"instock","13":"taxable","14":"shipping-taxable","15":"purchasable","16":"product-type-simple"},"brands":[{"id":3279,"name":"Microtech","slug":"microtech-pl"}],"_links":{"self":[{"href":"https:\/\/www.moskito.cz\/pl\/wp-json\/wp\/v2\/product\/310631","targetHints":{"allow":["GET"]}}],"collection":[{"href":"https:\/\/www.moskito.cz\/pl\/wp-json\/wp\/v2\/product"}],"about":[{"href":"https:\/\/www.moskito.cz\/pl\/wp-json\/wp\/v2\/types\/product"}],"replies":[{"embeddable":true,"href":"https:\/\/www.moskito.cz\/pl\/wp-json\/wp\/v2\/comments?post=310631"}],"wp:featuredmedia":[{"embeddable":true,"href":"https:\/\/www.moskito.cz\/pl\/wp-json\/wp\/v2\/media\/310640"}],"wp:attachment":[{"href":"https:\/\/www.moskito.cz\/pl\/wp-json\/wp\/v2\/media?parent=310631"}],"wp:term":[{"taxonomy":"pwb-brand","embeddable":true,"href":"https:\/\/www.moskito.cz\/pl\/wp-json\/wp\/v2\/pwb-brand?post=310631"},{"taxonomy":"product_brand","embeddable":true,"href":"https:\/\/www.moskito.cz\/pl\/wp-json\/wp\/v2\/product_brand?post=310631"},{"taxonomy":"product_cat","embeddable":true,"href":"https:\/\/www.moskito.cz\/pl\/wp-json\/wp\/v2\/product_cat?post=310631"},{"taxonomy":"product_tag","embeddable":true,"href":"https:\/\/www.moskito.cz\/pl\/wp-json\/wp\/v2\/product_tag?post=310631"}],"curies":[{"name":"wp","href":"https:\/\/api.w.org\/{rel}","templated":true}]}}