{"id":310639,"date":"2023-03-14T19:41:19","date_gmt":"2024-02-06T19:19:15","guid":{"rendered":"https:\/\/www.moskito.cz\/produkt\/noz-strzelecki-microtech-dirac-delta-urban-camo-cerakote-227-1ucs\/"},"modified":"2025-05-07T11:01:28","modified_gmt":"2025-05-07T10:01:28","slug":"noz-strzelecki-microtech-dirac-delta-urban-camo-cerakote-227-1ucs","status":"publish","type":"product","link":"https:\/\/www.moskito.cz\/pl\/produkt\/noz-strzelecki-microtech-dirac-delta-urban-camo-cerakote-227-1ucs\/","title":{"rendered":"N\u00f3\u017c strzelecki Microtech Dirac Delta Urban Camo Cerakote 227-1UCS"},"content":{"rendered":"<p>N\u00f3\u017c strzelecki <strong>Microtech<\/strong> Dirac Delta Urban Camo Cerakote 227-1UCS<\/p>\n<p>Dirac to pierwszy n\u00f3\u017c podw\u00f3jnego dzia\u0142ania firmy Microtech z suwakiem strzelaj\u0105cym z os\u0142ony. Niezwykle ergonomiczne podwozie ma zakrzywione linie przypominaj\u0105ce HALO, co zapewnia nieco inne wyczucie w por\u00f3wnaniu z innymi uchwytami. Zbadali ten konkretny projekt OTF i wykorzystali charakterystyczne cechy mikrotechnologii o ultra wysokiej tolerancji, takie jak opatentowany sprz\u0119t, innowacyjny mechanizm wewn\u0119trzny i zbijak do szk\u0142a. Dzi\u0119ki ca\u0142kowitej d\u0142ugo\u015bci 9,4 cala Dirac ma odpowiedni rozmiar do no\u017ca codziennego lub taktycznego.<\/p>\n<p><strong>Dane techniczne:<\/strong><br \/>\nD\u0142ugo\u015b\u0107 ostrza: 9,5 cm<br \/>\nD\u0142ugo\u015b\u0107 ca\u0142kowita: 23,5 cm<br \/>\nStal: M390<br \/>\nStyl ostrza: sztylet o podw\u00f3jnym ostrzu<br \/>\nSzlif ostrza: p\u0142aski<br \/>\nWyko\u0144czenie ostrza: Urban Camo<br \/>\nMateria\u0142 r\u0119koje\u015bci: aluminium 6061-T6, anodowane Urban Camo Mil-Spec Hard Coat<br \/>\nMechanizm blokuj\u0105cy: Zasuwa pokrywy<br \/>\nKieszonkowy klips: stal nierdzewna 301 (sk\u0142adany)<br \/>\nWaga: 4,1 uncji<br \/>\nProjektant: Tony Marfione<br \/>\nWykonane w USA<\/p>\n<p><iframe title=\"Microtech Combat Troodon Torture Test\" width=\"800\" height=\"450\" src=\"https:\/\/www.youtube.com\/embed\/xE9TeOFYEjg?feature=oembed\" frameborder=\"0\" allow=\"accelerometer; autoplay; clipboard-write; encrypted-media; gyroscope; picture-in-picture; web-share\" allowfullscreen><\/iframe><\/p>\n","protected":false},"excerpt":{"rendered":"<p>Przez lata <strong>Microtech\u00ae Knives<\/strong> wype\u0142nia\u0142 no\u017ce pasj\u0105 i umiej\u0119tno\u015bciami, aby stworzy\u0107 niemal dzie\u0142a sztuki, kt\u00f3re s\u0105 szczytem funkcjonalno\u015bci.Wszystkie cz\u0119\u015bci s\u0105 produkowane w USA.<br \/>\n<strong>Wszystkie no\u017ce Microtech obj\u0119te s\u0105 do\u017cywotni\u0105 gwarancj\u0105.<\/strong><\/p>\n<p><strong>Bezp\u0142atny transport.<\/strong><\/p>\n","protected":false},"featured_media":310645,"comment_status":"open","ping_status":"closed","template":"","meta":[],"pwb-brand":[3279],"product_brand":[],"product_cat":[3344,3296],"product_tag":[3671],"class_list":{"0":"post-310639","1":"product","2":"type-product","3":"status-publish","4":"has-post-thumbnail","6":"pwb-brand-microtech-pl","7":"product_cat-noze-strzeleckie","8":"product_cat-noze-pl","9":"product_tag-b2b-pl","11":"first","12":"outofstock","13":"taxable","14":"shipping-taxable","15":"purchasable","16":"product-type-simple"},"brands":[{"id":3279,"name":"Microtech","slug":"microtech-pl"}],"_links":{"self":[{"href":"https:\/\/www.moskito.cz\/pl\/wp-json\/wp\/v2\/product\/310639","targetHints":{"allow":["GET"]}}],"collection":[{"href":"https:\/\/www.moskito.cz\/pl\/wp-json\/wp\/v2\/product"}],"about":[{"href":"https:\/\/www.moskito.cz\/pl\/wp-json\/wp\/v2\/types\/product"}],"replies":[{"embeddable":true,"href":"https:\/\/www.moskito.cz\/pl\/wp-json\/wp\/v2\/comments?post=310639"}],"wp:featuredmedia":[{"embeddable":true,"href":"https:\/\/www.moskito.cz\/pl\/wp-json\/wp\/v2\/media\/310645"}],"wp:attachment":[{"href":"https:\/\/www.moskito.cz\/pl\/wp-json\/wp\/v2\/media?parent=310639"}],"wp:term":[{"taxonomy":"pwb-brand","embeddable":true,"href":"https:\/\/www.moskito.cz\/pl\/wp-json\/wp\/v2\/pwb-brand?post=310639"},{"taxonomy":"product_brand","embeddable":true,"href":"https:\/\/www.moskito.cz\/pl\/wp-json\/wp\/v2\/product_brand?post=310639"},{"taxonomy":"product_cat","embeddable":true,"href":"https:\/\/www.moskito.cz\/pl\/wp-json\/wp\/v2\/product_cat?post=310639"},{"taxonomy":"product_tag","embeddable":true,"href":"https:\/\/www.moskito.cz\/pl\/wp-json\/wp\/v2\/product_tag?post=310639"}],"curies":[{"name":"wp","href":"https:\/\/api.w.org\/{rel}","templated":true}]}}