{"id":310661,"date":"2023-02-23T18:23:16","date_gmt":"2024-02-06T19:20:36","guid":{"rendered":"https:\/\/www.moskito.cz\/produkt\/noz-strzelecki-microtech-utx-85-signature-series-urban-camo-232-1ucs\/"},"modified":"2025-05-07T11:01:29","modified_gmt":"2025-05-07T10:01:29","slug":"noz-strzelecki-microtech-utx-85-signature-series-urban-camo-232-1ucs","status":"publish","type":"product","link":"https:\/\/www.moskito.cz\/pl\/produkt\/noz-strzelecki-microtech-utx-85-signature-series-urban-camo-232-1ucs\/","title":{"rendered":"N\u00f3\u017c strzelecki Microtech UTX-85 Signature Series Urban Camo 232-1UCS"},"content":{"rendered":"<p>N\u00f3\u017c strzelecki <strong>Microtech UTX-85<\/strong> Signature Series Urban Camo 232-1UCS<\/p>\n<p>N\u00f3\u017c <strong>Microtech UTX-85<\/strong> OTF to idealne po\u0142\u0105czenie kompaktowych rozmiar\u00f3w i \u015bwietnej wydajno\u015bci. Przy wielko\u015bci 85% Ultratech <strong>, Microtech UTX-85<\/strong> jest wykonany z tych samych materia\u0142\u00f3w, na tych samych maszynach i z tak\u0105 sam\u0105 pomys\u0142owo\u015bci\u0105, jak jego poprzednik. <strong>Microtech UTX-85<\/strong> to idealny n\u00f3\u017c na ka\u017cd\u0105 sytuacj\u0119 \u2013 niezale\u017cnie od tego, jakie zadanie wykonujesz; b\u0119dzie idealnie pasowa\u0107 do Twojego stylu \u017cycia. Dzi\u0119ki szybkiemu otwieraniu i zamykaniu jedn\u0105 r\u0119k\u0105, wykonuje t\u0119 prac\u0119 w ci\u0105gu kilku sekund. Wyposa\u017cony w dwustronny klips do kieszeni i niewielkie rozmiary, jest idealnym wyborem do codziennego u\u017cytku i noszenia.<\/p>\n<p>Dane techniczne<br \/>\nAkcja: Podw\u00f3jne dzia\u0142anie \u2013 automatyczne strzelanie\/automatyczne cofanie<br \/>\nD\u0142ugo\u015b\u0107 ca\u0142kowita: 18,75 cm<br \/>\nD\u0142ugo\u015b\u0107 ostrza: 7,81 cm<br \/>\nKraw\u0119d\u017a tn\u0105ca: 7,17 cm<br \/>\nGrubo\u015b\u0107 ostrza: 0,32 cm<br \/>\nNale\u017cy pami\u0119ta\u0107, \u017ce stal ostrza nie mo\u017ce zosta\u0107 okre\u015blona z wyprzedzeniem, poniewa\u017c mo\u017ce si\u0119 ona r\u00f3\u017cni\u0107 w zale\u017cno\u015bci od dost\u0119pno\u015bci (informacje od Microtech)<br \/>\nStyl ostrza: sztylet o podw\u00f3jnym ostrzu<br \/>\nPodwozie: stop AL 6061-T6, anodowana twarda pow\u0142oka Urban Camo Mil-Spec<br \/>\nMateria\u0142 r\u0119koje\u015bci: aluminium<br \/>\nKieszonkowy klips: stal nierdzewna 301<br \/>\nStandardowa cholewka: stop 6061-T6 AL<br \/>\nSpust: stal nierdzewna 303<br \/>\nWaga: 2,8 uncji<br \/>\nWykonane w USA<\/p>\n<p><iframe title=\"Microtech Combat Troodon Torture Test\" width=\"800\" height=\"450\" src=\"https:\/\/www.youtube.com\/embed\/xE9TeOFYEjg?feature=oembed\" frameborder=\"0\" allow=\"accelerometer; autoplay; clipboard-write; encrypted-media; gyroscope; picture-in-picture; web-share\" allowfullscreen><\/iframe><\/p>\n<p>&nbsp;<\/p>\n","protected":false},"excerpt":{"rendered":"<p>Przez lata <strong>Microtech\u00ae Knives<\/strong> wype\u0142nia\u0142 no\u017ce pasj\u0105 i umiej\u0119tno\u015bciami, aby stworzy\u0107 niemal dzie\u0142a sztuki, kt\u00f3re s\u0105 szczytem funkcjonalno\u015bci.Wszystkie cz\u0119\u015bci s\u0105 produkowane w USA.<br \/>\n<strong>Wszystkie no\u017ce Microtech obj\u0119te s\u0105 do\u017cywotni\u0105 gwarancj\u0105.<\/strong><\/p>\n<p><strong>Bezp\u0142atny transport.<\/strong><\/p>\n","protected":false},"featured_media":310678,"comment_status":"open","ping_status":"closed","template":"","meta":[],"pwb-brand":[3279],"product_brand":[],"product_cat":[3296,3344],"product_tag":[3671],"class_list":{"0":"post-310661","1":"product","2":"type-product","3":"status-publish","4":"has-post-thumbnail","6":"pwb-brand-microtech-pl","7":"product_cat-noze-pl","8":"product_cat-noze-strzeleckie","9":"product_tag-b2b-pl","11":"first","12":"instock","13":"taxable","14":"shipping-taxable","15":"purchasable","16":"product-type-simple"},"brands":[{"id":3279,"name":"Microtech","slug":"microtech-pl"}],"_links":{"self":[{"href":"https:\/\/www.moskito.cz\/pl\/wp-json\/wp\/v2\/product\/310661","targetHints":{"allow":["GET"]}}],"collection":[{"href":"https:\/\/www.moskito.cz\/pl\/wp-json\/wp\/v2\/product"}],"about":[{"href":"https:\/\/www.moskito.cz\/pl\/wp-json\/wp\/v2\/types\/product"}],"replies":[{"embeddable":true,"href":"https:\/\/www.moskito.cz\/pl\/wp-json\/wp\/v2\/comments?post=310661"}],"wp:featuredmedia":[{"embeddable":true,"href":"https:\/\/www.moskito.cz\/pl\/wp-json\/wp\/v2\/media\/310678"}],"wp:attachment":[{"href":"https:\/\/www.moskito.cz\/pl\/wp-json\/wp\/v2\/media?parent=310661"}],"wp:term":[{"taxonomy":"pwb-brand","embeddable":true,"href":"https:\/\/www.moskito.cz\/pl\/wp-json\/wp\/v2\/pwb-brand?post=310661"},{"taxonomy":"product_brand","embeddable":true,"href":"https:\/\/www.moskito.cz\/pl\/wp-json\/wp\/v2\/product_brand?post=310661"},{"taxonomy":"product_cat","embeddable":true,"href":"https:\/\/www.moskito.cz\/pl\/wp-json\/wp\/v2\/product_cat?post=310661"},{"taxonomy":"product_tag","embeddable":true,"href":"https:\/\/www.moskito.cz\/pl\/wp-json\/wp\/v2\/product_tag?post=310661"}],"curies":[{"name":"wp","href":"https:\/\/api.w.org\/{rel}","templated":true}]}}