{"id":310664,"date":"2023-02-22T22:19:02","date_gmt":"2024-02-06T19:20:37","guid":{"rendered":"https:\/\/www.moskito.cz\/produkt\/noz-mysliwski-microtech-bastinelli-creations-brachial-taktyczny-268a-1t\/"},"modified":"2025-05-07T11:01:29","modified_gmt":"2025-05-07T10:01:29","slug":"noz-mysliwski-microtech-bastinelli-creations-brachial-taktyczny-268a-1t","status":"publish","type":"product","link":"https:\/\/www.moskito.cz\/pl\/produkt\/noz-mysliwski-microtech-bastinelli-creations-brachial-taktyczny-268a-1t\/","title":{"rendered":"N\u00f3\u017c my\u015bliwski Microtech Bastinelli Creations Brachial Taktyczny 268A-1T"},"content":{"rendered":"<p>N\u00f3\u017c my\u015bliwski <strong>Microtech<\/strong> Bastinelli Creations Brachial Taktyczny 268A-1T<\/p>\n<p>Brachial to projekt w stylu perskim, b\u0119d\u0105cy efektem wsp\u00f3\u0142pracy z Bastinelli Knives, kt\u00f3ry wprowadza unikalny element stylu do gamy Microtech. Podoba nam si\u0119 wszystko w tym no\u017cu. Od wygl\u0105du po ergonomi\u0119, doskona\u0142e dzia\u0142anie i materia\u0142y; b\u0119dzie Ci dobrze s\u0142u\u017cy\u0107 przez wiele lat. Nadaje si\u0119 r\u00f3wnie\u017c do niezliczonych zastosowa\u0144, od EDC po taktyczne i dos\u0142ownie wszystko pomi\u0119dzy. Zawiera fragmentaryczne wyko\u0144czenie zapewniaj\u0105ce lepszy chwyt, pi\u0119knie zaprojektowany klips do kieszeni i ukryty otw\u00f3r na smycz, kt\u00f3ry mo\u017ce pomie\u015bci\u0107 paracord 550.  <strong>To niez\u0142y n\u00f3\u017c, zdob\u0105d\u017a go, p\u00f3ki mo\u017cesz!<\/strong><\/p>\n<p>Dane techniczne<br \/>\nD\u0142ugo\u015b\u0107 ostrza: 9 cm<br \/>\nD\u0142ugo\u015b\u0107 ca\u0142kowita: 20,31 cm<br \/>\nMateria\u0142 ostrza: Stal\u0105 na ostrza w tym roku b\u0119dzie M390 \u2013 do wyczerpania zapas\u00f3w ostrza mog\u0105 by\u0107 r\u00f3wnie\u017c wykonane z CTS-204P lub Elmax<br \/>\nStyl ostrza: Punkt ko\u0144cowy<br \/>\nSzlif ostrza: p\u0142aski<br \/>\nWyko\u0144czenie ostrza: czarne<br \/>\nMateria\u0142 r\u0119koje\u015bci: frezowane czarne aluminium 6061-T6<br \/>\nMechanizm blokuj\u0105cy: Przycisk<br \/>\nKieszonkowy klips: stal nierdzewna (wysuwany, noszony po prawej stronie)<br \/>\nWaga: 4,37 uncji<br \/>\nProjektanci: Bastien Coves i Tony Marfione<br \/>\nWykonane w USA<\/p>\n<p><iframe title=\"Microtech Combat Troodon Torture Test\" width=\"800\" height=\"450\" src=\"https:\/\/www.youtube.com\/embed\/xE9TeOFYEjg?feature=oembed\" frameborder=\"0\" allow=\"accelerometer; autoplay; clipboard-write; encrypted-media; gyroscope; picture-in-picture; web-share\" allowfullscreen><\/iframe><\/p>\n<p>&nbsp;<\/p>\n","protected":false},"excerpt":{"rendered":"<p><strong>Przez lata Microtech\u00ae Knives wype\u0142nia\u0142 no\u017ce pasj\u0105 i umiej\u0119tno\u015bciami, aby tworzy\u0107 niemal dzie\u0142a sztuki, kt\u00f3re s\u0105 szczytem funkcjonalno\u015bci.Wszystkie cz\u0119\u015bci s\u0105 produkowane w USA.<\/strong><br \/>\n<strong>Wszystkie no\u017ce Microtech obj\u0119te s\u0105 do\u017cywotni\u0105 gwarancj\u0105.<\/strong><\/p>\n<p><strong>Bezp\u0142atny transport.<\/strong><\/p>\n","protected":false},"featured_media":310671,"comment_status":"open","ping_status":"closed","template":"","meta":[],"pwb-brand":[3279],"product_brand":[],"product_cat":[3296,3344],"product_tag":[3671],"class_list":{"0":"post-310664","1":"product","2":"type-product","3":"status-publish","4":"has-post-thumbnail","6":"pwb-brand-microtech-pl","7":"product_cat-noze-pl","8":"product_cat-noze-strzeleckie","9":"product_tag-b2b-pl","11":"first","12":"outofstock","13":"taxable","14":"shipping-taxable","15":"purchasable","16":"product-type-simple"},"brands":[{"id":3279,"name":"Microtech","slug":"microtech-pl"}],"_links":{"self":[{"href":"https:\/\/www.moskito.cz\/pl\/wp-json\/wp\/v2\/product\/310664","targetHints":{"allow":["GET"]}}],"collection":[{"href":"https:\/\/www.moskito.cz\/pl\/wp-json\/wp\/v2\/product"}],"about":[{"href":"https:\/\/www.moskito.cz\/pl\/wp-json\/wp\/v2\/types\/product"}],"replies":[{"embeddable":true,"href":"https:\/\/www.moskito.cz\/pl\/wp-json\/wp\/v2\/comments?post=310664"}],"wp:featuredmedia":[{"embeddable":true,"href":"https:\/\/www.moskito.cz\/pl\/wp-json\/wp\/v2\/media\/310671"}],"wp:attachment":[{"href":"https:\/\/www.moskito.cz\/pl\/wp-json\/wp\/v2\/media?parent=310664"}],"wp:term":[{"taxonomy":"pwb-brand","embeddable":true,"href":"https:\/\/www.moskito.cz\/pl\/wp-json\/wp\/v2\/pwb-brand?post=310664"},{"taxonomy":"product_brand","embeddable":true,"href":"https:\/\/www.moskito.cz\/pl\/wp-json\/wp\/v2\/product_brand?post=310664"},{"taxonomy":"product_cat","embeddable":true,"href":"https:\/\/www.moskito.cz\/pl\/wp-json\/wp\/v2\/product_cat?post=310664"},{"taxonomy":"product_tag","embeddable":true,"href":"https:\/\/www.moskito.cz\/pl\/wp-json\/wp\/v2\/product_tag?post=310664"}],"curies":[{"name":"wp","href":"https:\/\/api.w.org\/{rel}","templated":true}]}}