{"id":310736,"date":"2023-02-23T21:54:03","date_gmt":"2024-02-06T19:20:57","guid":{"rendered":"https:\/\/www.moskito.cz\/produkt\/noz-strzelecki-microtech-utx-70-spartan-signature-series-249-1dlcts\/"},"modified":"2025-05-07T11:01:31","modified_gmt":"2025-05-07T10:01:31","slug":"noz-strzelecki-microtech-utx-70-spartan-signature-series-249-1dlcts","status":"publish","type":"product","link":"https:\/\/www.moskito.cz\/pl\/produkt\/noz-strzelecki-microtech-utx-70-spartan-signature-series-249-1dlcts\/","title":{"rendered":"N\u00f3\u017c strzelecki Microtech UTX-70 Spartan Signature Series 249-1DLCTS"},"content":{"rendered":"<p>N\u00f3\u017c strzelecki <strong>Microtech<\/strong> UTX-70 Spartan Signature Series 249-1DLCTS<\/p>\n<p>Szukasz najbardziej kompaktowego przedniego no\u017ca automatycznego na rynku? Wi\u0119c znalaz\u0142e\u015b! Microtech UTX-70 uruchamia si\u0119 i wy\u0142\u0105cza automatycznie za pomoc\u0105 przycisku suwakowego po prawej stronie ostrza. Bardzo ma\u0142y. \u015awietny ma\u0142y n\u00f3\u017c!<\/p>\n<p>Model ten posiada aluminiow\u0105 r\u0119koje\u015b\u0107 z pow\u0142ok\u0105 DLC. Ostrze ze stali nierdzewnej M390 Spartan wyko\u0144czone metod\u0105 DLC, obosieczne. Sprz\u0119t DLC, klips do kieszeni i zbijak do szyb. Ostrze zawiera informacje o modelu. Klips kieszonkowy posiada logo <strong>Microtech<\/strong> , logo Signature Series, numer seryjny i dat\u0119 produkcji.<\/p>\n<p>Materia\u0142 r\u0119koje\u015bci: aluminium<br \/>\nMateria\u0142 ostrza: M390<br \/>\nStyl ostrza: Spartan Double Edge<br \/>\nObr\u00f3bka powierzchni ostrza: DLC<br \/>\nTyp kraw\u0119dzi: standardowy<br \/>\nModel\/wz\u00f3r: UTX-70<br \/>\nTyp no\u017ca: Automatyczny OTF o podw\u00f3jnym dzia\u0142aniu<br \/>\nD\u0142ugo\u015b\u0107 ca\u0142kowita: 14,07 cm<br \/>\nD\u0142ugo\u015b\u0107 ostrza: 6,02 cm<br \/>\nGrubo\u015b\u0107 ostrza: 0,2 cm<\/p>\n<p>&nbsp;<\/p>\n","protected":false},"excerpt":{"rendered":"<p>Przez lata <strong>Microtech\u00ae Knives<\/strong> wype\u0142nia\u0142 no\u017ce pasj\u0105 i umiej\u0119tno\u015bciami, aby stworzy\u0107 niemal dzie\u0142a sztuki, kt\u00f3re s\u0105 szczytem funkcjonalno\u015bci.Wszystkie cz\u0119\u015bci s\u0105 produkowane w USA.<br \/>\n<strong>Wszystkie no\u017ce Microtech obj\u0119te s\u0105 do\u017cywotni\u0105 gwarancj\u0105.<\/strong><\/p>\n<p><strong>Bezp\u0142atny transport<\/strong><\/p>\n","protected":false},"featured_media":310743,"comment_status":"open","ping_status":"closed","template":"","meta":[],"pwb-brand":[3279],"product_brand":[],"product_cat":[3296,3344],"product_tag":[3671],"class_list":{"0":"post-310736","1":"product","2":"type-product","3":"status-publish","4":"has-post-thumbnail","6":"pwb-brand-microtech-pl","7":"product_cat-noze-pl","8":"product_cat-noze-strzeleckie","9":"product_tag-b2b-pl","11":"first","12":"outofstock","13":"taxable","14":"shipping-taxable","15":"purchasable","16":"product-type-simple"},"brands":[{"id":3279,"name":"Microtech","slug":"microtech-pl"}],"_links":{"self":[{"href":"https:\/\/www.moskito.cz\/pl\/wp-json\/wp\/v2\/product\/310736","targetHints":{"allow":["GET"]}}],"collection":[{"href":"https:\/\/www.moskito.cz\/pl\/wp-json\/wp\/v2\/product"}],"about":[{"href":"https:\/\/www.moskito.cz\/pl\/wp-json\/wp\/v2\/types\/product"}],"replies":[{"embeddable":true,"href":"https:\/\/www.moskito.cz\/pl\/wp-json\/wp\/v2\/comments?post=310736"}],"wp:featuredmedia":[{"embeddable":true,"href":"https:\/\/www.moskito.cz\/pl\/wp-json\/wp\/v2\/media\/310743"}],"wp:attachment":[{"href":"https:\/\/www.moskito.cz\/pl\/wp-json\/wp\/v2\/media?parent=310736"}],"wp:term":[{"taxonomy":"pwb-brand","embeddable":true,"href":"https:\/\/www.moskito.cz\/pl\/wp-json\/wp\/v2\/pwb-brand?post=310736"},{"taxonomy":"product_brand","embeddable":true,"href":"https:\/\/www.moskito.cz\/pl\/wp-json\/wp\/v2\/product_brand?post=310736"},{"taxonomy":"product_cat","embeddable":true,"href":"https:\/\/www.moskito.cz\/pl\/wp-json\/wp\/v2\/product_cat?post=310736"},{"taxonomy":"product_tag","embeddable":true,"href":"https:\/\/www.moskito.cz\/pl\/wp-json\/wp\/v2\/product_tag?post=310736"}],"curies":[{"name":"wp","href":"https:\/\/api.w.org\/{rel}","templated":true}]}}