{"id":310849,"date":"2023-01-27T21:59:28","date_gmt":"2024-02-06T19:21:40","guid":{"rendered":"https:\/\/www.moskito.cz\/produkt\/noz-strzelecki-microtech-troodon-otf-distressed-apocalyptic-138-10-dbl\/"},"modified":"2025-05-07T11:01:34","modified_gmt":"2025-05-07T10:01:34","slug":"noz-strzelecki-microtech-troodon-otf-distressed-apocalyptic-138-10-dbl","status":"publish","type":"product","link":"https:\/\/www.moskito.cz\/pl\/produkt\/noz-strzelecki-microtech-troodon-otf-distressed-apocalyptic-138-10-dbl\/","title":{"rendered":"N\u00f3\u017c strzelecki Microtech TROODON OTF DISTRESSED APOCALYPTIC 138-10 DBL"},"content":{"rendered":"<p>N\u00f3\u017c strzelecki <strong>Microtech<\/strong> TROODON OTF DISTRESSED APOCALYPTIC 138-10 DBL<\/p>\n<p>Distressed Blue Microtech Troodon Double Edge (D\/E) z apokaliptycznym wyko\u0144czeniem ostrza i standardowym osprz\u0119tem. N\u00f3\u017c o podw\u00f3jnym dzia\u0142aniu od przodu (OTF). R\u0119koje\u015b\u0107 z anodyzowanego aluminium 6061-T6 w kolorze postarzanego b\u0142\u0119kitu z ostrzem ze stali M390.<\/p>\n<p>N\u00f3\u017c Microtech Troodon OTF &#8211; Double Edge &#8211; R\u0119koje\u015b\u0107 Distressed Blue &#8211; Ostrze Apocalyptic 138-10 DBL<\/p>\n<p>Numer modelu: 138-10 DBL<br \/>\nD\u0142ugo\u015b\u0107 ca\u0142kowita: 7,64 cala (194 mm)<br \/>\nD\u0142ugo\u015b\u0107 zamkni\u0119ta: 4,57 \u2033 (116 mm)<br \/>\nD\u0142ugo\u015b\u0107 ostrza: 3,08 cala (78 mm)<br \/>\nD\u0142ugo\u015b\u0107 kraw\u0119dzi tn\u0105cej: 2,96 cala (75 mm)<br \/>\nGrubo\u015b\u0107 ostrza: 0,079 \u2033 (2 mm) \u2033<br \/>\nMateria\u0142 ostrza: M390<br \/>\nStyl ostrza: podw\u00f3jna kraw\u0119d\u017a<br \/>\nUko\u0144czenie: Apokaliptyczne<br \/>\nKolor: przetarty niebieski<br \/>\nWaga: 2,8 uncji<\/p>\n<p>&nbsp;<\/p>\n<p><iframe title=\"Microtech Combat Troodon Torture Test\" width=\"800\" height=\"450\" src=\"https:\/\/www.youtube.com\/embed\/xE9TeOFYEjg?feature=oembed\" frameborder=\"0\" allow=\"accelerometer; autoplay; clipboard-write; encrypted-media; gyroscope; picture-in-picture; web-share\" allowfullscreen><\/iframe><\/p>\n<p>&nbsp;<\/p>\n<p>&nbsp;<\/p>\n<p>&nbsp;<\/p>\n<p>&nbsp;<\/p>\n<p>&nbsp;<\/p>\n<p>&nbsp;<\/p>\n","protected":false},"excerpt":{"rendered":"<p>Przez lata <strong>Microtech\u00ae Knives<\/strong> wype\u0142nia\u0142 no\u017ce pasj\u0105 i umiej\u0119tno\u015bciami, aby stworzy\u0107 niemal dzie\u0142a sztuki, kt\u00f3re s\u0105 szczytem funkcjonalno\u015bci.Wszystkie cz\u0119\u015bci s\u0105 produkowane w USA.<br \/>\n<strong>Wszystkie no\u017ce Microtech obj\u0119te s\u0105 do\u017cywotni\u0105 gwarancj\u0105.<\/strong><\/p>\n<p><strong>Bezp\u0142atny transport.<\/strong><\/p>\n","protected":false},"featured_media":310866,"comment_status":"open","ping_status":"closed","template":"","meta":[],"pwb-brand":[3279],"product_brand":[],"product_cat":[3296,3344],"product_tag":[3671],"class_list":{"0":"post-310849","1":"product","2":"type-product","3":"status-publish","4":"has-post-thumbnail","6":"pwb-brand-microtech-pl","7":"product_cat-noze-pl","8":"product_cat-noze-strzeleckie","9":"product_tag-b2b-pl","11":"first","12":"instock","13":"taxable","14":"shipping-taxable","15":"purchasable","16":"product-type-simple"},"brands":[{"id":3279,"name":"Microtech","slug":"microtech-pl"}],"_links":{"self":[{"href":"https:\/\/www.moskito.cz\/pl\/wp-json\/wp\/v2\/product\/310849","targetHints":{"allow":["GET"]}}],"collection":[{"href":"https:\/\/www.moskito.cz\/pl\/wp-json\/wp\/v2\/product"}],"about":[{"href":"https:\/\/www.moskito.cz\/pl\/wp-json\/wp\/v2\/types\/product"}],"replies":[{"embeddable":true,"href":"https:\/\/www.moskito.cz\/pl\/wp-json\/wp\/v2\/comments?post=310849"}],"wp:featuredmedia":[{"embeddable":true,"href":"https:\/\/www.moskito.cz\/pl\/wp-json\/wp\/v2\/media\/310866"}],"wp:attachment":[{"href":"https:\/\/www.moskito.cz\/pl\/wp-json\/wp\/v2\/media?parent=310849"}],"wp:term":[{"taxonomy":"pwb-brand","embeddable":true,"href":"https:\/\/www.moskito.cz\/pl\/wp-json\/wp\/v2\/pwb-brand?post=310849"},{"taxonomy":"product_brand","embeddable":true,"href":"https:\/\/www.moskito.cz\/pl\/wp-json\/wp\/v2\/product_brand?post=310849"},{"taxonomy":"product_cat","embeddable":true,"href":"https:\/\/www.moskito.cz\/pl\/wp-json\/wp\/v2\/product_cat?post=310849"},{"taxonomy":"product_tag","embeddable":true,"href":"https:\/\/www.moskito.cz\/pl\/wp-json\/wp\/v2\/product_tag?post=310849"}],"curies":[{"name":"wp","href":"https:\/\/api.w.org\/{rel}","templated":true}]}}