{"id":310929,"date":"2023-01-26T22:40:55","date_gmt":"2024-02-06T19:21:49","guid":{"rendered":"https:\/\/www.moskito.cz\/produkt\/noz-strzelecki-microtech-troodon-138-10drd\/"},"modified":"2025-05-07T11:01:36","modified_gmt":"2025-05-07T10:01:36","slug":"noz-strzelecki-microtech-troodon-138-10drd","status":"publish","type":"product","link":"https:\/\/www.moskito.cz\/pl\/produkt\/noz-strzelecki-microtech-troodon-138-10drd\/","title":{"rendered":"N\u00f3\u017c strzelecki Microtech Troodon 138-10DRD"},"content":{"rendered":"<p>N\u00f3\u017c strzelecki <strong>Microtech<\/strong> Troodon 138-10DRD<\/p>\n<p>Troodon jest o 25% mniejszy od Combat Troodon, ma smuk\u0142\u0105 konstrukcj\u0119 i \u0142atwiejszy w oddaniu strza\u0142 mechanizm. Projekt jest przeznaczony dla szerszej publiczno\u015bci, kt\u00f3ra potrzebuje utylitarnej funkcjonalno\u015bci OTF, ale bez ci\u0119\u017caru pe\u0142noprawnego Troodona bojowego.<\/p>\n<p>N\u00f3\u017c Microtech Troodon OTF (prz\u00f3d) zosta\u0142 nazwany na cze\u015b\u0107 dinozaura Troodon (Troh O Don) i posiada jednosieczne ostrze. 3-calowe ostrze z zawiasami mo\u017cna obs\u0142ugiwa\u0107 r\u0119cznie za pomoc\u0105 suwaka kciuka umieszczonego na r\u0119koje\u015bci. Aluminiowa r\u0119koje\u015b\u0107 Microtech Troodon T6 6061 ma d\u0142ugo\u015b\u0107 4,25 cala i posiada rowki na palce dla lepszego chwytu. Posiada ko\u0144c\u00f3wk\u0119 do t\u0142uczenia szk\u0142a, klips kieszeniowy i kiesze\u0144 ze sznurkiem. Troodon pali si\u0119 mocno i zapewnia wydajno\u015b\u0107, jakiej mo\u017cna oczekiwa\u0107 od stworzenia Microtech Knives. Doskona\u0142y wyb\u00f3r no\u017ca taktycznego dla tych, kt\u00f3rzy oczekuj\u0105 niezawodno\u015bci i mo\u017cliwo\u015bci w terenie.<\/p>\n<p>D\u0142ugo\u015b\u0107 ca\u0142kowita: 7,64 cala (194 mm)<br \/>\nD\u0142ugo\u015b\u0107 zamkni\u0119ta: 4,57 \u2033 (116 mm)<br \/>\nD\u0142ugo\u015b\u0107 ostrza: 3,08 cala (78 mm)<br \/>\nD\u0142ugo\u015b\u0107 kraw\u0119dzi tn\u0105cej: 2,96 cala (75 mm)<br \/>\nGrubo\u015b\u0107 ostrza: 0,079 \u2033 (2 mm) \u2033<br \/>\nOstrze: Apokaliptyczne, D\/E<br \/>\nR\u0119koje\u015b\u0107: 4,2\u2033 ALUMINIUM<br \/>\nOtwieracz: suwak kciukowy OTF<br \/>\nWaga: 3 uncje<br \/>\nModel: 138-10DRD<\/p>\n<p><iframe title=\"Microtech Combat Troodon Torture Test\" width=\"800\" height=\"450\" src=\"https:\/\/www.youtube.com\/embed\/xE9TeOFYEjg?feature=oembed\" frameborder=\"0\" allow=\"accelerometer; autoplay; clipboard-write; encrypted-media; gyroscope; picture-in-picture; web-share\" allowfullscreen><\/iframe><\/p>\n<p>&nbsp;<\/p>\n","protected":false},"excerpt":{"rendered":"<p>Przez lata <strong>Microtech\u00ae Knives<\/strong> wype\u0142nia\u0142 no\u017ce pasj\u0105 i umiej\u0119tno\u015bciami, aby stworzy\u0107 niemal dzie\u0142a sztuki, kt\u00f3re s\u0105 szczytem funkcjonalno\u015bci.Wszystkie cz\u0119\u015bci s\u0105 produkowane w USA.<br \/>\n<strong>Wszystkie no\u017ce Microtech obj\u0119te s\u0105 do\u017cywotni\u0105 gwarancj\u0105.<\/strong><\/p>\n<p><strong>Bezp\u0142atny transport.<\/strong><\/p>\n","protected":false},"featured_media":310932,"comment_status":"open","ping_status":"closed","template":"","meta":[],"pwb-brand":[3279],"product_brand":[],"product_cat":[3296,3344],"product_tag":[3671],"class_list":{"0":"post-310929","1":"product","2":"type-product","3":"status-publish","4":"has-post-thumbnail","6":"pwb-brand-microtech-pl","7":"product_cat-noze-pl","8":"product_cat-noze-strzeleckie","9":"product_tag-b2b-pl","11":"first","12":"instock","13":"taxable","14":"shipping-taxable","15":"purchasable","16":"product-type-simple"},"brands":[{"id":3279,"name":"Microtech","slug":"microtech-pl"}],"_links":{"self":[{"href":"https:\/\/www.moskito.cz\/pl\/wp-json\/wp\/v2\/product\/310929","targetHints":{"allow":["GET"]}}],"collection":[{"href":"https:\/\/www.moskito.cz\/pl\/wp-json\/wp\/v2\/product"}],"about":[{"href":"https:\/\/www.moskito.cz\/pl\/wp-json\/wp\/v2\/types\/product"}],"replies":[{"embeddable":true,"href":"https:\/\/www.moskito.cz\/pl\/wp-json\/wp\/v2\/comments?post=310929"}],"wp:featuredmedia":[{"embeddable":true,"href":"https:\/\/www.moskito.cz\/pl\/wp-json\/wp\/v2\/media\/310932"}],"wp:attachment":[{"href":"https:\/\/www.moskito.cz\/pl\/wp-json\/wp\/v2\/media?parent=310929"}],"wp:term":[{"taxonomy":"pwb-brand","embeddable":true,"href":"https:\/\/www.moskito.cz\/pl\/wp-json\/wp\/v2\/pwb-brand?post=310929"},{"taxonomy":"product_brand","embeddable":true,"href":"https:\/\/www.moskito.cz\/pl\/wp-json\/wp\/v2\/product_brand?post=310929"},{"taxonomy":"product_cat","embeddable":true,"href":"https:\/\/www.moskito.cz\/pl\/wp-json\/wp\/v2\/product_cat?post=310929"},{"taxonomy":"product_tag","embeddable":true,"href":"https:\/\/www.moskito.cz\/pl\/wp-json\/wp\/v2\/product_tag?post=310929"}],"curies":[{"name":"wp","href":"https:\/\/api.w.org\/{rel}","templated":true}]}}