{"id":311004,"date":"2023-01-22T21:32:46","date_gmt":"2024-02-06T19:23:14","guid":{"rendered":"https:\/\/www.moskito.cz\/produkt\/noz-strzelecki-microtech-troodon-mini-otf-auto-bronze-tanto-240-13vi\/"},"modified":"2025-11-10T11:39:02","modified_gmt":"2025-11-10T10:39:02","slug":"noz-strzelecki-microtech-troodon-mini-otf-auto-bronze-tanto-240-13vi","status":"publish","type":"product","link":"https:\/\/www.moskito.cz\/pl\/produkt\/noz-strzelecki-microtech-troodon-mini-otf-auto-bronze-tanto-240-13vi\/","title":{"rendered":"N\u00f3\u017c strzelecki Microtech Troodon Mini OTF AUTO Bronze Tanto 240-13VI"},"content":{"rendered":"<p>N\u00f3\u017c strzelecki <strong>Microtech<\/strong> Troodon Mini OTF AUTO Bronze Tanto 240-13VI<\/p>\n<p>Maj\u0105c u\u0142amek wielko\u015bci nawet zwyk\u0142ego Troodona, Troodon Mini charakteryzuje si\u0119 smuk\u0142\u0105 konstrukcj\u0105, uchwytem na trzy palce i \u0142atwiejszym w oddaniu strza\u0142u mechanizmem. Projekt jest przeznaczony dla szerszej publiczno\u015bci, kt\u00f3ra potrzebuje codziennej, utylitarnej funkcjonalno\u015bci OTF bez ci\u0119\u017caru pe\u0142noprawnego Troodona. Jest nawet na tyle ma\u0142y, \u017ce mo\u017ce s\u0142u\u017cy\u0107 jako klips na pieni\u0105dze, a jednocze\u015bnie zbudowany tak, aby w razie potrzeby dzia\u0142a\u0107 jak <strong>Microtech<\/strong> .<\/p>\n<p>Dane techniczne<br \/>\nD\u0142ugo\u015b\u0107 ostrza: 5 cm<br \/>\nD\u0142ugo\u015b\u0107 ca\u0142kowita: 14 cm<br \/>\nMateria\u0142 ostrza: Stal\u0105 ostrza na ten rok b\u0119dzie M390 \u2013 do wyczerpania zapas\u00f3w ostrza mog\u0105 by\u0107 r\u00f3wnie\u017c CTS-XHP, CTS-204P lub Elmax<br \/>\nStyl ostrza: Tanto<br \/>\nSzlif ostrza: p\u0142aski<br \/>\nWyko\u0144czenie ostrza: Br\u0105z<br \/>\nMateria\u0142 r\u0119koje\u015bci: fioletowe aluminium 6061-T6<br \/>\nGrubo\u015b\u0107 r\u0105czki: 0,87 cm<br \/>\nMechanizm blokuj\u0105cy: przesuwny<br \/>\nKieszonkowy klips: stal nierdzewna (sk\u0142adany, noszony w prawo\/lewo)<br \/>\nWaga: 1,8 uncji<br \/>\nProjektant: Tony Marfione<br \/>\nWykonane w USA<\/p>\n<p><iframe title=\"Microtech Combat Troodon Torture Test\" width=\"800\" height=\"450\" src=\"https:\/\/www.youtube.com\/embed\/xE9TeOFYEjg?feature=oembed\" frameborder=\"0\" allow=\"accelerometer; autoplay; clipboard-write; encrypted-media; gyroscope; picture-in-picture; web-share\" allowfullscreen><\/iframe><\/p>\n<p>&nbsp;<\/p>\n","protected":false},"excerpt":{"rendered":"<p>Przez lata <strong>Microtech\u00ae Knives<\/strong> wype\u0142nia\u0142 no\u017ce pasj\u0105 i umiej\u0119tno\u015bciami, aby stworzy\u0107 niemal dzie\u0142a sztuki, kt\u00f3re s\u0105 szczytem funkcjonalno\u015bci.Wszystkie cz\u0119\u015bci s\u0105 produkowane w USA.<br \/>\n<strong>Wszystkie no\u017ce Microtech obj\u0119te s\u0105 do\u017cywotni\u0105 gwarancj\u0105.<\/strong><\/p>\n<p><strong>Bezp\u0142atny transport.<\/strong><\/p>\n","protected":false},"featured_media":311012,"comment_status":"open","ping_status":"closed","template":"","meta":[],"pwb-brand":[3279],"product_brand":[],"product_cat":[3296,3344],"product_tag":[3671],"class_list":{"0":"post-311004","1":"product","2":"type-product","3":"status-publish","4":"has-post-thumbnail","6":"pwb-brand-microtech-pl","7":"product_cat-noze-pl","8":"product_cat-noze-strzeleckie","9":"product_tag-b2b-pl","11":"first","12":"outofstock","13":"taxable","14":"shipping-taxable","15":"purchasable","16":"product-type-simple"},"brands":[{"id":3279,"name":"Microtech","slug":"microtech-pl"}],"_links":{"self":[{"href":"https:\/\/www.moskito.cz\/pl\/wp-json\/wp\/v2\/product\/311004","targetHints":{"allow":["GET"]}}],"collection":[{"href":"https:\/\/www.moskito.cz\/pl\/wp-json\/wp\/v2\/product"}],"about":[{"href":"https:\/\/www.moskito.cz\/pl\/wp-json\/wp\/v2\/types\/product"}],"replies":[{"embeddable":true,"href":"https:\/\/www.moskito.cz\/pl\/wp-json\/wp\/v2\/comments?post=311004"}],"wp:featuredmedia":[{"embeddable":true,"href":"https:\/\/www.moskito.cz\/pl\/wp-json\/wp\/v2\/media\/311012"}],"wp:attachment":[{"href":"https:\/\/www.moskito.cz\/pl\/wp-json\/wp\/v2\/media?parent=311004"}],"wp:term":[{"taxonomy":"pwb-brand","embeddable":true,"href":"https:\/\/www.moskito.cz\/pl\/wp-json\/wp\/v2\/pwb-brand?post=311004"},{"taxonomy":"product_brand","embeddable":true,"href":"https:\/\/www.moskito.cz\/pl\/wp-json\/wp\/v2\/product_brand?post=311004"},{"taxonomy":"product_cat","embeddable":true,"href":"https:\/\/www.moskito.cz\/pl\/wp-json\/wp\/v2\/product_cat?post=311004"},{"taxonomy":"product_tag","embeddable":true,"href":"https:\/\/www.moskito.cz\/pl\/wp-json\/wp\/v2\/product_tag?post=311004"}],"curies":[{"name":"wp","href":"https:\/\/api.w.org\/{rel}","templated":true}]}}