{"id":311020,"date":"2023-01-19T21:50:51","date_gmt":"2024-02-06T19:23:17","guid":{"rendered":"https:\/\/www.moskito.cz\/produkt\/noz-strzelecki-microtech-hera-s-e-otf-noz-automatyczny-od-zielony-703-2od\/"},"modified":"2025-05-07T11:01:39","modified_gmt":"2025-05-07T10:01:39","slug":"noz-strzelecki-microtech-hera-s-e-otf-noz-automatyczny-od-zielony-703-2od","status":"publish","type":"product","link":"https:\/\/www.moskito.cz\/pl\/produkt\/noz-strzelecki-microtech-hera-s-e-otf-noz-automatyczny-od-zielony-703-2od\/","title":{"rendered":"N\u00f3\u017c Strzelecki Microtech Hera S\/E OTF N\u00f3\u017c automatyczny OD Zielony 703-2OD"},"content":{"rendered":"<p>N\u00f3\u017c strzelecki <strong>Microtech<\/strong> Hera S\/E OTF Automatyczny n\u00f3\u017c OD Zielony 703-2OD.<\/p>\n<p>Microtech Hera to szybki, kompaktowy n\u00f3\u017c OTF, kt\u00f3ry wype\u0142nia luk\u0119 pomi\u0119dzy EDC a taktyk\u0105. Nie jest tak ogromny i ci\u0119\u017cki, \u017ce noszenie scyzoryka by\u0142oby niesforne, i nie jest tak cienki i ozdobny, \u017ce nie chcesz go ubi\u0107. Najwa\u017cniejszym elementem jest unikalny klips kieszonkowy, kt\u00f3ry jest wyfrezowany z tytanu i ma g\u0142adk\u0105 kulk\u0119, kt\u00f3ra \u0142atwo przesuwa si\u0119 po szwach i nie wgryza si\u0119 w kiesze\u0144.<\/p>\n<p>Niestandardowe no\u017ce Marfione s\u0105 wykonane r\u0119cznie przez cz\u0142onka \u2013 lub kilku cz\u0142onk\u00f3w \u2013 rodziny Marfione, geniuszy no\u017cy stoj\u0105cych za firm\u0105 Microtech. Wiele zwyczaj\u00f3w Marfione inspirowanych jest popularnymi modelami Microtech, a wszystko, co robi\u0105, ukazuje doskona\u0142o\u015b\u0107 kreatywno\u015bci i kunsztu.<br \/>\nFunkcjonowa\u0107:<br \/>\nCzarne, cz\u0119\u015bciowo z\u0105bkowane ostrze wykonane ze stali premium.<br \/>\nAutomatyczne otwieranie\/zamykanie OTF o podw\u00f3jnym dzia\u0142aniu.<br \/>\nG\u0142adka r\u0119koje\u015b\u0107 z aluminium anodowanego na zielono OD.<br \/>\nFrezowany tytanowy klips kieszonkowy do sk\u0142adania, do noszenia w prawej r\u0119ce.<\/p>\n<p>Dane techniczne<br \/>\nD\u0142ugo\u015b\u0107 ca\u0142kowita: 19 cm<br \/>\nD\u0142ugo\u015b\u0107 ostrza: 8 cm<br \/>\nMateria\u0142 ostrza: stal najwy\u017cszej jako\u015bci<br \/>\nStyl ostrza: Drop Point<br \/>\nWyko\u0144czenie: czarne<br \/>\nTyp kraw\u0119dzi: Cz\u0119\u015bciowo z\u0105bkowany<br \/>\nMateria\u0142 r\u0119koje\u015bci: aluminium<br \/>\nKolor: zielony OD<br \/>\nWaga: 3,10 uncji<br \/>\nU\u017cytkownik: Prawa r\u0119ka<br \/>\nKieszonkowy klips: Tip-Up<br \/>\nTyp no\u017ca: Automatyczny OTF o podw\u00f3jnym dzia\u0142aniu<br \/>\nOtwarcie: Suwak kciukowy<br \/>\nMarka: Microtech<br \/>\nModel: Hera S\/E<br \/>\nNumer modelu: 703-2 OD<br \/>\nKraj pochodzenia: USA<br \/>\nNajlepsze zastosowanie: taktyczne, do noszenia na co dzie\u0144<\/p>\n<p><iframe title=\"Microtech Combat Troodon Torture Test\" width=\"800\" height=\"450\" src=\"https:\/\/www.youtube.com\/embed\/xE9TeOFYEjg?feature=oembed\" frameborder=\"0\" allow=\"accelerometer; autoplay; clipboard-write; encrypted-media; gyroscope; picture-in-picture; web-share\" allowfullscreen><\/iframe><\/p>\n","protected":false},"excerpt":{"rendered":"<p>Przez lata <strong>Microtech\u00ae Knives<\/strong> wype\u0142nia\u0142 no\u017ce pasj\u0105 i umiej\u0119tno\u015bciami, aby stworzy\u0107 niemal dzie\u0142a sztuki, kt\u00f3re s\u0105 szczytem funkcjonalno\u015bci.Wszystkie cz\u0119\u015bci s\u0105 produkowane w USA.<br \/>\n<strong>Wszystkie no\u017ce Microtech obj\u0119te s\u0105 do\u017cywotni\u0105 gwarancj\u0105.<\/strong><\/p>\n<p><strong>Bezp\u0142atny transport.<\/strong><\/p>\n","protected":false},"featured_media":311024,"comment_status":"open","ping_status":"closed","template":"","meta":[],"pwb-brand":[3279],"product_brand":[],"product_cat":[3296,3344],"product_tag":[3671],"class_list":{"0":"post-311020","1":"product","2":"type-product","3":"status-publish","4":"has-post-thumbnail","6":"pwb-brand-microtech-pl","7":"product_cat-noze-pl","8":"product_cat-noze-strzeleckie","9":"product_tag-b2b-pl","11":"first","12":"instock","13":"taxable","14":"shipping-taxable","15":"purchasable","16":"product-type-simple"},"brands":[{"id":3279,"name":"Microtech","slug":"microtech-pl"}],"_links":{"self":[{"href":"https:\/\/www.moskito.cz\/pl\/wp-json\/wp\/v2\/product\/311020","targetHints":{"allow":["GET"]}}],"collection":[{"href":"https:\/\/www.moskito.cz\/pl\/wp-json\/wp\/v2\/product"}],"about":[{"href":"https:\/\/www.moskito.cz\/pl\/wp-json\/wp\/v2\/types\/product"}],"replies":[{"embeddable":true,"href":"https:\/\/www.moskito.cz\/pl\/wp-json\/wp\/v2\/comments?post=311020"}],"wp:featuredmedia":[{"embeddable":true,"href":"https:\/\/www.moskito.cz\/pl\/wp-json\/wp\/v2\/media\/311024"}],"wp:attachment":[{"href":"https:\/\/www.moskito.cz\/pl\/wp-json\/wp\/v2\/media?parent=311020"}],"wp:term":[{"taxonomy":"pwb-brand","embeddable":true,"href":"https:\/\/www.moskito.cz\/pl\/wp-json\/wp\/v2\/pwb-brand?post=311020"},{"taxonomy":"product_brand","embeddable":true,"href":"https:\/\/www.moskito.cz\/pl\/wp-json\/wp\/v2\/product_brand?post=311020"},{"taxonomy":"product_cat","embeddable":true,"href":"https:\/\/www.moskito.cz\/pl\/wp-json\/wp\/v2\/product_cat?post=311020"},{"taxonomy":"product_tag","embeddable":true,"href":"https:\/\/www.moskito.cz\/pl\/wp-json\/wp\/v2\/product_tag?post=311020"}],"curies":[{"name":"wp","href":"https:\/\/api.w.org\/{rel}","templated":true}]}}