{"id":311043,"date":"2023-01-19T20:56:52","date_gmt":"2024-02-06T19:23:20","guid":{"rendered":"https:\/\/www.moskito.cz\/produkt\/noz-strzelecki-microtech-signature-series-dirac-auto-otf-225-3ocs\/"},"modified":"2025-05-07T11:01:39","modified_gmt":"2025-05-07T10:01:39","slug":"noz-strzelecki-microtech-signature-series-dirac-auto-otf-225-3ocs","status":"publish","type":"product","link":"https:\/\/www.moskito.cz\/pl\/produkt\/noz-strzelecki-microtech-signature-series-dirac-auto-otf-225-3ocs\/","title":{"rendered":"N\u00f3\u017c strzelecki Microtech Signature Series Dirac AUTO OTF 225-3OCS"},"content":{"rendered":"<p>N\u00f3\u017c strzelecki <strong>Microtech<\/strong> Signature Series Dirac AUTO OTF 225-3OCS.<\/p>\n<p>Irac to pierwszy n\u00f3\u017c podw\u00f3jnego dzia\u0142ania firmy Microtech z suwakiem strzelaj\u0105cym z os\u0142ony. Niezwykle ergonomiczne podwozie ma zakrzywione linie przypominaj\u0105ce HALO, co zapewnia nieco inne wyczucie w por\u00f3wnaniu z innymi uchwytami. Zbadali ten konkretny projekt OTF i wykorzystali charakterystyczne cechy mikrotechnologii o ultra wysokiej tolerancji, takie jak opatentowany sprz\u0119t, innowacyjny mechanizm wewn\u0119trzny i zbijak do szk\u0142a. Dzi\u0119ki ca\u0142kowitej d\u0142ugo\u015bci 18,12 cm Dirac idealnie nadaje si\u0119 na n\u00f3\u017c codzienny.<\/p>\n<p>Dane techniczne<br \/>\nD\u0142ugo\u015b\u0107 ostrza: 7,5<br \/>\nD\u0142ugo\u015b\u0107 ca\u0142kowita: 18,5 cm<br \/>\nStal: M390<br \/>\nStyl ostrza: sztylet o podw\u00f3jnym ostrzu, g\u0142adki\/z\u0105bkowany<br \/>\nSzlif ostrza: p\u0142aski<br \/>\nWyko\u0144czenie ostrza: zielony kamufla\u017c OD<br \/>\nMateria\u0142 r\u0119koje\u015bci: aluminium 6061-T6, anodowane na twardo w kolorze zielonym OD Camo Mil-Spec<br \/>\nGrubo\u015b\u0107 r\u0105czki: 1,05 cm<br \/>\nMechanizm blokuj\u0105cy: Zasuwa pokrywy<br \/>\nKieszonkowy klips: stal nierdzewna 301 (sk\u0142adany)<br \/>\nWaga: 2,2 uncji<br \/>\nProjektant: Tony Marfione<br \/>\nWykonane w USA<\/p>\n<p><iframe title=\"Microtech Combat Troodon Torture Test\" width=\"800\" height=\"450\" src=\"https:\/\/www.youtube.com\/embed\/xE9TeOFYEjg?feature=oembed\" frameborder=\"0\" allow=\"accelerometer; autoplay; clipboard-write; encrypted-media; gyroscope; picture-in-picture; web-share\" allowfullscreen><\/iframe><\/p>\n<p>&nbsp;<\/p>\n<p>&nbsp;<\/p>\n","protected":false},"excerpt":{"rendered":"<p>Przez lata <strong>Microtech\u00ae<\/strong> Knives wype\u0142nia\u0142 no\u017ce pasj\u0105 i umiej\u0119tno\u015bciami, aby tworzy\u0107 niemal dzie\u0142a sztuki, kt\u00f3re s\u0105 szczytem funkcjonalno\u015bci.Wszystkie cz\u0119\u015bci s\u0105 produkowane w USA.<br \/>\n<strong>Wszystkie no\u017ce Microtech obj\u0119te s\u0105 do\u017cywotni\u0105 gwarancj\u0105 (min. 80 000 cykli, otwieranie i zamykanie)<\/strong><\/p>\n","protected":false},"featured_media":311046,"comment_status":"open","ping_status":"closed","template":"","meta":[],"pwb-brand":[3279],"product_brand":[],"product_cat":[3296,3344],"product_tag":[3671],"class_list":{"0":"post-311043","1":"product","2":"type-product","3":"status-publish","4":"has-post-thumbnail","6":"pwb-brand-microtech-pl","7":"product_cat-noze-pl","8":"product_cat-noze-strzeleckie","9":"product_tag-b2b-pl","11":"first","12":"instock","13":"taxable","14":"shipping-taxable","15":"purchasable","16":"product-type-simple"},"brands":[{"id":3279,"name":"Microtech","slug":"microtech-pl"}],"_links":{"self":[{"href":"https:\/\/www.moskito.cz\/pl\/wp-json\/wp\/v2\/product\/311043","targetHints":{"allow":["GET"]}}],"collection":[{"href":"https:\/\/www.moskito.cz\/pl\/wp-json\/wp\/v2\/product"}],"about":[{"href":"https:\/\/www.moskito.cz\/pl\/wp-json\/wp\/v2\/types\/product"}],"replies":[{"embeddable":true,"href":"https:\/\/www.moskito.cz\/pl\/wp-json\/wp\/v2\/comments?post=311043"}],"wp:featuredmedia":[{"embeddable":true,"href":"https:\/\/www.moskito.cz\/pl\/wp-json\/wp\/v2\/media\/311046"}],"wp:attachment":[{"href":"https:\/\/www.moskito.cz\/pl\/wp-json\/wp\/v2\/media?parent=311043"}],"wp:term":[{"taxonomy":"pwb-brand","embeddable":true,"href":"https:\/\/www.moskito.cz\/pl\/wp-json\/wp\/v2\/pwb-brand?post=311043"},{"taxonomy":"product_brand","embeddable":true,"href":"https:\/\/www.moskito.cz\/pl\/wp-json\/wp\/v2\/product_brand?post=311043"},{"taxonomy":"product_cat","embeddable":true,"href":"https:\/\/www.moskito.cz\/pl\/wp-json\/wp\/v2\/product_cat?post=311043"},{"taxonomy":"product_tag","embeddable":true,"href":"https:\/\/www.moskito.cz\/pl\/wp-json\/wp\/v2\/product_tag?post=311043"}],"curies":[{"name":"wp","href":"https:\/\/api.w.org\/{rel}","templated":true}]}}