{"id":311128,"date":"2022-12-18T18:44:11","date_gmt":"2022-12-18T17:44:11","guid":{"rendered":"https:\/\/www.moskito.cz\/produkt\/noz-mysliwski-microtech-otf-money-clip-auto-bronze-double-edge\/"},"modified":"2025-12-23T14:09:40","modified_gmt":"2025-12-23T13:09:40","slug":"noz-mysliwski-microtech-otf-money-clip-auto-bronze-double-edge","status":"publish","type":"product","link":"https:\/\/www.moskito.cz\/pl\/produkt\/noz-mysliwski-microtech-otf-money-clip-auto-bronze-double-edge\/","title":{"rendered":"N\u00f3\u017c my\u015bliwski Microtech OTF Money Clip AUTO Bronze Double Edge"},"content":{"rendered":"<p>N\u00f3\u017c my\u015bliwski <strong>Microtech<\/strong> OTF Money Clip AUTO Bronze Double Edge.<\/p>\n<p>Gwiazda linii Microtech 2019, Exocet \u0142\u0105czy w sobie u\u017cyteczno\u015b\u0107 i codzienn\u0105 praktyczno\u015b\u0107 w jednym unikalnym opakowaniu. Innowacyjny i pierwszy w swoim rodzaju, ten automatyczny OTF mie\u015bci mniej ni\u017c dwucalowe ostrze kalifornijskie i s\u0142u\u017cy r\u00f3wnie\u017c jako klips na banknoty, dzi\u0119ki czemu idealnie nadaje si\u0119 do codziennego noszenia. Jego wygl\u0105d mo\u017ce Ci\u0119 zaskoczy\u0107, gdy zobaczysz go po raz pierwszy, ale uczucie niepokoju zniknie, gdy uruchomisz go po raz pierwszy. Ten n\u00f3\u017c strzela szybciej i \u0142atwiej ni\u017c jakikolwiek inny n\u00f3\u017c Microtech OTF, co czyni go idealnym prezentem dla bliskiej Ci osoby lub dla Ciebie.<\/p>\n<p>Aluminiowa r\u0119koje\u015b\u0107<br \/>\nOstrze z CTS-204P.<br \/>\nKontrola jednym kciukiem<br \/>\nOdwracalny klips do kieszeni, kt\u00f3ry mo\u017ce s\u0142u\u017cy\u0107 jako klips na pieni\u0105dze.<\/p>\n<p>D\u0142ugo\u015b\u0107 ostrza: 5 cm<br \/>\nCa\u0142kowita d\u0142ugo\u015b\u0107 ostrza: 13,5 cm<br \/>\nGrubo\u015b\u0107 ostrza: 0,15 cm<br \/>\nStyl ostrza: sztylet<\/p>\n<p><iframe title=\"Microtech Combat Troodon Torture Test\" width=\"800\" height=\"450\" src=\"https:\/\/www.youtube.com\/embed\/xE9TeOFYEjg?feature=oembed\" frameborder=\"0\" allow=\"accelerometer; autoplay; clipboard-write; encrypted-media; gyroscope; picture-in-picture; web-share\" allowfullscreen><\/iframe><\/p>\n<p>&nbsp;<\/p>\n","protected":false},"excerpt":{"rendered":"<p>Przez lata <strong>firma Microtech\u00ae Knives<\/strong> wype\u0142nia\u0142a no\u017ce pasj\u0105 i umiej\u0119tno\u015bciami, aby tworzy\u0107 niemal dzie\u0142a sztuki, kt\u00f3re s\u0105 szczytem funkcjonalno\u015bci. Wszystkie cz\u0119\u015bci s\u0105 produkowane w USA.<br \/>\n<strong>Wszystkie no\u017ce Microtech obj\u0119te s\u0105 do\u017cywotni\u0105 gwarancj\u0105.<\/strong><\/p>\n<p><strong>Darmowa wysy\u0142ka.<\/strong><\/p>\n","protected":false},"featured_media":311145,"comment_status":"open","ping_status":"closed","template":"","meta":[],"pwb-brand":[3279],"product_brand":[],"product_cat":[3344,3296],"product_tag":[3671],"class_list":{"0":"post-311128","1":"product","2":"type-product","3":"status-publish","4":"has-post-thumbnail","6":"pwb-brand-microtech-pl","7":"product_cat-noze-strzeleckie","8":"product_cat-noze-pl","9":"product_tag-b2b-pl","11":"first","12":"outofstock","13":"taxable","14":"shipping-taxable","15":"purchasable","16":"product-type-simple"},"brands":[{"id":3279,"name":"Microtech","slug":"microtech-pl"}],"_links":{"self":[{"href":"https:\/\/www.moskito.cz\/pl\/wp-json\/wp\/v2\/product\/311128","targetHints":{"allow":["GET"]}}],"collection":[{"href":"https:\/\/www.moskito.cz\/pl\/wp-json\/wp\/v2\/product"}],"about":[{"href":"https:\/\/www.moskito.cz\/pl\/wp-json\/wp\/v2\/types\/product"}],"replies":[{"embeddable":true,"href":"https:\/\/www.moskito.cz\/pl\/wp-json\/wp\/v2\/comments?post=311128"}],"wp:featuredmedia":[{"embeddable":true,"href":"https:\/\/www.moskito.cz\/pl\/wp-json\/wp\/v2\/media\/311145"}],"wp:attachment":[{"href":"https:\/\/www.moskito.cz\/pl\/wp-json\/wp\/v2\/media?parent=311128"}],"wp:term":[{"taxonomy":"pwb-brand","embeddable":true,"href":"https:\/\/www.moskito.cz\/pl\/wp-json\/wp\/v2\/pwb-brand?post=311128"},{"taxonomy":"product_brand","embeddable":true,"href":"https:\/\/www.moskito.cz\/pl\/wp-json\/wp\/v2\/product_brand?post=311128"},{"taxonomy":"product_cat","embeddable":true,"href":"https:\/\/www.moskito.cz\/pl\/wp-json\/wp\/v2\/product_cat?post=311128"},{"taxonomy":"product_tag","embeddable":true,"href":"https:\/\/www.moskito.cz\/pl\/wp-json\/wp\/v2\/product_tag?post=311128"}],"curies":[{"name":"wp","href":"https:\/\/api.w.org\/{rel}","templated":true}]}}