{"id":311208,"date":"2022-11-19T10:14:25","date_gmt":"2024-02-06T19:28:35","guid":{"rendered":"https:\/\/www.moskito.cz\/produkt\/noz-strzelecki-microtech-exocet-otf-klips-na-banknoty-cerakote-od-green-157-1cod\/"},"modified":"2025-05-07T12:49:30","modified_gmt":"2025-05-07T11:49:30","slug":"noz-strzelecki-microtech-exocet-otf-klips-na-banknoty-cerakote-od-green-157-1cod","status":"publish","type":"product","link":"https:\/\/www.moskito.cz\/pl\/produkt\/noz-strzelecki-microtech-exocet-otf-klips-na-banknoty-cerakote-od-green-157-1cod\/","title":{"rendered":"N\u00f3\u017c strzelecki Microtech Exocet OTF Klips na banknoty Cerakote OD Green 157-1COD"},"content":{"rendered":"<p>N\u00f3\u017c strzelecki <strong>Microtech<\/strong> Exocet OTF Klips na banknoty Cerakote OD Green 157-1COD.<\/p>\n<p>Microtech Exocet D\/E Cerakote OD Green Handle Cerakote Od Green Standard Blade Cali Legal OTF Klips na banknoty 157-1CTA<\/p>\n<p>Zupe\u0142nie nowy Microtech Exocet to bardzo fajny, ma\u0142y, ale wytrzyma\u0142y n\u00f3\u017c OTF. Praktyczny i u\u017cyteczny, posiada szerokie, zgodne z prawem kalifornijskie ostrze podw\u00f3jnego sztyletu i du\u017cy klips do kieszeni. Klips kieszonkowy \u015bwietnie sprawdza si\u0119 jako klips na banknoty, dzi\u0119ki czemu jest idealnym no\u017cem do codziennego noszenia. Ten innowacyjny projekt firmy Microtech to pierwszy klips na banknoty wyposa\u017cony w wysokiej jako\u015bci n\u00f3\u017c automatyczny Out The Front.<\/p>\n<p>Model ten posiada skal\u0119 z r\u0119koje\u015bci\u0105 z aluminium Cerakote OD Green 6061-T6. Ostrze sztyletu obosiecznego Cerakote OD Green M390 ze stali nierdzewnej. Okucia Cerakote OD Green i klips do kieszeni\/banknot\u00f3w. Ostrze ma logo Microtech i informacje o modelu. Klips kieszonkowy posiada logo Microtech, numer seryjny i dat\u0119 produkcji.<\/p>\n<p>Uchwyt aluminiowy<br \/>\n Stalowe ostrze sztyletu CTS-204P.<br \/>\n Sterowanie jednym kciukiem<br \/>\n Dwustronny klips kieszonkowy, kt\u00f3ry pe\u0142ni r\u00f3wnie\u017c funkcj\u0119 klipsa do pieni\u0119dzy.<\/p>\n<p>D\u0142ugo\u015b\u0107 ostrza: 5 cm<br \/>\n Ca\u0142kowita d\u0142ugo\u015b\u0107 no\u017ca: 13,5 cm<br \/>\n Grubo\u015b\u0107 ostrza: 0,15 cm<\/p>\n<p><iframe title=\"Microtech Combat Troodon Torture Test\" width=\"800\" height=\"450\" src=\"https:\/\/www.youtube.com\/embed\/xE9TeOFYEjg?feature=oembed\" frameborder=\"0\" allow=\"accelerometer; autoplay; clipboard-write; encrypted-media; gyroscope; picture-in-picture; web-share\" allowfullscreen><\/iframe><\/p>\n<p>&nbsp;<\/p>\n","protected":false},"excerpt":{"rendered":"<p>Przez lata firma <strong>Microtech\u00ae<\/strong> Knives w\u0142o\u017cy\u0142a pasj\u0119 i umiej\u0119tno\u015bci w produkcj\u0119 no\u017cy, tworz\u0105c niemal dzie\u0142a sztuki b\u0119d\u0105ce szczytem funkcjonalno\u015bci. Wci\u0105\u017c przesuwa granice i je udoskonala.Wszystkie cz\u0119\u015bci s\u0105 produkowane w USA.<br \/>\n<strong>Wszystkie no\u017ce Microtech obj\u0119te s\u0105 do\u017cywotni\u0105 gwarancj\u0105.<\/strong><\/p>\n<p><strong>Darmowa wysy\u0142ka.<\/strong><\/p>\n","protected":false},"featured_media":311219,"comment_status":"open","ping_status":"closed","template":"","meta":[],"pwb-brand":[3279],"product_brand":[],"product_cat":[3296,3344],"product_tag":[3671],"class_list":{"0":"post-311208","1":"product","2":"type-product","3":"status-publish","4":"has-post-thumbnail","6":"pwb-brand-microtech-pl","7":"product_cat-noze-pl","8":"product_cat-noze-strzeleckie","9":"product_tag-b2b-pl","11":"first","12":"outofstock","13":"taxable","14":"shipping-taxable","15":"purchasable","16":"product-type-simple"},"brands":[{"id":3279,"name":"Microtech","slug":"microtech-pl"}],"_links":{"self":[{"href":"https:\/\/www.moskito.cz\/pl\/wp-json\/wp\/v2\/product\/311208","targetHints":{"allow":["GET"]}}],"collection":[{"href":"https:\/\/www.moskito.cz\/pl\/wp-json\/wp\/v2\/product"}],"about":[{"href":"https:\/\/www.moskito.cz\/pl\/wp-json\/wp\/v2\/types\/product"}],"replies":[{"embeddable":true,"href":"https:\/\/www.moskito.cz\/pl\/wp-json\/wp\/v2\/comments?post=311208"}],"wp:featuredmedia":[{"embeddable":true,"href":"https:\/\/www.moskito.cz\/pl\/wp-json\/wp\/v2\/media\/311219"}],"wp:attachment":[{"href":"https:\/\/www.moskito.cz\/pl\/wp-json\/wp\/v2\/media?parent=311208"}],"wp:term":[{"taxonomy":"pwb-brand","embeddable":true,"href":"https:\/\/www.moskito.cz\/pl\/wp-json\/wp\/v2\/pwb-brand?post=311208"},{"taxonomy":"product_brand","embeddable":true,"href":"https:\/\/www.moskito.cz\/pl\/wp-json\/wp\/v2\/product_brand?post=311208"},{"taxonomy":"product_cat","embeddable":true,"href":"https:\/\/www.moskito.cz\/pl\/wp-json\/wp\/v2\/product_cat?post=311208"},{"taxonomy":"product_tag","embeddable":true,"href":"https:\/\/www.moskito.cz\/pl\/wp-json\/wp\/v2\/product_tag?post=311208"}],"curies":[{"name":"wp","href":"https:\/\/api.w.org\/{rel}","templated":true}]}}