{"id":311210,"date":"2023-01-17T22:15:02","date_gmt":"2024-02-06T19:28:35","guid":{"rendered":"https:\/\/www.moskito.cz\/produkt\/noz-strzelecki-microtech-703-1od-hera-s-e-od-zielony\/"},"modified":"2025-05-07T11:01:46","modified_gmt":"2025-05-07T10:01:46","slug":"noz-strzelecki-microtech-703-1od-hera-s-e-od-zielony","status":"publish","type":"product","link":"https:\/\/www.moskito.cz\/pl\/produkt\/noz-strzelecki-microtech-703-1od-hera-s-e-od-zielony\/","title":{"rendered":"N\u00f3\u017c strzelecki Microtech 703-1OD Hera S\/E OD Zielony"},"content":{"rendered":"<p>N\u00f3\u017c strzelecki <strong>Microtech<\/strong> 703-1OD Hera S\/E OD Zielony.<\/p>\n<p>Hera to pi\u0119kny przedni automat o podw\u00f3jnym dzia\u0142aniu, z kszta\u0142tem ramy lu\u017ano opartym na projekcie Troodon. Jest jednak bardziej ergonomiczny, z obrobionymi \u0142atami na ko\u0144cach dla lepszego trzymania i, naszym zdaniem, lepszego wygl\u0105du. Wszystko w tym projekcie krzyczy zar\u00f3wno wyrafinowaniem, jak i funkcjonalno\u015bci\u0105. Jest to jeden z najlepszych wszechstronnych automatycznych projekt\u00f3w OTF na niezwykle zat\u0142oczonym polu i ma rozmiar odpowiedni do codziennego noszenia.<\/p>\n<p>N\u00f3\u017c zamykaj\u0105cy z podw\u00f3jnym automatycznym otwieraniem z przodu.<\/p>\n<p>D\u0142ugo\u015b\u0107 po zamkni\u0119ciu 11,3 cm.<\/p>\n<p>Ostrze wykonane ze stali M390.<\/p>\n<p>D\u0142ugo\u015b\u0107 ostrza 7,62 cm.<\/p>\n<p>Materia\u0142 r\u0119koje\u015bci: aluminium w kolorze zielonym OD<\/p>\n<p>Wyko\u0144czenie ostrza: czarne<\/p>\n<p>Grubo\u015b\u0107 ostrza 3 mm.<\/p>\n<p>Podk\u0142adki aluminiowe.<\/p>\n<p>Waga 90g.<\/p>\n<p>Wykonane w USA<\/p>\n<p><iframe title=\"Microtech Combat Troodon Torture Test\" width=\"800\" height=\"450\" src=\"https:\/\/www.youtube.com\/embed\/xE9TeOFYEjg?feature=oembed\" frameborder=\"0\" allow=\"accelerometer; autoplay; clipboard-write; encrypted-media; gyroscope; picture-in-picture; web-share\" allowfullscreen><\/iframe><\/p>\n<p>&nbsp;<\/p>\n","protected":false},"excerpt":{"rendered":"<p>Przez lata <strong>Microtech\u00ae<\/strong> Knives wype\u0142nia\u0142 no\u017ce pasj\u0105 i umiej\u0119tno\u015bciami, aby tworzy\u0107 niemal dzie\u0142a sztuki, kt\u00f3re s\u0105 szczytem funkcjonalno\u015bci.Wszystkie cz\u0119\u015bci s\u0105 produkowane w USA.<br \/>\n<strong>Wszystkie no\u017ce Microtech obj\u0119te s\u0105 do\u017cywotni\u0105 gwarancj\u0105 (min. 80 000 cykli, otwieranie i zamykanie)<\/strong><\/p>\n<p><strong>Bezp\u0142atny transport.<\/strong><\/p>\n","protected":false},"featured_media":311218,"comment_status":"open","ping_status":"closed","template":"","meta":[],"pwb-brand":[3279],"product_brand":[],"product_cat":[3296,3344],"product_tag":[3671],"class_list":{"0":"post-311210","1":"product","2":"type-product","3":"status-publish","4":"has-post-thumbnail","6":"pwb-brand-microtech-pl","7":"product_cat-noze-pl","8":"product_cat-noze-strzeleckie","9":"product_tag-b2b-pl","11":"first","12":"instock","13":"taxable","14":"shipping-taxable","15":"purchasable","16":"product-type-simple"},"brands":[{"id":3279,"name":"Microtech","slug":"microtech-pl"}],"_links":{"self":[{"href":"https:\/\/www.moskito.cz\/pl\/wp-json\/wp\/v2\/product\/311210","targetHints":{"allow":["GET"]}}],"collection":[{"href":"https:\/\/www.moskito.cz\/pl\/wp-json\/wp\/v2\/product"}],"about":[{"href":"https:\/\/www.moskito.cz\/pl\/wp-json\/wp\/v2\/types\/product"}],"replies":[{"embeddable":true,"href":"https:\/\/www.moskito.cz\/pl\/wp-json\/wp\/v2\/comments?post=311210"}],"wp:featuredmedia":[{"embeddable":true,"href":"https:\/\/www.moskito.cz\/pl\/wp-json\/wp\/v2\/media\/311218"}],"wp:attachment":[{"href":"https:\/\/www.moskito.cz\/pl\/wp-json\/wp\/v2\/media?parent=311210"}],"wp:term":[{"taxonomy":"pwb-brand","embeddable":true,"href":"https:\/\/www.moskito.cz\/pl\/wp-json\/wp\/v2\/pwb-brand?post=311210"},{"taxonomy":"product_brand","embeddable":true,"href":"https:\/\/www.moskito.cz\/pl\/wp-json\/wp\/v2\/product_brand?post=311210"},{"taxonomy":"product_cat","embeddable":true,"href":"https:\/\/www.moskito.cz\/pl\/wp-json\/wp\/v2\/product_cat?post=311210"},{"taxonomy":"product_tag","embeddable":true,"href":"https:\/\/www.moskito.cz\/pl\/wp-json\/wp\/v2\/product_tag?post=311210"}],"curies":[{"name":"wp","href":"https:\/\/api.w.org\/{rel}","templated":true}]}}