{"id":311274,"date":"2022-11-14T22:24:07","date_gmt":"2024-02-06T19:28:52","guid":{"rendered":"https:\/\/www.moskito.cz\/produkt\/noz-strzelecki-microtech-ultratech-automatic-otf-bayonet-120-2ocs\/"},"modified":"2025-05-07T11:01:48","modified_gmt":"2025-05-07T10:01:48","slug":"noz-strzelecki-microtech-ultratech-automatic-otf-bayonet-120-2ocs","status":"publish","type":"product","link":"https:\/\/www.moskito.cz\/pl\/produkt\/noz-strzelecki-microtech-ultratech-automatic-otf-bayonet-120-2ocs\/","title":{"rendered":"N\u00f3\u017c strzelecki Microtech Ultratech Automatic OTF Bayonet 120-2OCS"},"content":{"rendered":"<p>N\u00f3\u017c strzelecki <strong>Microtech<\/strong> Ultratech Automatic OTF Bayonet 120-2OCS.<\/p>\n<p>Podoba Ci si\u0119 wygl\u0105d ostrza obosiecznego, ale podoba Ci si\u0119 u\u017cyteczno\u015b\u0107 ostrza jednosiecznego lub tanto?<\/p>\n<p>Teraz mo\u017cesz \u201emie\u0107 ciasto i je te\u017c pokroi\u0107\u201d dzi\u0119ki ostrzu bagnetowemu firmy Microtech Knives.<br \/>\nNajlepsz\u0105 rzecz\u0105 w ostrzu bagnetowym jest jego ostro\u015b\u0107 po obu stronach, ale g\u00f3rna kraw\u0119d\u017a jest ostra w 3\/4 d\u0142ugo\u015bci, a kciuk mo\u017ce oprze\u0107 si\u0119 w drugiej 1\/4 d\u0142ugo\u015bci.<br \/>\nTen automatyczny Ultratech OTF ma r\u0119koje\u015b\u0107 z aluminium 6061-T6 z Cerakote. Zako\u0144czony jest ostrzem Cerakoted Bayonet, idealnym do ka\u017cdego zastosowania.<\/p>\n<p>D\u0142ugo\u015b\u0107 ca\u0142kowita: 22 cm<br \/>\nD\u0142ugo\u015b\u0107 ostrza: 8,6 cm Bagnet, z\u0105bkowany Cerakote Camo, cz\u0119\u015bciowo z\u0105bkowany<br \/>\nWaga: 3,6 uncji<br \/>\nKlips: przechyl w d\u00f3\u0142, w prawo\/w lewo<br \/>\notwieracz: Automatyczny posuw kciukiem OTF, Double Action, Automatyczny<br \/>\nSeria podpis\u00f3w<br \/>\nWykonane w USA<br \/>\nModel: 120-2OCS<\/p>\n<p><iframe title=\"Microtech Combat Troodon Torture Test\" width=\"800\" height=\"450\" src=\"https:\/\/www.youtube.com\/embed\/xE9TeOFYEjg?feature=oembed\" frameborder=\"0\" allow=\"accelerometer; autoplay; clipboard-write; encrypted-media; gyroscope; picture-in-picture; web-share\" allowfullscreen><\/iframe><\/p>\n<p>&nbsp;<\/p>\n","protected":false},"excerpt":{"rendered":"<p>Przez lata <strong>firma Microtech\u00ae Knives<\/strong> wype\u0142nia\u0142a no\u017ce pasj\u0105 i umiej\u0119tno\u015bciami, aby tworzy\u0107 niemal dzie\u0142a sztuki, kt\u00f3re s\u0105 szczytem funkcjonalno\u015bci.Wszystkie cz\u0119\u015bci s\u0105 produkowane w USA.<br \/>\n<strong>Wszystkie no\u017ce Microtech obj\u0119te s\u0105 do\u017cywotni\u0105 gwarancj\u0105.<\/strong><\/p>\n","protected":false},"featured_media":311281,"comment_status":"open","ping_status":"closed","template":"","meta":[],"pwb-brand":[3279],"product_brand":[],"product_cat":[3296,3344],"product_tag":[3671],"class_list":{"0":"post-311274","1":"product","2":"type-product","3":"status-publish","4":"has-post-thumbnail","6":"pwb-brand-microtech-pl","7":"product_cat-noze-pl","8":"product_cat-noze-strzeleckie","9":"product_tag-b2b-pl","11":"first","12":"instock","13":"taxable","14":"shipping-taxable","15":"purchasable","16":"product-type-simple"},"brands":[{"id":3279,"name":"Microtech","slug":"microtech-pl"}],"_links":{"self":[{"href":"https:\/\/www.moskito.cz\/pl\/wp-json\/wp\/v2\/product\/311274","targetHints":{"allow":["GET"]}}],"collection":[{"href":"https:\/\/www.moskito.cz\/pl\/wp-json\/wp\/v2\/product"}],"about":[{"href":"https:\/\/www.moskito.cz\/pl\/wp-json\/wp\/v2\/types\/product"}],"replies":[{"embeddable":true,"href":"https:\/\/www.moskito.cz\/pl\/wp-json\/wp\/v2\/comments?post=311274"}],"wp:featuredmedia":[{"embeddable":true,"href":"https:\/\/www.moskito.cz\/pl\/wp-json\/wp\/v2\/media\/311281"}],"wp:attachment":[{"href":"https:\/\/www.moskito.cz\/pl\/wp-json\/wp\/v2\/media?parent=311274"}],"wp:term":[{"taxonomy":"pwb-brand","embeddable":true,"href":"https:\/\/www.moskito.cz\/pl\/wp-json\/wp\/v2\/pwb-brand?post=311274"},{"taxonomy":"product_brand","embeddable":true,"href":"https:\/\/www.moskito.cz\/pl\/wp-json\/wp\/v2\/product_brand?post=311274"},{"taxonomy":"product_cat","embeddable":true,"href":"https:\/\/www.moskito.cz\/pl\/wp-json\/wp\/v2\/product_cat?post=311274"},{"taxonomy":"product_tag","embeddable":true,"href":"https:\/\/www.moskito.cz\/pl\/wp-json\/wp\/v2\/product_tag?post=311274"}],"curies":[{"name":"wp","href":"https:\/\/api.w.org\/{rel}","templated":true}]}}