{"id":311305,"date":"2022-11-14T22:47:53","date_gmt":"2024-02-06T19:29:00","guid":{"rendered":"https:\/\/www.moskito.cz\/produkt\/noz-strzelecki-microtech-molon-labe-122-13mls\/"},"modified":"2025-05-07T11:01:49","modified_gmt":"2025-05-07T10:01:49","slug":"noz-strzelecki-microtech-molon-labe-122-13mls","status":"publish","type":"product","link":"https:\/\/www.moskito.cz\/pl\/produkt\/noz-strzelecki-microtech-molon-labe-122-13mls\/","title":{"rendered":"N\u00f3\u017c strzelecki Microtech Molon Labe 122-13MLS"},"content":{"rendered":"<p>N\u00f3\u017c strzelecki <strong>Microtech<\/strong> Molon Labe 122-13MLS.<\/p>\n<p>Jako flagowy model gamy Microtech\u00ae OTF, Ultratech\u00ae wyznacza standardy technologii Out-The-Front. Opatentowana konstrukcja pozwala na zatrzymanie spr\u0119\u017cyny spustowej zar\u00f3wno w pozycji otwartej, jak i zamkni\u0119tej, co znacznie zmniejsza zu\u017cycie wewn\u0119trznych mechanizm\u00f3w spustowych. Formowany uchwyt podwozia zapewnia l\u017cejsz\u0105 i bardziej ergonomiczn\u0105 konstrukcj\u0119 oraz ma g\u0142adk\u0105, p\u0142ask\u0105 powierzchni\u0119.<\/p>\n<p>D\u0142ugo\u015b\u0107 ca\u0142kowita: 22 cm<\/p>\n<p>D\u0142ugo\u015b\u0107 ostrza: 8,6 cm<\/p>\n<p>Styl ostrza: Sztylet obosieczny<\/p>\n<p>Ostrza szlifierskie: Szlifierka wydr\u0105\u017cona<\/p>\n<p>Ostrza stalowe: stal nierdzewna Premium (M390, 204P, ELMAX, XHP)<\/p>\n<p>Wyko\u0144czenie ostrza: ci\u0119\u017cki br\u0105z Stonewash<\/p>\n<p>Materia\u0142 uchwytu: aluminium Waga: 3,30 uncji<\/p>\n<p>Klips kieszonkowy: stal nierdzewna, dwustronny<\/p>\n<p>Mechanizm blokuj\u0105cy: Prz\u00f3d<\/p>\n<p>Akcja otwieraj\u0105ca: Automatyczna Kraj pochodzenia: USA<\/p>\n<p><iframe title=\"Microtech Combat Troodon Torture Test\" width=\"800\" height=\"450\" src=\"https:\/\/www.youtube.com\/embed\/xE9TeOFYEjg?feature=oembed\" frameborder=\"0\" allow=\"accelerometer; autoplay; clipboard-write; encrypted-media; gyroscope; picture-in-picture; web-share\" allowfullscreen><\/iframe><\/p>\n<p>&nbsp;<\/p>\n","protected":false},"excerpt":{"rendered":"<p>Przez lata <strong>firma Microtech\u00ae Knives<\/strong> wype\u0142nia\u0142a no\u017ce pasj\u0105 i umiej\u0119tno\u015bciami, aby tworzy\u0107 niemal dzie\u0142a sztuki, kt\u00f3re s\u0105 szczytem funkcjonalno\u015bci.Wszystkie cz\u0119\u015bci s\u0105 produkowane w USA.<br \/>\n<strong>Wszystkie no\u017ce Microtech obj\u0119te s\u0105 do\u017cywotni\u0105 gwarancj\u0105.<\/strong><\/p>\n","protected":false},"featured_media":311314,"comment_status":"open","ping_status":"closed","template":"","meta":[],"pwb-brand":[3279],"product_brand":[],"product_cat":[3296,3344],"product_tag":[3671],"class_list":{"0":"post-311305","1":"product","2":"type-product","3":"status-publish","4":"has-post-thumbnail","6":"pwb-brand-microtech-pl","7":"product_cat-noze-pl","8":"product_cat-noze-strzeleckie","9":"product_tag-b2b-pl","11":"first","12":"outofstock","13":"taxable","14":"shipping-taxable","15":"purchasable","16":"product-type-simple"},"brands":[{"id":3279,"name":"Microtech","slug":"microtech-pl"}],"_links":{"self":[{"href":"https:\/\/www.moskito.cz\/pl\/wp-json\/wp\/v2\/product\/311305","targetHints":{"allow":["GET"]}}],"collection":[{"href":"https:\/\/www.moskito.cz\/pl\/wp-json\/wp\/v2\/product"}],"about":[{"href":"https:\/\/www.moskito.cz\/pl\/wp-json\/wp\/v2\/types\/product"}],"replies":[{"embeddable":true,"href":"https:\/\/www.moskito.cz\/pl\/wp-json\/wp\/v2\/comments?post=311305"}],"wp:featuredmedia":[{"embeddable":true,"href":"https:\/\/www.moskito.cz\/pl\/wp-json\/wp\/v2\/media\/311314"}],"wp:attachment":[{"href":"https:\/\/www.moskito.cz\/pl\/wp-json\/wp\/v2\/media?parent=311305"}],"wp:term":[{"taxonomy":"pwb-brand","embeddable":true,"href":"https:\/\/www.moskito.cz\/pl\/wp-json\/wp\/v2\/pwb-brand?post=311305"},{"taxonomy":"product_brand","embeddable":true,"href":"https:\/\/www.moskito.cz\/pl\/wp-json\/wp\/v2\/product_brand?post=311305"},{"taxonomy":"product_cat","embeddable":true,"href":"https:\/\/www.moskito.cz\/pl\/wp-json\/wp\/v2\/product_cat?post=311305"},{"taxonomy":"product_tag","embeddable":true,"href":"https:\/\/www.moskito.cz\/pl\/wp-json\/wp\/v2\/product_tag?post=311305"}],"curies":[{"name":"wp","href":"https:\/\/api.w.org\/{rel}","templated":true}]}}