{"id":311319,"date":"2022-11-16T21:26:03","date_gmt":"2024-02-06T19:29:02","guid":{"rendered":"https:\/\/www.moskito.cz\/produkt\/noz-strzelecki-microtech-signature-series-makora-stonewashed-206-11s\/"},"modified":"2025-05-07T11:01:49","modified_gmt":"2025-05-07T10:01:49","slug":"noz-strzelecki-microtech-signature-series-makora-stonewashed-206-11s","status":"publish","type":"product","link":"https:\/\/www.moskito.cz\/pl\/produkt\/noz-strzelecki-microtech-signature-series-makora-stonewashed-206-11s\/","title":{"rendered":"N\u00f3\u017c strzelecki Microtech Signature Series Makora Stonewashed 206-11S"},"content":{"rendered":"<p>N\u00f3\u017c strzelecki <strong>Microtech<\/strong> Signature Series Makora Stonewashed 206-11S.<\/p>\n<p>Koncepcja Makory ewoluowa\u0142a od s\u0142ynnego projektu Microtech Ultratech. Zosta\u0142o to sprawdzone w praktyce i sprawdzone od kilku lat. Ten projekt zawiera wiele funkcji, o kt\u00f3re prosili i okre\u015blili u\u017cytkownicy, kt\u00f3rzy wol\u0105 to wysoce skuteczne narz\u0119dzie od innych. Spr\u0119\u017cyna Makora pozostaje przez ca\u0142y czas w pozycji \u201espoczynkowej\u201d, z wyj\u0105tkiem sytuacji, gdy jest wysuni\u0119ta. Brak zm\u0119czenia \u015bci\u015bni\u0119tej spr\u0119\u017cyny, gdy n\u00f3\u017c nie jest u\u017cywany, daje to u\u017cytkownikom pewno\u015b\u0107, \u017ce po naci\u015bni\u0119ciu przycisku zwalniaj\u0105cego n\u00f3\u017c b\u0119dzie dzia\u0142a\u0142. Inne funkcje obejmuj\u0105 szybkie i wydajne otwieranie i zamykanie jedn\u0105 r\u0119k\u0105, wysokiej jako\u015bci ostrze ze stali, dwustronny klips do kieszeni i \u015bruby odporne na manipulacje.<\/p>\n<p>D\u0142ugo\u015b\u0107 ca\u0142kowita: 9,44 cala (239,7125 mm)<br \/>\nD\u0142ugo\u015b\u0107 zamkni\u0119ta: 6,19\u2033 (157,15 mm)<br \/>\nD\u0142ugo\u015b\u0107 ostrza: 3,25 cala (82,55 mm)<br \/>\nGrubo\u015b\u0107 ostrza: 0,125 \u2033 (3,175 mm)<br \/>\nObr\u00f3bka powierzchni ostrza: Stonewash<\/p>\n<p>Styl ostrza: sztylet o podw\u00f3jnym ostrzu<\/p>\n<p>Materia\u0142 r\u0119koje\u015bci: czarne aluminium<br \/>\nKlips kieszonkowy: sk\u0142adany w d\u00f3\u0142<br \/>\nWaga: 3,4 uncji (96,39 g)<\/p>\n<p><iframe title=\"Microtech Combat Troodon Torture Test\" width=\"800\" height=\"450\" src=\"https:\/\/www.youtube.com\/embed\/xE9TeOFYEjg?feature=oembed\" frameborder=\"0\" allow=\"accelerometer; autoplay; clipboard-write; encrypted-media; gyroscope; picture-in-picture; web-share\" allowfullscreen><\/iframe><\/p>\n<p>&nbsp;<\/p>\n","protected":false},"excerpt":{"rendered":"<p>Przez lata <strong>firma Microtech\u00ae Knives<\/strong> wype\u0142nia\u0142a no\u017ce pasj\u0105 i umiej\u0119tno\u015bciami, aby tworzy\u0107 niemal dzie\u0142a sztuki, kt\u00f3re s\u0105 szczytem funkcjonalno\u015bci. Wszystkie cz\u0119\u015bci wyprodukowano w USA.<br \/>\n<strong>Wszystkie no\u017ce Microtech obj\u0119te s\u0105 do\u017cywotni\u0105 gwarancj\u0105.<\/strong><\/p>\n<p><strong>Bezp\u0142atny transport.<\/strong><\/p>\n","protected":false},"featured_media":311321,"comment_status":"open","ping_status":"closed","template":"","meta":[],"pwb-brand":[3279],"product_brand":[],"product_cat":[3296,3344],"product_tag":[3671],"class_list":{"0":"post-311319","1":"product","2":"type-product","3":"status-publish","4":"has-post-thumbnail","6":"pwb-brand-microtech-pl","7":"product_cat-noze-pl","8":"product_cat-noze-strzeleckie","9":"product_tag-b2b-pl","11":"first","12":"outofstock","13":"taxable","14":"shipping-taxable","15":"purchasable","16":"product-type-simple"},"brands":[{"id":3279,"name":"Microtech","slug":"microtech-pl"}],"_links":{"self":[{"href":"https:\/\/www.moskito.cz\/pl\/wp-json\/wp\/v2\/product\/311319","targetHints":{"allow":["GET"]}}],"collection":[{"href":"https:\/\/www.moskito.cz\/pl\/wp-json\/wp\/v2\/product"}],"about":[{"href":"https:\/\/www.moskito.cz\/pl\/wp-json\/wp\/v2\/types\/product"}],"replies":[{"embeddable":true,"href":"https:\/\/www.moskito.cz\/pl\/wp-json\/wp\/v2\/comments?post=311319"}],"wp:featuredmedia":[{"embeddable":true,"href":"https:\/\/www.moskito.cz\/pl\/wp-json\/wp\/v2\/media\/311321"}],"wp:attachment":[{"href":"https:\/\/www.moskito.cz\/pl\/wp-json\/wp\/v2\/media?parent=311319"}],"wp:term":[{"taxonomy":"pwb-brand","embeddable":true,"href":"https:\/\/www.moskito.cz\/pl\/wp-json\/wp\/v2\/pwb-brand?post=311319"},{"taxonomy":"product_brand","embeddable":true,"href":"https:\/\/www.moskito.cz\/pl\/wp-json\/wp\/v2\/product_brand?post=311319"},{"taxonomy":"product_cat","embeddable":true,"href":"https:\/\/www.moskito.cz\/pl\/wp-json\/wp\/v2\/product_cat?post=311319"},{"taxonomy":"product_tag","embeddable":true,"href":"https:\/\/www.moskito.cz\/pl\/wp-json\/wp\/v2\/product_tag?post=311319"}],"curies":[{"name":"wp","href":"https:\/\/api.w.org\/{rel}","templated":true}]}}