{"id":311320,"date":"2022-11-14T20:31:57","date_gmt":"2024-02-06T19:29:02","guid":{"rendered":"https:\/\/www.moskito.cz\/produkt\/noz-strzelecki-microtech-utx-70-taktyczny-auto-otf-148-2t\/"},"modified":"2025-05-07T11:01:49","modified_gmt":"2025-05-07T10:01:49","slug":"noz-strzelecki-microtech-utx-70-taktyczny-auto-otf-148-2t","status":"publish","type":"product","link":"https:\/\/www.moskito.cz\/pl\/produkt\/noz-strzelecki-microtech-utx-70-taktyczny-auto-otf-148-2t\/","title":{"rendered":"N\u00f3\u017c Strzelecki Microtech UTX-70 Taktyczny AUTO OTF 148-2T"},"content":{"rendered":"<p>N\u00f3\u017c Strzelecki <strong>Microtech<\/strong> UTX-70 Taktyczny AUTO OTF 148-2T.<\/p>\n<p>UTX-70 to idealne po\u0142\u0105czenie kompaktowych rozmiar\u00f3w i doskona\u0142ej wydajno\u015bci. Przy wielko\u015bci 70% Ultratecha, UTX-70 jest wykonany z tych samych materia\u0142\u00f3w, na tych samych maszynach i z tak\u0105 sam\u0105 pomys\u0142owo\u015bci\u0105, jak jego poprzednik. UTX-70 to idealny n\u00f3\u017c na ka\u017cd\u0105 sytuacj\u0119, niezale\u017cnie od zadania ci\u0119cia, doskonale komponuje si\u0119 z Twoim stylem \u017cycia. Dzi\u0119ki szybkiemu otwieraniu i zamykaniu jedn\u0105 r\u0119k\u0105, wykonuje t\u0119 prac\u0119 w ci\u0105gu kilku sekund. UTX-70 ma wiele dost\u0119pnych opcji, takich jak: ostrze pojedyncze, podw\u00f3jne lub tanto. Dost\u0119pna jest r\u00f3wnie\u017c aluminiowa p\u0142yta g\u00f3rna, czarna p\u0142yta z w\u0142\u00f3kna w\u0119glowego lub platynowa p\u0142yta g\u00f3rna z w\u0142\u00f3kna w\u0119glowego. Wyposa\u017cony w dwustronny klips do kieszeni i niewielkie rozmiary, jest idealnym wyborem do codziennego u\u017cytku i noszenia.<\/p>\n<p>D\u0142ugo\u015b\u0107 ca\u0142kowita: 14,07 cm<br \/>\nD\u0142ugo\u015b\u0107 ostrza: 6,02 cm<br \/>\nGrubo\u015b\u0107 ostrza: 0,2 cm<br \/>\nMateria\u0142 ostrza: Bohler M390<br \/>\nTwardo\u015b\u0107: 59-60\u00b0C<br \/>\nStyl ostrza: Drop Point<br \/>\nWstawki: p\u0142askie<br \/>\nTyp obramowania: Zwyk\u0142y<br \/>\nD\u0142ugo\u015b\u0107 r\u0105czki: 8,05 cm<br \/>\nGrubo\u015b\u0107 r\u0105czki: 0,8 cm<br \/>\nMateria\u0142 r\u0119koje\u015bci: aluminium<br \/>\nWaga: 1,24 uncji<br \/>\nU\u017cytkownik: Prawa r\u0119ka<br \/>\nKlips kieszonkowy: sk\u0142adany w d\u00f3\u0142<br \/>\nTyp no\u017ca: Automatyczny OTF Double Action<br \/>\nOtwieracz: kciuk<br \/>\nMarka: Microtech<br \/>\nModel: UTX-70<br \/>\nKraj pochodzenia: USA<br \/>\nNajlepsze zastosowanie: do noszenia na co dzie\u0144, taktyczne<\/p>\n<p><iframe title=\"Microtech Combat Troodon Torture Test\" width=\"800\" height=\"450\" src=\"https:\/\/www.youtube.com\/embed\/xE9TeOFYEjg?feature=oembed\" frameborder=\"0\" allow=\"accelerometer; autoplay; clipboard-write; encrypted-media; gyroscope; picture-in-picture; web-share\" allowfullscreen><\/iframe><\/p>\n<p>&nbsp;<\/p>\n","protected":false},"excerpt":{"rendered":"<p>Przez lata <strong>Microtech\u00ae Knives<\/strong> wype\u0142nia\u0142 no\u017ce pasj\u0105 i umiej\u0119tno\u015bciami, aby stworzy\u0107 niemal dzie\u0142a sztuki, kt\u00f3re s\u0105 szczytem funkcjonalno\u015bci.Wszystkie cz\u0119\u015bci s\u0105 produkowane w USA.<br \/>\n<strong>Wszystkie no\u017ce Microtech obj\u0119te s\u0105 do\u017cywotni\u0105 gwarancj\u0105.<\/strong><\/p>\n","protected":false},"featured_media":311326,"comment_status":"open","ping_status":"closed","template":"","meta":[],"pwb-brand":[3279],"product_brand":[],"product_cat":[3296,3344],"product_tag":[3671],"class_list":{"0":"post-311320","1":"product","2":"type-product","3":"status-publish","4":"has-post-thumbnail","6":"pwb-brand-microtech-pl","7":"product_cat-noze-pl","8":"product_cat-noze-strzeleckie","9":"product_tag-b2b-pl","11":"first","12":"outofstock","13":"taxable","14":"shipping-taxable","15":"purchasable","16":"product-type-simple"},"brands":[{"id":3279,"name":"Microtech","slug":"microtech-pl"}],"_links":{"self":[{"href":"https:\/\/www.moskito.cz\/pl\/wp-json\/wp\/v2\/product\/311320","targetHints":{"allow":["GET"]}}],"collection":[{"href":"https:\/\/www.moskito.cz\/pl\/wp-json\/wp\/v2\/product"}],"about":[{"href":"https:\/\/www.moskito.cz\/pl\/wp-json\/wp\/v2\/types\/product"}],"replies":[{"embeddable":true,"href":"https:\/\/www.moskito.cz\/pl\/wp-json\/wp\/v2\/comments?post=311320"}],"wp:featuredmedia":[{"embeddable":true,"href":"https:\/\/www.moskito.cz\/pl\/wp-json\/wp\/v2\/media\/311326"}],"wp:attachment":[{"href":"https:\/\/www.moskito.cz\/pl\/wp-json\/wp\/v2\/media?parent=311320"}],"wp:term":[{"taxonomy":"pwb-brand","embeddable":true,"href":"https:\/\/www.moskito.cz\/pl\/wp-json\/wp\/v2\/pwb-brand?post=311320"},{"taxonomy":"product_brand","embeddable":true,"href":"https:\/\/www.moskito.cz\/pl\/wp-json\/wp\/v2\/product_brand?post=311320"},{"taxonomy":"product_cat","embeddable":true,"href":"https:\/\/www.moskito.cz\/pl\/wp-json\/wp\/v2\/product_cat?post=311320"},{"taxonomy":"product_tag","embeddable":true,"href":"https:\/\/www.moskito.cz\/pl\/wp-json\/wp\/v2\/product_tag?post=311320"}],"curies":[{"name":"wp","href":"https:\/\/api.w.org\/{rel}","templated":true}]}}