{"id":311373,"date":"2023-01-17T21:24:57","date_gmt":"2024-02-06T19:33:54","guid":{"rendered":"https:\/\/www.moskito.cz\/produkt\/noz-strzelecki-microtech-hera-s-e-blue-handle-apocalyptic-703-10apbl\/"},"modified":"2025-05-07T11:01:50","modified_gmt":"2025-05-07T10:01:50","slug":"noz-strzelecki-microtech-hera-s-e-blue-handle-apocalyptic-703-10apbl","status":"publish","type":"product","link":"https:\/\/www.moskito.cz\/pl\/produkt\/noz-strzelecki-microtech-hera-s-e-blue-handle-apocalyptic-703-10apbl\/","title":{"rendered":"N\u00f3\u017c Strzelecki Microtech Hera S\/E Blue Handle Apocalyptic 703-10APBL"},"content":{"rendered":"<p>N\u00f3\u017c Strzelecki <strong>Microtech<\/strong> Hera S\/E Blue Handle Apocalyptic 703-10APBL<\/p>\n<p>Hera to pi\u0119kny przedni automat o podw\u00f3jnym dzia\u0142aniu, z kszta\u0142tem ramy lu\u017ano opartym na projekcie Troodon. Jest jednak bardziej ergonomiczny, z obrobionymi \u0142atami na ko\u0144cach dla lepszego trzymania i, naszym zdaniem, lepszego wygl\u0105du. Wszystko w tym projekcie krzyczy zar\u00f3wno wyrafinowaniem, jak i funkcjonalno\u015bci\u0105. Jest to jeden z najlepszych wszechstronnych automatycznych projekt\u00f3w OTF na niezwykle zat\u0142oczonym polu i ma rozmiar odpowiedni do codziennego noszenia.<\/p>\n<p>D\u0142ugo\u015b\u0107 ca\u0142kowita: 7,5 cala (190,5 mm)<br \/>\nD\u0142ugo\u015b\u0107 zamkni\u0119ta: 4,5 cala (114,3 mm)<br \/>\nD\u0142ugo\u015b\u0107 ostrza: 3 cale (76,2 mm)<br \/>\nGrubo\u015b\u0107 ostrza: 0,079 cala (2 mm)<br \/>\nWyko\u0144czenie ostrza: Apokaliptyczne<br \/>\nStyl obramowania: zwyk\u0142y<br \/>\nMateria\u0142 r\u0119koje\u015bci: aluminium w kolorze niebieskim<br \/>\nKlips kieszonkowy: sk\u0142adany w d\u00f3\u0142<br \/>\nProducent nr ref. #: 703-10APBL<br \/>\nKraj pochodzenia: USA<\/p>\n<p><iframe title=\"Microtech Combat Troodon Torture Test\" width=\"800\" height=\"450\" src=\"https:\/\/www.youtube.com\/embed\/xE9TeOFYEjg?feature=oembed\" frameborder=\"0\" allow=\"accelerometer; autoplay; clipboard-write; encrypted-media; gyroscope; picture-in-picture; web-share\" allowfullscreen><\/iframe><\/p>\n<p>&nbsp;<\/p>\n","protected":false},"excerpt":{"rendered":"<p>Przez lata <strong>Microtech\u00ae<\/strong> Knives wype\u0142nia\u0142 no\u017ce pasj\u0105 i umiej\u0119tno\u015bciami, aby tworzy\u0107 niemal dzie\u0142a sztuki, kt\u00f3re s\u0105 szczytem funkcjonalno\u015bci.Wszystkie cz\u0119\u015bci s\u0105 produkowane w USA.<br \/>\n<strong>Wszystkie no\u017ce Microtech obj\u0119te s\u0105 do\u017cywotni\u0105 gwarancj\u0105 (min. 80 000 cykli, otwieranie i zamykanie)<\/strong><\/p>\n","protected":false},"featured_media":311374,"comment_status":"open","ping_status":"closed","template":"","meta":[],"pwb-brand":[3279],"product_brand":[],"product_cat":[3296,3344],"product_tag":[3671],"class_list":{"0":"post-311373","1":"product","2":"type-product","3":"status-publish","4":"has-post-thumbnail","6":"pwb-brand-microtech-pl","7":"product_cat-noze-pl","8":"product_cat-noze-strzeleckie","9":"product_tag-b2b-pl","11":"first","12":"instock","13":"taxable","14":"shipping-taxable","15":"purchasable","16":"product-type-simple"},"brands":[{"id":3279,"name":"Microtech","slug":"microtech-pl"}],"_links":{"self":[{"href":"https:\/\/www.moskito.cz\/pl\/wp-json\/wp\/v2\/product\/311373","targetHints":{"allow":["GET"]}}],"collection":[{"href":"https:\/\/www.moskito.cz\/pl\/wp-json\/wp\/v2\/product"}],"about":[{"href":"https:\/\/www.moskito.cz\/pl\/wp-json\/wp\/v2\/types\/product"}],"replies":[{"embeddable":true,"href":"https:\/\/www.moskito.cz\/pl\/wp-json\/wp\/v2\/comments?post=311373"}],"wp:featuredmedia":[{"embeddable":true,"href":"https:\/\/www.moskito.cz\/pl\/wp-json\/wp\/v2\/media\/311374"}],"wp:attachment":[{"href":"https:\/\/www.moskito.cz\/pl\/wp-json\/wp\/v2\/media?parent=311373"}],"wp:term":[{"taxonomy":"pwb-brand","embeddable":true,"href":"https:\/\/www.moskito.cz\/pl\/wp-json\/wp\/v2\/pwb-brand?post=311373"},{"taxonomy":"product_brand","embeddable":true,"href":"https:\/\/www.moskito.cz\/pl\/wp-json\/wp\/v2\/product_brand?post=311373"},{"taxonomy":"product_cat","embeddable":true,"href":"https:\/\/www.moskito.cz\/pl\/wp-json\/wp\/v2\/product_cat?post=311373"},{"taxonomy":"product_tag","embeddable":true,"href":"https:\/\/www.moskito.cz\/pl\/wp-json\/wp\/v2\/product_tag?post=311373"}],"curies":[{"name":"wp","href":"https:\/\/api.w.org\/{rel}","templated":true}]}}