{"id":311383,"date":"2022-10-09T16:58:21","date_gmt":"2024-02-06T19:34:13","guid":{"rendered":"https:\/\/www.moskito.cz\/produkt\/noz-strzelecki-microtech-utx-70-149-12-tq\/"},"modified":"2025-05-07T11:01:51","modified_gmt":"2025-05-07T10:01:51","slug":"noz-strzelecki-microtech-utx-70-149-12-tq","status":"publish","type":"product","link":"https:\/\/www.moskito.cz\/pl\/produkt\/noz-strzelecki-microtech-utx-70-149-12-tq\/","title":{"rendered":"N\u00f3\u017c strzelecki Microtech UTX-70 149-12 TQ"},"content":{"rendered":"<p>N\u00f3\u017c strzelecki <strong>Microtech<\/strong> UTX-70 149-12 TQ.<\/p>\n<p>Ten UTX-70 posiada ostrze typu tanto typu stonewash z r\u0119koje\u015bci\u0105 z anodyzowanego na turkusowo aluminium 6061-T6. Zniszczone elementy konstrukcyjne, suwak na kciuk i klips kieszeniowy uzupe\u0142niaj\u0105 eleganck\u0105, kolekcjonersk\u0105 estetyk\u0119.<\/p>\n<p>Je\u015bli szukasz wyj\u0105tkowo kompaktowego i chowanego no\u017ca OTF, UTX-70 b\u0119dzie idealnym wyborem. Przy wielko\u015bci 70% klasycznego modelu Ultratech firmy Microtech, n\u00f3\u017c UTX-70 ma legendarn\u0105 konstrukcj\u0119 i wydajno\u015b\u0107 podw\u00f3jnego dzia\u0142ania swojego wi\u0119kszego rodze\u0144stwa, zapewniaj\u0105c jednocze\u015bnie niezr\u00f3wnany komfort noszenia na co dzie\u0144.<\/p>\n<p>Roz\u0142o\u017cenie ostrza w UTX-70 \u2013 jak w ka\u017cdym automatycznym no\u017cu Microtech D\/A \u2013 odbywa si\u0119 poprzez przesuni\u0119cie przycisku wyzwalania do przodu. Wymaga silnego docisku, co eliminuje mo\u017cliwo\u015b\u0107 przypadkowego oddania strza\u0142u. Aby zamkn\u0105\u0107 ostrze, wystarczy poci\u0105gn\u0105\u0107 przycisk spustowy do ty\u0142u. Akcja jest przewidywalnie szybka i celna, co jest cech\u0105 charakterystyczn\u0105 no\u017cy Microtech.<\/p>\n<p>D\u0142ugo\u015b\u0107 ca\u0142kowita: 14,07 cm<br \/>\nD\u0142ugo\u015b\u0107 ostrza: 6,02 cm<br \/>\nGrubo\u015b\u0107 ostrza: 0,2 cm<br \/>\nMateria\u0142 ostrza: Bohler M390<br \/>\nTwardo\u015b\u0107: 59-60\u00b0RC<br \/>\nStyl ostrza: Drop Point<br \/>\nTyp obramowania: Zwyk\u0142y<br \/>\nD\u0142ugo\u015b\u0107 r\u0105czki: 8,05 cm<br \/>\nGrubo\u015b\u0107 r\u0105czki: 0,8 cm<br \/>\nMateria\u0142 r\u0119koje\u015bci: aluminium<br \/>\nWaga: 1,24 uncji<br \/>\nU\u017cytkownik: Prawa r\u0119ka<br \/>\nKlips kieszonkowy: sk\u0142adany w d\u00f3\u0142<br \/>\nTyp no\u017ca: Automatyczny OTF Double Action<br \/>\nOtwieracz: kciuk<br \/>\nMarka: Microtech<br \/>\nModel: UTX-70<br \/>\nKraj pochodzenia: USA<br \/>\nNajlepsze zastosowanie: do noszenia na co dzie\u0144, taktyczne.<\/p>\n<p><iframe title=\"Microtech Combat Troodon Torture Test\" width=\"800\" height=\"450\" src=\"https:\/\/www.youtube.com\/embed\/xE9TeOFYEjg?feature=oembed\" frameborder=\"0\" allow=\"accelerometer; autoplay; clipboard-write; encrypted-media; gyroscope; picture-in-picture; web-share\" allowfullscreen><\/iframe><\/p>\n<p>&nbsp;<\/p>\n","protected":false},"excerpt":{"rendered":"<p>Przez lata <strong>Microtech\u00ae Knives<\/strong> wype\u0142nia\u0142 no\u017ce pasj\u0105 i umiej\u0119tno\u015bciami, aby stworzy\u0107 niemal dzie\u0142a sztuki, kt\u00f3re s\u0105 szczytem funkcjonalno\u015bci.Wszystkie cz\u0119\u015bci s\u0105 produkowane w USA.<br \/>\n<strong>Wszystkie no\u017ce Microtech obj\u0119te s\u0105 do\u017cywotni\u0105 gwarancj\u0105.<\/strong><\/p>\n","protected":false},"featured_media":311390,"comment_status":"open","ping_status":"closed","template":"","meta":[],"pwb-brand":[3279],"product_brand":[],"product_cat":[3296,3344],"product_tag":[3671],"class_list":{"0":"post-311383","1":"product","2":"type-product","3":"status-publish","4":"has-post-thumbnail","6":"pwb-brand-microtech-pl","7":"product_cat-noze-pl","8":"product_cat-noze-strzeleckie","9":"product_tag-b2b-pl","11":"first","12":"instock","13":"taxable","14":"shipping-taxable","15":"purchasable","16":"product-type-simple"},"brands":[{"id":3279,"name":"Microtech","slug":"microtech-pl"}],"_links":{"self":[{"href":"https:\/\/www.moskito.cz\/pl\/wp-json\/wp\/v2\/product\/311383","targetHints":{"allow":["GET"]}}],"collection":[{"href":"https:\/\/www.moskito.cz\/pl\/wp-json\/wp\/v2\/product"}],"about":[{"href":"https:\/\/www.moskito.cz\/pl\/wp-json\/wp\/v2\/types\/product"}],"replies":[{"embeddable":true,"href":"https:\/\/www.moskito.cz\/pl\/wp-json\/wp\/v2\/comments?post=311383"}],"wp:featuredmedia":[{"embeddable":true,"href":"https:\/\/www.moskito.cz\/pl\/wp-json\/wp\/v2\/media\/311390"}],"wp:attachment":[{"href":"https:\/\/www.moskito.cz\/pl\/wp-json\/wp\/v2\/media?parent=311383"}],"wp:term":[{"taxonomy":"pwb-brand","embeddable":true,"href":"https:\/\/www.moskito.cz\/pl\/wp-json\/wp\/v2\/pwb-brand?post=311383"},{"taxonomy":"product_brand","embeddable":true,"href":"https:\/\/www.moskito.cz\/pl\/wp-json\/wp\/v2\/product_brand?post=311383"},{"taxonomy":"product_cat","embeddable":true,"href":"https:\/\/www.moskito.cz\/pl\/wp-json\/wp\/v2\/product_cat?post=311383"},{"taxonomy":"product_tag","embeddable":true,"href":"https:\/\/www.moskito.cz\/pl\/wp-json\/wp\/v2\/product_tag?post=311383"}],"curies":[{"name":"wp","href":"https:\/\/api.w.org\/{rel}","templated":true}]}}