{"id":311384,"date":"2022-10-19T22:19:02","date_gmt":"2022-10-19T21:19:02","guid":{"rendered":"https:\/\/www.moskito.cz\/produkt\/noz-zamykajacy-microtech-marfione-custom-knives-matrix-r-flipper-365-mck\/"},"modified":"2025-05-07T11:01:51","modified_gmt":"2025-05-07T10:01:51","slug":"noz-zamykajacy-microtech-marfione-custom-knives-matrix-r-flipper-365-mck","status":"publish","type":"product","link":"https:\/\/www.moskito.cz\/pl\/produkt\/noz-zamykajacy-microtech-marfione-custom-knives-matrix-r-flipper-365-mck\/","title":{"rendered":"N\u00f3\u017c zamykaj\u0105cy Microtech Marfione Custom Knives Matrix R Flipper 365-MCK"},"content":{"rendered":"<p>N\u00f3\u017c zamykaj\u0105cy <strong>Microtech Marfione<\/strong> Custom Knives Matrix R Flipper 365-MCK.<\/p>\n<p>Dzi\u0119ki Marfione Custom Matrix R zyskujesz najlepsze materia\u0142y, precyzj\u0119 wykonania, doskona\u0142\u0105 ergonomi\u0119 oraz dopasowanie do d\u0142oni i wyko\u0144czenie. Ma doskona\u0142e ergonomiczne wyczucie d\u0142oni i doskonale wywa\u017con\u0105 konstrukcj\u0119. Kszta\u0142t ostrza jest doskona\u0142y &#8211; zapewnia du\u017co brzucha do krojenia, dobrze wzmocnion\u0105 ko\u0144c\u00f3wk\u0119 do d\u017agania oraz spos\u00f3b na otwarcie szczeliny na kciuk opr\u00f3cz klapki p\u0142etwy. Du\u017ca szczelina w ostrzu drastycznie zmniejsza wag\u0119 do czego\u015b, co jest \u0142atwe do opanowania ze wzgl\u0119du na imponuj\u0105cy rozmiar. Wszystko do siebie pasuje, na \u017cywo wygl\u0105da niesamowicie i jeste\u015bmy pewni, \u017ce b\u0119dziesz pod wra\u017ceniem.<\/p>\n<p>Rozmiar jest idealny, je\u015bli wolisz wi\u0119ksze ostrze EDC, kt\u00f3re z \u0142atwo\u015bci\u0105 mo\u017cna dostosowa\u0107 do roli taktycznej. R\u0119koje\u015b\u0107 wykonana jest z pi\u0119knie obrobionego tytanu z popularnym, trawionym elektrycznie wyko\u0144czeniem, kt\u00f3re Tony nazywa obecnie Kwasem Galaktycznym. Jest wyposa\u017cony w zbijak do szk\u0142a z br\u0105zu i tytanu na tylnym ko\u0144cu oraz misternie wyfrezowany pasuj\u0105cy element dystansowy z ma\u0142ym otworem na smycz. Ostrze ze stali nierdzewnej M390 umo\u017cliwia otwarcie ostrza za pomoc\u0105 mechanizmu flipper lub rowka krwiono\u015bnego i oba dzia\u0142aj\u0105 r\u00f3wnie dobrze. To n\u00f3\u017c, kt\u00f3ry b\u0119dziesz chcia\u0142 nosi\u0107 na co dzie\u0144 i z pewno\u015bci\u0105 szybko stanie si\u0119 ulubie\u0144cem Twojej kolekcji. Zawiera metalowy certyfikat autentyczno\u015bci, nylonowy pokrowiec na zamek b\u0142yskawiczny oraz koralik i smycz Meadow Viper Spartan.<\/p>\n<p>Dane techniczne<br \/>\nD\u0142ugo\u015b\u0107 ostrza: 9,375 cm<br \/>\nD\u0142ugo\u015b\u0107 ca\u0142kowita: 23,43 cm<br \/>\nMateria\u0142 ostrza: stal nierdzewna M390<br \/>\nGrubo\u015b\u0107 ostrza: 0,41 cm<br \/>\nStyl ostrza: Drop Point<br \/>\nSzlifowanie ostrzy: puste<br \/>\nWyko\u0144czenie ostrza: Lustrzane<br \/>\nMateria\u0142 r\u0119koje\u015bci: tytan kwasu galaktycznego<br \/>\nMechanizm blokuj\u0105cy: Blokada ramy<br \/>\nZesp\u00f3\u0142 sworznia: \u0142o\u017cyska<br \/>\nKieszonkowy klips: br\u0105zowo-tytanowy (sk\u0142adany, prawy noszony)<br \/>\nMateria\u0142 obudowy: Nylon z zamkiem b\u0142yskawicznym<br \/>\nWaga: 6,84 uncji<br \/>\nProjektant: Tony Marfione<br \/>\nOsprz\u0119t z br\u0105zu i tytanu<br \/>\nR\u0119cznie robione w USA<\/p>\n<p><iframe title=\"Microtech Combat Troodon Torture Test\" width=\"800\" height=\"450\" src=\"https:\/\/www.youtube.com\/embed\/xE9TeOFYEjg?feature=oembed\" frameborder=\"0\" allow=\"accelerometer; autoplay; clipboard-write; encrypted-media; gyroscope; picture-in-picture; web-share\" allowfullscreen><\/iframe><\/p>\n<p>&nbsp;<\/p>\n","protected":false},"excerpt":{"rendered":"<p>Dzi\u0119ki Marfione Custom <strong>Matrix R<\/strong> otrzymujesz najlepsze materia\u0142y, precyzyjn\u0105 obr\u00f3bk\u0119,<\/p>\n","protected":false},"featured_media":311394,"comment_status":"open","ping_status":"closed","template":"","meta":[],"pwb-brand":[3279],"product_brand":[],"product_cat":[3307,3296],"product_tag":[3671],"class_list":{"0":"post-311384","1":"product","2":"type-product","3":"status-publish","4":"has-post-thumbnail","6":"pwb-brand-microtech-pl","7":"product_cat-zamykanie-nozy","8":"product_cat-noze-pl","9":"product_tag-b2b-pl","11":"first","12":"instock","13":"taxable","14":"shipping-taxable","15":"purchasable","16":"product-type-simple"},"brands":[{"id":3279,"name":"Microtech","slug":"microtech-pl"}],"_links":{"self":[{"href":"https:\/\/www.moskito.cz\/pl\/wp-json\/wp\/v2\/product\/311384","targetHints":{"allow":["GET"]}}],"collection":[{"href":"https:\/\/www.moskito.cz\/pl\/wp-json\/wp\/v2\/product"}],"about":[{"href":"https:\/\/www.moskito.cz\/pl\/wp-json\/wp\/v2\/types\/product"}],"replies":[{"embeddable":true,"href":"https:\/\/www.moskito.cz\/pl\/wp-json\/wp\/v2\/comments?post=311384"}],"wp:featuredmedia":[{"embeddable":true,"href":"https:\/\/www.moskito.cz\/pl\/wp-json\/wp\/v2\/media\/311394"}],"wp:attachment":[{"href":"https:\/\/www.moskito.cz\/pl\/wp-json\/wp\/v2\/media?parent=311384"}],"wp:term":[{"taxonomy":"pwb-brand","embeddable":true,"href":"https:\/\/www.moskito.cz\/pl\/wp-json\/wp\/v2\/pwb-brand?post=311384"},{"taxonomy":"product_brand","embeddable":true,"href":"https:\/\/www.moskito.cz\/pl\/wp-json\/wp\/v2\/product_brand?post=311384"},{"taxonomy":"product_cat","embeddable":true,"href":"https:\/\/www.moskito.cz\/pl\/wp-json\/wp\/v2\/product_cat?post=311384"},{"taxonomy":"product_tag","embeddable":true,"href":"https:\/\/www.moskito.cz\/pl\/wp-json\/wp\/v2\/product_tag?post=311384"}],"curies":[{"name":"wp","href":"https:\/\/api.w.org\/{rel}","templated":true}]}}