{"id":311440,"date":"2022-10-23T11:13:53","date_gmt":"2024-02-06T19:34:30","guid":{"rendered":"https:\/\/www.moskito.cz\/produkt\/heretic-knives-custom-roc-otf-auto-baker-forge-tiger-gomai-damascus-hawkbill-blade-strzelanie-noz\/"},"modified":"2025-05-07T11:01:53","modified_gmt":"2025-05-07T10:01:53","slug":"heretic-knives-custom-roc-otf-auto-baker-forge-tiger-gomai-damascus-hawkbill-blade-strzelanie-noz","status":"publish","type":"product","link":"https:\/\/www.moskito.cz\/pl\/produkt\/heretic-knives-custom-roc-otf-auto-baker-forge-tiger-gomai-damascus-hawkbill-blade-strzelanie-noz\/","title":{"rendered":"Heretic Knives Custom Roc OTF AUTO Baker Forge Tiger GoMai Damascus Hawkbill Blade Strzelanie N\u00f3\u017c"},"content":{"rendered":"<p><strong>N\u00f3\u017c Heretic Knives<\/strong> Custom Roc OTF AUTO Baker Forge Tiger GoMai Damascus Hawkbill Blade N\u00f3\u017c strzelecki.<\/p>\n<p>Roc z <strong>Heretic Knives<\/strong> to idealne miejsce w ofercie Heretic. Roc ma idealny rozmiar dla wi\u0119kszo\u015bci z nas, por\u00f3wnywalny ze s\u0142ynnym Microtech Ultratech. N\u00f3\u017c ten zosta\u0142 w 100% wykonany i zmontowany w USA i jest obj\u0119ty do\u017cywotni\u0105 gwarancj\u0105, wi\u0119c mo\u017cesz mie\u0107 pewno\u015b\u0107, \u017ce ten OTF b\u0119dzie Ci s\u0142u\u017cy\u0142. Charakteryzuje si\u0119 jedwabi\u015bcie g\u0142adkim dopasowaniem i ci\u0105gni\u0119ciem jedn\u0105 r\u0119k\u0105, co jest standardem w linii Heretic OTF. Model ten charakteryzuje si\u0119 nieco d\u0142u\u017cszym ni\u017c trzy calowe ostrzem, zintegrowanym otworem na smycz, g\u0142\u0119bokim klipsem do przenoszenia i naprawd\u0119 wysokiej klasy estetyk\u0105. Jego smuk\u0142y profil i lekko\u015b\u0107 sprawiaj\u0105, \u017ce mo\u017cna go \u0142atwo nosi\u0107 pod r\u0119k\u0105 i by\u0107 gotowym w ka\u017cdej chwili. Akcja wci\u0105ga, ergonomia jest na w\u0142a\u015bciwym poziomie, a jako\u015b\u0107 wykonania jest na najwy\u017cszym poziomie. Nie b\u0119dziesz rozczarowany.<\/p>\n<p>To niestandardowy model, kt\u00f3ry nabyli\u015bmy na wystawie USN GXIII Show 2022 i jeden z najwy\u017cszej jako\u015bci i najpi\u0119kniejszych jastrz\u0119bi OTF, jakie kiedykolwiek posiadali\u015bmy. Je\u015bli to w jakikolwiek spos\u00f3b wskazuje na to, co przyniesie Heretic Knives, to zdecydowanie nie mo\u017cemy si\u0119 doczeka\u0107 przysz\u0142o\u015bci.<\/p>\n<p>Dane techniczne<br \/>\nD\u0142ugo\u015b\u0107 ostrza: 8 cm<br \/>\nKraw\u0119d\u017a tn\u0105ca: 7,5 cm<br \/>\nD\u0142ugo\u015b\u0107 po zamkni\u0119ciu: 11,75 cm<br \/>\nD\u0142ugo\u015b\u0107 ca\u0142kowita: 19,37 cm<br \/>\nMateria\u0142 ostrza: Baker Forge Tiger GoMai Damascus<br \/>\nGrubo\u015b\u0107 ostrza: 0,35 cm<br \/>\nStyl ostrza: Hawkbill<br \/>\nSzlif ostrza: p\u0142aski<br \/>\nWyko\u0144czenie powierzchni ostrza: trawienie kwasem miedziowym<br \/>\nMateria\u0142 r\u0119koje\u015bci: czarne aluminium z wk\u0142adkami z mosi\u0105dzu w\u0119\u017cowej sk\u00f3ry FatCarbon i miedzi<br \/>\nGrubo\u015b\u0107 r\u0105czki: 1,125 cm<br \/>\nMechanizm blokuj\u0105cy: przesuwny<br \/>\nKieszonkowy klips: Titanium Deep Carry (sk\u0142adany, noszony po prawej stronie)<br \/>\nWaga: 4,16 uncji<br \/>\nProjektant: Tony Marfione Jr.<br \/>\nWykonane w USA<\/p>\n<p><iframe title=\"Microtech Combat Troodon Torture Test\" width=\"800\" height=\"450\" src=\"https:\/\/www.youtube.com\/embed\/xE9TeOFYEjg?feature=oembed\" frameborder=\"0\" allow=\"accelerometer; autoplay; clipboard-write; encrypted-media; gyroscope; picture-in-picture; web-share\" allowfullscreen><\/iframe><\/p>\n<p>&nbsp;<\/p>\n","protected":false},"excerpt":{"rendered":"<p>To <strong>niestandardowy model<\/strong> , kt\u00f3ry nabyli\u015bmy na USN GXIII Show 2022.<\/p>\n","protected":false},"featured_media":311449,"comment_status":"open","ping_status":"closed","template":"","meta":[],"pwb-brand":[3664],"product_brand":[],"product_cat":[3296,3344],"product_tag":[3671],"class_list":{"0":"post-311440","1":"product","2":"type-product","3":"status-publish","4":"has-post-thumbnail","6":"pwb-brand-heretyckie-noze","7":"product_cat-noze-pl","8":"product_cat-noze-strzeleckie","9":"product_tag-b2b-pl","11":"first","12":"outofstock","13":"taxable","14":"shipping-taxable","15":"purchasable","16":"product-type-simple"},"brands":[{"id":3664,"name":"Heretyckie no\u017ce","slug":"heretyckie-noze"}],"_links":{"self":[{"href":"https:\/\/www.moskito.cz\/pl\/wp-json\/wp\/v2\/product\/311440","targetHints":{"allow":["GET"]}}],"collection":[{"href":"https:\/\/www.moskito.cz\/pl\/wp-json\/wp\/v2\/product"}],"about":[{"href":"https:\/\/www.moskito.cz\/pl\/wp-json\/wp\/v2\/types\/product"}],"replies":[{"embeddable":true,"href":"https:\/\/www.moskito.cz\/pl\/wp-json\/wp\/v2\/comments?post=311440"}],"wp:featuredmedia":[{"embeddable":true,"href":"https:\/\/www.moskito.cz\/pl\/wp-json\/wp\/v2\/media\/311449"}],"wp:attachment":[{"href":"https:\/\/www.moskito.cz\/pl\/wp-json\/wp\/v2\/media?parent=311440"}],"wp:term":[{"taxonomy":"pwb-brand","embeddable":true,"href":"https:\/\/www.moskito.cz\/pl\/wp-json\/wp\/v2\/pwb-brand?post=311440"},{"taxonomy":"product_brand","embeddable":true,"href":"https:\/\/www.moskito.cz\/pl\/wp-json\/wp\/v2\/product_brand?post=311440"},{"taxonomy":"product_cat","embeddable":true,"href":"https:\/\/www.moskito.cz\/pl\/wp-json\/wp\/v2\/product_cat?post=311440"},{"taxonomy":"product_tag","embeddable":true,"href":"https:\/\/www.moskito.cz\/pl\/wp-json\/wp\/v2\/product_tag?post=311440"}],"curies":[{"name":"wp","href":"https:\/\/api.w.org\/{rel}","templated":true}]}}