{"id":311553,"date":"2022-10-20T21:01:23","date_gmt":"2024-02-06T19:34:35","guid":{"rendered":"https:\/\/www.moskito.cz\/produkt\/noz-strzelecki-heretic-knives-manticore-e-czarny-bowie-h026b-6a-pucf\/"},"modified":"2025-05-07T11:01:56","modified_gmt":"2025-05-07T10:01:56","slug":"noz-strzelecki-heretic-knives-manticore-e-czarny-bowie-h026b-6a-pucf","status":"publish","type":"product","link":"https:\/\/www.moskito.cz\/pl\/produkt\/noz-strzelecki-heretic-knives-manticore-e-czarny-bowie-h026b-6a-pucf\/","title":{"rendered":"N\u00f3\u017c strzelecki Heretic Knives Manticore E Czarny Bowie H026B-6A-PUCF"},"content":{"rendered":"<p>N\u00f3\u017c strzelecki <strong>Heretic Knives<\/strong> Manticore E Czarny Bowie H026B-6A-PUCF.<\/p>\n<p>Manticore E firmy Heretic Knives idealnie wpisuje si\u0119 w asortyment Manticore, a jego rozmiary mieszcz\u0105 si\u0119 pomi\u0119dzy modelami S i X. Model E nie tylko zapewnia rodzinie ma\u0142y skr\u00f3t do tasaka, ale ma tak\u017ce idealny rozmiar dla wi\u0119kszo\u015bci z nas, na r\u00f3wni ze s\u0142ynnym Microtech Ultratech. N\u00f3\u017c ten zosta\u0142 w 100% wykonany i zmontowany w USA i jest obj\u0119ty do\u017cywotni\u0105 gwarancj\u0105, wi\u0119c mo\u017cesz mie\u0107 pewno\u015b\u0107, \u017ce ten OTF b\u0119dzie Ci s\u0142u\u017cy\u0142. Charakteryzuje si\u0119 jedwabi\u015bcie g\u0142adkim dopasowaniem i \u015bci\u0105ganiem jedn\u0105 r\u0119k\u0105, co jest standardem w ca\u0142ej gamie Manticore. Wariant E ma idealne trzycalowe ostrze, zintegrowany otw\u00f3r na smycz, element do t\u0142uczenia szk\u0142a ze stali hartowanej i g\u0142\u0119bok\u0105 klamr\u0119. Jego smuk\u0142y profil i lekko\u015b\u0107 sprawiaj\u0105, \u017ce mo\u017cna go \u0142atwo nosi\u0107 pod r\u0119k\u0105 i by\u0107 gotowym w ka\u017cdej chwili. Akcja wci\u0105ga, ergonomia jest na najwy\u017cszym poziomie, a jako\u015b\u0107 wykonania jest na najwy\u017cszym poziomie. Nie b\u0119dziesz rozczarowany.<\/p>\n<p>Dane techniczne<br \/>\nD\u0142ugo\u015b\u0107 ostrza: 7,62 cm<br \/>\nD\u0142ugo\u015b\u0107 ca\u0142kowita: 19,37<br \/>\nMateria\u0142 ostrza: stal nierdzewna Elmax<br \/>\nGrubo\u015b\u0107 ostrza: 0,31 cm<br \/>\nStyl ostrza: Bowie<br \/>\nSzlif ostrza: p\u0142aski<br \/>\nWyko\u0144czenie ostrza: czarne DLC<br \/>\nMateria\u0142 r\u0119koje\u015bci: fioletowy kamufla\u017c i aluminium<br \/>\nMechanizm blokuj\u0105cy: przesuwny<br \/>\nKieszonkowy klips: Czarny DLC Titanium (sk\u0142adany, prawy noszony)<br \/>\nWaga: 3,30 uncji<br \/>\nProjektant: Tony Marfione Jr.<br \/>\nWykonane w USA<\/p>\n<p><iframe title=\"Microtech Combat Troodon Torture Test\" width=\"800\" height=\"450\" src=\"https:\/\/www.youtube.com\/embed\/xE9TeOFYEjg?feature=oembed\" frameborder=\"0\" allow=\"accelerometer; autoplay; clipboard-write; encrypted-media; gyroscope; picture-in-picture; web-share\" allowfullscreen><\/iframe><\/p>\n<p>&nbsp;<\/p>\n","protected":false},"excerpt":{"rendered":"<p>Wszystkie nasze no\u017ce s\u0105 produkowane w USA i tak pozostanie. Kupuj\u0105c jeden z naszych no\u017cy, mo\u017cesz mie\u0107 pewno\u015b\u0107, \u017ce Twoje narz\u0119dzie jest wspierane przez ameryka\u0144sk\u0105 firm\u0119. Nasze no\u017ce s\u0105 produkowane w ma\u0142ych partiach, aby mie\u0107 pewno\u015b\u0107, \u017ce otrzymasz n\u00f3\u017c wysokiej jako\u015bci, kt\u00f3remu nie po\u015bwi\u0119cono uwagi, kt\u00f3rej nie po\u015bwi\u0119ca si\u0119 innym no\u017com produkowanym masowo.<\/p>\n<p><strong>Bezp\u0142atny transport.<\/strong><\/p>\n","protected":false},"featured_media":311573,"comment_status":"open","ping_status":"closed","template":"","meta":[],"pwb-brand":[3664],"product_brand":[],"product_cat":[3296,3344],"product_tag":[3671],"class_list":{"0":"post-311553","1":"product","2":"type-product","3":"status-publish","4":"has-post-thumbnail","6":"pwb-brand-heretyckie-noze","7":"product_cat-noze-pl","8":"product_cat-noze-strzeleckie","9":"product_tag-b2b-pl","11":"first","12":"instock","13":"taxable","14":"shipping-taxable","15":"purchasable","16":"product-type-simple"},"brands":[{"id":3664,"name":"Heretyckie no\u017ce","slug":"heretyckie-noze"}],"_links":{"self":[{"href":"https:\/\/www.moskito.cz\/pl\/wp-json\/wp\/v2\/product\/311553","targetHints":{"allow":["GET"]}}],"collection":[{"href":"https:\/\/www.moskito.cz\/pl\/wp-json\/wp\/v2\/product"}],"about":[{"href":"https:\/\/www.moskito.cz\/pl\/wp-json\/wp\/v2\/types\/product"}],"replies":[{"embeddable":true,"href":"https:\/\/www.moskito.cz\/pl\/wp-json\/wp\/v2\/comments?post=311553"}],"wp:featuredmedia":[{"embeddable":true,"href":"https:\/\/www.moskito.cz\/pl\/wp-json\/wp\/v2\/media\/311573"}],"wp:attachment":[{"href":"https:\/\/www.moskito.cz\/pl\/wp-json\/wp\/v2\/media?parent=311553"}],"wp:term":[{"taxonomy":"pwb-brand","embeddable":true,"href":"https:\/\/www.moskito.cz\/pl\/wp-json\/wp\/v2\/pwb-brand?post=311553"},{"taxonomy":"product_brand","embeddable":true,"href":"https:\/\/www.moskito.cz\/pl\/wp-json\/wp\/v2\/product_brand?post=311553"},{"taxonomy":"product_cat","embeddable":true,"href":"https:\/\/www.moskito.cz\/pl\/wp-json\/wp\/v2\/product_cat?post=311553"},{"taxonomy":"product_tag","embeddable":true,"href":"https:\/\/www.moskito.cz\/pl\/wp-json\/wp\/v2\/product_tag?post=311553"}],"curies":[{"name":"wp","href":"https:\/\/api.w.org\/{rel}","templated":true}]}}