{"id":311579,"date":"2022-10-09T13:50:45","date_gmt":"2024-02-06T19:34:36","guid":{"rendered":"https:\/\/www.moskito.cz\/produkt\/noz-strzelecki-microtech-troodon-double-edge-138-4-tq\/"},"modified":"2025-05-07T11:01:56","modified_gmt":"2025-05-07T10:01:56","slug":"noz-strzelecki-microtech-troodon-double-edge-138-4-tq","status":"publish","type":"product","link":"https:\/\/www.moskito.cz\/pl\/produkt\/noz-strzelecki-microtech-troodon-double-edge-138-4-tq\/","title":{"rendered":"N\u00f3\u017c strzelecki Microtech Troodon Double Edge 138-4 TQ"},"content":{"rendered":"<p>N\u00f3\u017c strzelecki <strong>Microtech<\/strong> Troodon Double Edge 138-4 TQ<\/p>\n<p>N\u00f3\u017c ten, nazwany na cze\u015b\u0107 dinozaura Troodon (troodon), wyznacza now\u0105 er\u0119 no\u017cy Microtech. Troodon oznacza po grecku \u201eran\u0119 z\u0119ba\u201d. Nowe ulepszenia obejmuj\u0105 nowy, smuk\u0142y uchwyt, wyprofilowany kszta\u0142t i radykalne elementy konstrukcyjne, a tak\u017ce wyrafinowany mechanizm wewn\u0119trzny, kt\u00f3ry poprawia funkcjonalno\u015b\u0107 operacyjn\u0105 i niezawodno\u015b\u0107. Troodon \u0142\u0105czy now\u0105, najnowocze\u015bniejsz\u0105 technologi\u0119 z klimatem klasycznego Microtech. Projekt ten by\u0142 prowadzony osobi\u015bcie przez Anthony&#8217;ego Marfione i polega\u0142 na wewn\u0119trznej wsp\u00f3\u0142pracy zespo\u0142u Microtech. Troodon by\u0142 okr\u0119tem flagowym ca\u0142ej linii Microtech w 2006 roku.<\/p>\n<p>D\u0142ugo\u015b\u0107 ca\u0142kowita: 7,64 cala (194 mm)<br \/>\nD\u0142ugo\u015b\u0107 zamkni\u0119ta: 4,57 \u2033 (116 mm)<br \/>\nD\u0142ugo\u015b\u0107 ostrza: 3,08 cala (78 mm)<br \/>\nD\u0142ugo\u015b\u0107 kraw\u0119dzi tn\u0105cej: 2,96 cala (75 mm)<br \/>\nGrubo\u015b\u0107 ostrza: 0,079 \u2033 (2 mm)<br \/>\nStyl obramowania: zwyk\u0142y<br \/>\nGrubo\u015b\u0107 r\u0119koje\u015bci: 0,4 cala (10 mm)<br \/>\nKlips kieszonkowy: sk\u0142adany w d\u00f3\u0142<br \/>\nWaga: 2,8 uncji (79,38 g)<br \/>\nKraj pochodzenia: USA<\/p>\n<p><iframe title=\"Microtech Combat Troodon Torture Test\" width=\"800\" height=\"450\" src=\"https:\/\/www.youtube.com\/embed\/xE9TeOFYEjg?feature=oembed\" frameborder=\"0\" allow=\"accelerometer; autoplay; clipboard-write; encrypted-media; gyroscope; picture-in-picture; web-share\" allowfullscreen><\/iframe><\/p>\n<p>&nbsp;<\/p>\n","protected":false},"excerpt":{"rendered":"<p>Przez lata <strong>firma Microtech\u00ae Knives<\/strong> wype\u0142nia\u0142a no\u017ce pasj\u0105 i umiej\u0119tno\u015bciami, aby tworzy\u0107 niemal dzie\u0142a sztuki, kt\u00f3re s\u0105 szczytem funkcjonalno\u015bci.Wszystkie cz\u0119\u015bci s\u0105 produkowane w USA.<br \/>\n<strong>Wszystkie no\u017ce Microtech obj\u0119te s\u0105 do\u017cywotni\u0105 gwarancj\u0105.<\/strong><\/p>\n<p><strong>Bezp\u0142atny transport.<\/strong><\/p>\n","protected":false},"featured_media":311601,"comment_status":"open","ping_status":"closed","template":"","meta":[],"pwb-brand":[3279],"product_brand":[],"product_cat":[3296,3344],"product_tag":[3671],"class_list":{"0":"post-311579","1":"product","2":"type-product","3":"status-publish","4":"has-post-thumbnail","6":"pwb-brand-microtech-pl","7":"product_cat-noze-pl","8":"product_cat-noze-strzeleckie","9":"product_tag-b2b-pl","11":"first","12":"instock","13":"taxable","14":"shipping-taxable","15":"purchasable","16":"product-type-simple"},"brands":[{"id":3279,"name":"Microtech","slug":"microtech-pl"}],"_links":{"self":[{"href":"https:\/\/www.moskito.cz\/pl\/wp-json\/wp\/v2\/product\/311579","targetHints":{"allow":["GET"]}}],"collection":[{"href":"https:\/\/www.moskito.cz\/pl\/wp-json\/wp\/v2\/product"}],"about":[{"href":"https:\/\/www.moskito.cz\/pl\/wp-json\/wp\/v2\/types\/product"}],"replies":[{"embeddable":true,"href":"https:\/\/www.moskito.cz\/pl\/wp-json\/wp\/v2\/comments?post=311579"}],"wp:featuredmedia":[{"embeddable":true,"href":"https:\/\/www.moskito.cz\/pl\/wp-json\/wp\/v2\/media\/311601"}],"wp:attachment":[{"href":"https:\/\/www.moskito.cz\/pl\/wp-json\/wp\/v2\/media?parent=311579"}],"wp:term":[{"taxonomy":"pwb-brand","embeddable":true,"href":"https:\/\/www.moskito.cz\/pl\/wp-json\/wp\/v2\/pwb-brand?post=311579"},{"taxonomy":"product_brand","embeddable":true,"href":"https:\/\/www.moskito.cz\/pl\/wp-json\/wp\/v2\/product_brand?post=311579"},{"taxonomy":"product_cat","embeddable":true,"href":"https:\/\/www.moskito.cz\/pl\/wp-json\/wp\/v2\/product_cat?post=311579"},{"taxonomy":"product_tag","embeddable":true,"href":"https:\/\/www.moskito.cz\/pl\/wp-json\/wp\/v2\/product_tag?post=311579"}],"curies":[{"name":"wp","href":"https:\/\/api.w.org\/{rel}","templated":true}]}}