{"id":311584,"date":"2022-10-30T18:00:19","date_gmt":"2024-02-06T19:34:37","guid":{"rendered":"https:\/\/www.moskito.cz\/produkt\/noz-mysliwski-microtech-marfione-halo-iii-mini-blued-nebula-damascus-abalone\/"},"modified":"2025-05-07T11:01:57","modified_gmt":"2025-05-07T10:01:57","slug":"noz-mysliwski-microtech-marfione-halo-iii-mini-blued-nebula-damascus-abalone","status":"publish","type":"product","link":"https:\/\/www.moskito.cz\/pl\/produkt\/noz-mysliwski-microtech-marfione-halo-iii-mini-blued-nebula-damascus-abalone\/","title":{"rendered":"N\u00f3\u017c my\u015bliwski Microtech Marfione HALO III Mini Blued Nebula Damascus Abalone"},"content":{"rendered":"<p>N\u00f3\u017c my\u015bliwski <strong>Microtech Marfione<\/strong> HALO III Mini Blued Nebula Damascus Abalone.<\/p>\n<p>Halo Automatic Tony&#8217;ego Marfione to klasa \u015bwiata OTF i ma jedno z najsilniejszych ostrzy, jakie kiedykolwiek widzieli\u015bmy. Przycisk b\u0142yskawicznie odpala ostrze, a tak\u017ce odblokowuje ostrze, wi\u0119c po poci\u0105gni\u0119ciu za klapk\u0119 na t\u0119pym ko\u0144cu no\u017ca, ostrze z \u0142atwo\u015bci\u0105 chowa si\u0119 w r\u0119koje\u015bci i wystrzeli ponownie.<\/p>\n<p>Ten Mini Halo III OTF jest wyposa\u017cony w jaskrawoniebieskie ostrze tanto ze sk\u00f3ry damasce\u0144skiej Bertie Reitveld Dragon Skin, czarny aluminiowy uchwyt, przycisk wk\u0142adania uchowca i uchwyt do \u0142adowania, podw\u00f3jnie parowany osprz\u0119t i jest dostarczany w obudowie z w\u0142\u00f3kna w\u0119glowego z metalowym certyfikatem autentyczno\u015bci. Jest to absolutnie niesamowity przedmiot kolekcjonerski, kt\u00f3ry naprawd\u0119 daje wgl\u0105d w to, jak \u0142adne mog\u0105 by\u0107 przednie AUTO, szczeg\u00f3lnie te tak ma\u0142e.<\/p>\n<p>Dane techniczne<br \/>\nD\u0142ugo\u015b\u0107 ostrza: 5 cm<br \/>\nD\u0142ugo\u015b\u0107 ca\u0142kowita: 11,62 cm<br \/>\nMateria\u0142y ostrza: stal damasce\u0144ska emituj\u0105ca gor\u0105ce, niebieskie \u015bwiat\u0142o<br \/>\nGrubo\u015b\u0107 ostrza: 0,18 cm<br \/>\nStyl ostrza: Tanto<br \/>\nSzlifowanie ostrzy: Puste, siatka gwiazdowa<br \/>\nMateria\u0142 r\u0119koje\u015bci: Twarde anodowane aluminium 6061-T6 z wk\u0142adk\u0105 Abalone<br \/>\nGrubo\u015b\u0107 r\u0105czki: 0,53 cm<br \/>\nMechanizm blokuj\u0105cy: Przycisk<br \/>\nKieszonkowy klips: brak<br \/>\nMateria\u0142 obudowy: Niestandardowa obudowa z w\u0142\u00f3kna w\u0119glowego<br \/>\nWaga: 0,5 uncji<br \/>\nProjektanci: Tony i Sean Marfione<br \/>\nR\u0119cznie robione w USA<\/p>\n<p><iframe title=\"Microtech Combat Troodon Torture Test\" width=\"800\" height=\"450\" src=\"https:\/\/www.youtube.com\/embed\/xE9TeOFYEjg?feature=oembed\" frameborder=\"0\" allow=\"accelerometer; autoplay; clipboard-write; encrypted-media; gyroscope; picture-in-picture; web-share\" allowfullscreen><\/iframe><\/p>\n<p>&nbsp;<\/p>\n","protected":false},"excerpt":{"rendered":"<p><strong>Niestandardowy n\u00f3\u017c Marfione<\/strong> <strong>to niesamowity przedmiot kolekcjonerski.<\/strong> <\/p>\n","protected":false},"featured_media":311608,"comment_status":"open","ping_status":"closed","template":"","meta":[],"pwb-brand":[3279],"product_brand":[],"product_cat":[3296,3421,3344],"product_tag":[3671],"class_list":{"0":"post-311584","1":"product","2":"type-product","3":"status-publish","4":"has-post-thumbnail","6":"pwb-brand-microtech-pl","7":"product_cat-noze-pl","8":"product_cat-noze-damascenskie","9":"product_cat-noze-strzeleckie","10":"product_tag-b2b-pl","12":"first","13":"instock","14":"taxable","15":"shipping-taxable","16":"purchasable","17":"product-type-simple"},"brands":[{"id":3279,"name":"Microtech","slug":"microtech-pl"}],"_links":{"self":[{"href":"https:\/\/www.moskito.cz\/pl\/wp-json\/wp\/v2\/product\/311584","targetHints":{"allow":["GET"]}}],"collection":[{"href":"https:\/\/www.moskito.cz\/pl\/wp-json\/wp\/v2\/product"}],"about":[{"href":"https:\/\/www.moskito.cz\/pl\/wp-json\/wp\/v2\/types\/product"}],"replies":[{"embeddable":true,"href":"https:\/\/www.moskito.cz\/pl\/wp-json\/wp\/v2\/comments?post=311584"}],"wp:featuredmedia":[{"embeddable":true,"href":"https:\/\/www.moskito.cz\/pl\/wp-json\/wp\/v2\/media\/311608"}],"wp:attachment":[{"href":"https:\/\/www.moskito.cz\/pl\/wp-json\/wp\/v2\/media?parent=311584"}],"wp:term":[{"taxonomy":"pwb-brand","embeddable":true,"href":"https:\/\/www.moskito.cz\/pl\/wp-json\/wp\/v2\/pwb-brand?post=311584"},{"taxonomy":"product_brand","embeddable":true,"href":"https:\/\/www.moskito.cz\/pl\/wp-json\/wp\/v2\/product_brand?post=311584"},{"taxonomy":"product_cat","embeddable":true,"href":"https:\/\/www.moskito.cz\/pl\/wp-json\/wp\/v2\/product_cat?post=311584"},{"taxonomy":"product_tag","embeddable":true,"href":"https:\/\/www.moskito.cz\/pl\/wp-json\/wp\/v2\/product_tag?post=311584"}],"curies":[{"name":"wp","href":"https:\/\/api.w.org\/{rel}","templated":true}]}}