{"id":311657,"date":"2022-10-30T13:55:51","date_gmt":"2024-02-06T19:34:41","guid":{"rendered":"https:\/\/www.moskito.cz\/produkt\/noz-strzelecki-microtech-marfione-custom-knives-mini-halo-iii-mirror-polished-m390\/"},"modified":"2025-05-07T11:01:58","modified_gmt":"2025-05-07T10:01:58","slug":"noz-strzelecki-microtech-marfione-custom-knives-mini-halo-iii-mirror-polished-m390","status":"publish","type":"product","link":"https:\/\/www.moskito.cz\/pl\/produkt\/noz-strzelecki-microtech-marfione-custom-knives-mini-halo-iii-mirror-polished-m390\/","title":{"rendered":"N\u00f3\u017c strzelecki Microtech Marfione Custom Knives Mini Halo III Mirror Polished M390"},"content":{"rendered":"<p>N\u00f3\u017c strzelecki <strong>Microtech Marfione<\/strong> Custom Knives Mini Halo III Mirror Polished M390.<\/p>\n<p>Marfione Custom Knives Mini Halo III OTF AUTO 2,0&#8243; Polerowane na lustro ostrze M390 Tanto, Podw\u00f3jne uchwyty ze stali nierdzewnej, czarny guzik z masy per\u0142owej, niestandardowa obudowa z w\u0142\u00f3kna w\u0119glowego &#8211; 535-MCK<\/p>\n<p><strong>Niestandardowy n\u00f3\u017c Marfione.<\/strong><br \/>\nHalo Automatic Tony&#8217;ego Marfione to klasa \u015bwiata OTF i ma jedno z najsilniejszych ostrzy, jakie kiedykolwiek widzieli\u015bmy. Przycisk b\u0142yskawicznie odpala ostrze, a tak\u017ce odblokowuje ostrze, wi\u0119c po poci\u0105gni\u0119ciu za klapk\u0119 na t\u0119pym ko\u0144cu no\u017ca, ostrze z \u0142atwo\u015bci\u0105 chowa si\u0119 w r\u0119koje\u015bci i wystrzeli ponownie. Ten Mini Halo III OTF ma polerowane na lustro, szlifowane w kszta\u0142cie gwiazdy ostrze tanto M390, podw\u00f3jn\u0105 r\u0119koje\u015b\u0107 ze stali nierdzewnej gotowanej na parze, pasuj\u0105ce okucia, per\u0142owy guzik z czarnymi wargami i jest dostarczany w obudowie z w\u0142\u00f3kna w\u0119glowego z metalowym certyfikatem autentyczno\u015bci. Jest to absolutnie niesamowity przedmiot kolekcjonerski, kt\u00f3ry naprawd\u0119 daje wgl\u0105d w to, jak \u0142adne mog\u0105 by\u0107 przednie AUTO, szczeg\u00f3lnie te tak ma\u0142e.<\/p>\n<p>Dane techniczne<br \/>\nD\u0142ugo\u015b\u0107 ostrza: 5 cm<br \/>\nD\u0142ugo\u015b\u0107 ca\u0142kowita: 11,62 cm<br \/>\nMateria\u0142 ostrza: stal nierdzewna M390<br \/>\nGrubo\u015b\u0107 ostrza: 0,18 cm<br \/>\nStyl ostrza: Tanto<br \/>\nSzlifowanie ostrzy: Puste, siatka gwiazdowa<br \/>\nObr\u00f3bka powierzchni ostrza: Polerowanie lustrzane<br \/>\nMateria\u0142 r\u0119koje\u015bci: stal nierdzewna z podw\u00f3jn\u0105 par\u0105<br \/>\nGrubo\u015b\u0107 r\u0105czki: 0,53 cm<br \/>\nMechanizm blokuj\u0105cy: Guzik z czarnej masy per\u0142owej<br \/>\nKieszonkowy klips: brak<br \/>\nMateria\u0142 obudowy: Niestandardowa obudowa z w\u0142\u00f3kna w\u0119glowego<br \/>\nWaga: 1,0 uncji<br \/>\nProjektanci: Tony i Sean Marfione<br \/>\nR\u0119cznie robione w USA<\/p>\n<p><iframe title=\"Microtech Combat Troodon Torture Test\" width=\"800\" height=\"450\" src=\"https:\/\/www.youtube.com\/embed\/xE9TeOFYEjg?feature=oembed\" frameborder=\"0\" allow=\"accelerometer; autoplay; clipboard-write; encrypted-media; gyroscope; picture-in-picture; web-share\" allowfullscreen><\/iframe><\/p>\n<p>&nbsp;<\/p>\n","protected":false},"excerpt":{"rendered":"<p><strong>Niestandardowy n\u00f3\u017c Marfione<\/strong> <strong>to niesamowity przedmiot kolekcjonerski.<\/strong> <\/p>\n","protected":false},"featured_media":311669,"comment_status":"open","ping_status":"closed","template":"","meta":[],"pwb-brand":[3279],"product_brand":[],"product_cat":[3296,3344],"product_tag":[3671],"class_list":{"0":"post-311657","1":"product","2":"type-product","3":"status-publish","4":"has-post-thumbnail","6":"pwb-brand-microtech-pl","7":"product_cat-noze-pl","8":"product_cat-noze-strzeleckie","9":"product_tag-b2b-pl","11":"first","12":"instock","13":"taxable","14":"shipping-taxable","15":"purchasable","16":"product-type-simple"},"brands":[{"id":3279,"name":"Microtech","slug":"microtech-pl"}],"_links":{"self":[{"href":"https:\/\/www.moskito.cz\/pl\/wp-json\/wp\/v2\/product\/311657","targetHints":{"allow":["GET"]}}],"collection":[{"href":"https:\/\/www.moskito.cz\/pl\/wp-json\/wp\/v2\/product"}],"about":[{"href":"https:\/\/www.moskito.cz\/pl\/wp-json\/wp\/v2\/types\/product"}],"replies":[{"embeddable":true,"href":"https:\/\/www.moskito.cz\/pl\/wp-json\/wp\/v2\/comments?post=311657"}],"wp:featuredmedia":[{"embeddable":true,"href":"https:\/\/www.moskito.cz\/pl\/wp-json\/wp\/v2\/media\/311669"}],"wp:attachment":[{"href":"https:\/\/www.moskito.cz\/pl\/wp-json\/wp\/v2\/media?parent=311657"}],"wp:term":[{"taxonomy":"pwb-brand","embeddable":true,"href":"https:\/\/www.moskito.cz\/pl\/wp-json\/wp\/v2\/pwb-brand?post=311657"},{"taxonomy":"product_brand","embeddable":true,"href":"https:\/\/www.moskito.cz\/pl\/wp-json\/wp\/v2\/product_brand?post=311657"},{"taxonomy":"product_cat","embeddable":true,"href":"https:\/\/www.moskito.cz\/pl\/wp-json\/wp\/v2\/product_cat?post=311657"},{"taxonomy":"product_tag","embeddable":true,"href":"https:\/\/www.moskito.cz\/pl\/wp-json\/wp\/v2\/product_tag?post=311657"}],"curies":[{"name":"wp","href":"https:\/\/api.w.org\/{rel}","templated":true}]}}