{"id":311685,"date":"2022-10-05T20:35:21","date_gmt":"2024-02-06T19:34:54","guid":{"rendered":"https:\/\/www.moskito.cz\/produkt\/noz-strzelecki-microtech-utx-85-turkusowy-uchwyt-black-blade-231-1-tq\/"},"modified":"2025-05-07T11:01:58","modified_gmt":"2025-05-07T10:01:58","slug":"noz-strzelecki-microtech-utx-85-turkusowy-uchwyt-black-blade-231-1-tq","status":"publish","type":"product","link":"https:\/\/www.moskito.cz\/pl\/produkt\/noz-strzelecki-microtech-utx-85-turkusowy-uchwyt-black-blade-231-1-tq\/","title":{"rendered":"N\u00f3\u017c Strzelecki Microtech UTX-85 Turkusowy Uchwyt Black Blade 231-1 TQ"},"content":{"rendered":"<p>N\u00f3\u017c Strzelecki <strong>Microtech<\/strong> UTX-85 Turkusowy Uchwyt Black Blade 231-1 TQ.<\/p>\n<p>No\u017ce Microtech | 231-1TQ UTX-85 S\/E &#8211; Turkusowa r\u0119koje\u015b\u0107 &#8211; Czarne ostrze<br \/>\nN\u00f3\u017c UTX-85 wzorowany jest na Ultratechu, jednak jego rozmiar zosta\u0142 zmniejszony o 85%, dzi\u0119ki czemu jest idealnym rozmiarem do noszenia. R\u0119koje\u015b\u0107 jest wyprofilowana i tworzy chwyt dobrze dopasowuj\u0105cy si\u0119 do d\u0142oni.<\/p>\n<p>D\u0142ugo\u015b\u0107 ca\u0142kowita: 7,21 cala (183 mm)<br \/>\nD\u0142ugo\u015b\u0107 zamkni\u0119ta: 4,06 cala (103 mm)<br \/>\nD\u0142ugo\u015b\u0107 ostrza: 3,08 cala (78 mm)<br \/>\nD\u0142ugo\u015b\u0107 kraw\u0119dzi tn\u0105cej: 2,96 cala (75 mm)<br \/>\nGrubo\u015b\u0107 ostrza: 0,128 cala (3,23 mm)<br \/>\nOstrze ze stali: Elmax, M390 lub 204P<br \/>\nWyko\u0144czenie ostrza: czarne<br \/>\nStyl ostrza: Drop Point<br \/>\nStyl obramowania: zwyk\u0142y<br \/>\nMateria\u0142 r\u0119koje\u015bci: turkusowe aluminium<br \/>\nGrubo\u015b\u0107 r\u0119koje\u015bci: 0,48 cala (12,19 mm)<br \/>\nKieszonkowy klips: przechylony w d\u00f3\u0142<br \/>\nWaga: 2,9 uncji (82,22 g)<br \/>\nProducent nr ref. #: 231-1TQ<br \/>\nKraj pochodzenia: USA<\/p>\n<p>Stal: M390<\/p>\n<p><iframe title=\"Microtech Combat Troodon Torture Test\" width=\"800\" height=\"450\" src=\"https:\/\/www.youtube.com\/embed\/xE9TeOFYEjg?feature=oembed\" frameborder=\"0\" allow=\"accelerometer; autoplay; clipboard-write; encrypted-media; gyroscope; picture-in-picture; web-share\" allowfullscreen><\/iframe><\/p>\n","protected":false},"excerpt":{"rendered":"<p>Przez lata Microtech\u00ae Knives wype\u0142nia\u0142 no\u017ce pasj\u0105 i umiej\u0119tno\u015bciami, aby tworzy\u0107 niemal dzie\u0142a sztuki, kt\u00f3re s\u0105 szczytem funkcjonalno\u015bci. Wszystkie cz\u0119\u015bci wyprodukowano w USA.<br \/>\n<strong>Wszystkie no\u017ce Microtech obj\u0119te s\u0105 do\u017cywotni\u0105 gwarancj\u0105.<\/strong><\/p>\n<p><strong>Bezp\u0142atny transport.<\/strong><\/p>\n","protected":false},"featured_media":311688,"comment_status":"open","ping_status":"closed","template":"","meta":[],"pwb-brand":[3279],"product_brand":[],"product_cat":[3296,3344],"product_tag":[3671],"class_list":{"0":"post-311685","1":"product","2":"type-product","3":"status-publish","4":"has-post-thumbnail","6":"pwb-brand-microtech-pl","7":"product_cat-noze-pl","8":"product_cat-noze-strzeleckie","9":"product_tag-b2b-pl","11":"first","12":"instock","13":"taxable","14":"shipping-taxable","15":"purchasable","16":"product-type-simple"},"brands":[{"id":3279,"name":"Microtech","slug":"microtech-pl"}],"_links":{"self":[{"href":"https:\/\/www.moskito.cz\/pl\/wp-json\/wp\/v2\/product\/311685","targetHints":{"allow":["GET"]}}],"collection":[{"href":"https:\/\/www.moskito.cz\/pl\/wp-json\/wp\/v2\/product"}],"about":[{"href":"https:\/\/www.moskito.cz\/pl\/wp-json\/wp\/v2\/types\/product"}],"replies":[{"embeddable":true,"href":"https:\/\/www.moskito.cz\/pl\/wp-json\/wp\/v2\/comments?post=311685"}],"wp:featuredmedia":[{"embeddable":true,"href":"https:\/\/www.moskito.cz\/pl\/wp-json\/wp\/v2\/media\/311688"}],"wp:attachment":[{"href":"https:\/\/www.moskito.cz\/pl\/wp-json\/wp\/v2\/media?parent=311685"}],"wp:term":[{"taxonomy":"pwb-brand","embeddable":true,"href":"https:\/\/www.moskito.cz\/pl\/wp-json\/wp\/v2\/pwb-brand?post=311685"},{"taxonomy":"product_brand","embeddable":true,"href":"https:\/\/www.moskito.cz\/pl\/wp-json\/wp\/v2\/product_brand?post=311685"},{"taxonomy":"product_cat","embeddable":true,"href":"https:\/\/www.moskito.cz\/pl\/wp-json\/wp\/v2\/product_cat?post=311685"},{"taxonomy":"product_tag","embeddable":true,"href":"https:\/\/www.moskito.cz\/pl\/wp-json\/wp\/v2\/product_tag?post=311685"}],"curies":[{"name":"wp","href":"https:\/\/api.w.org\/{rel}","templated":true}]}}