{"id":311707,"date":"2022-10-03T20:34:27","date_gmt":"2024-02-06T19:35:11","guid":{"rendered":"https:\/\/www.moskito.cz\/produkt\/noz-zamykajacy-microtech-socom-bravo-261-8cfti\/"},"modified":"2025-05-07T11:01:59","modified_gmt":"2025-05-07T10:01:59","slug":"noz-zamykajacy-microtech-socom-bravo-261-8cfti","status":"publish","type":"product","link":"https:\/\/www.moskito.cz\/pl\/produkt\/noz-zamykajacy-microtech-socom-bravo-261-8cfti\/","title":{"rendered":"N\u00f3\u017c zamykaj\u0105cy Microtech Socom Bravo 261-8CFTI"},"content":{"rendered":"<p>N\u00f3\u017c zamykaj\u0105cy <strong>Microtech<\/strong> Socom Bravo 261-8CFTI.<\/p>\n<p>N\u00f3\u017c sk\u0142adany Microtech Socom Bravo Titanium Carbon to pere\u0142ka w\u015br\u00f3d no\u017cy sk\u0142adanych pod ka\u017cdym wzgl\u0119dem. Wysokiej jako\u015bci materia\u0142 ostrza (M390) to priorytet w spe\u0142nianiu funkcji tn\u0105cej no\u017ca. Zbierz ten materia\u0142 SRPS III. pokolenie niesie drewno opa\u0142owe do lasu, ale jest to nr 1. Obecnie numer 1 w\u015br\u00f3d materia\u0142\u00f3w na ostrza. Kszta\u0142t ostrza (nowo opracowany drop point) z wyra\u017anym rowkiem podci\u015bnieniowym (rowek \u201ekrwawy\u201d) idzie w parze z materia\u0142em. Ostrze stone wash wyposa\u017cone jest w ko\u0142ki otwieraj\u0105ce po obu stronach, jednak n\u00f3\u017c przeznaczony jest dla os\u00f3b \u201eprawor\u0119cznych\u201d. Szlifowanie zar\u00f3wno fasety jak i ko\u0144c\u00f3wki jest prac\u0105 r\u0119czn\u0105 i w pe\u0142ni spe\u0142nia funkcje tn\u0105ce i penetracyjne. \u0141o\u017cysko ostrza w \u0142o\u017cysku ceramicznym oraz w obudowie wykonanej z br\u0105zu berylowego nie ma widocznego luzu nawet przy nieostro\u017cnym obchodzeniu si\u0119 (\u0142o\u017cysko obudowy jest prawdopodobnie pasowane na wcisk &#8211; zak\u0142adka 10 mikron\u00f3w!). R\u0119koje\u015b\u0107 to ujednolicenie konstrukcji konstrukcyjnej (zastosowanie przedmiotu obrabianego wykonanego z tytanu 3D, wzmocnionego wk\u0142adkami w\u0119glowymi, dla lepszego czucia podczas chwytania), praktyczno\u015bci (szorstkowanie grzbietu dla \u0142atwiejszego i pewniejszego chwytu no\u017ca podczas ci\u0119cia pod ci\u015bnieniem, otw\u00f3r do mocowania paracordu), ergonomi\u0119 (wygodny chwyt pomimo kraw\u0119dzi i rowka prowadz\u0105cego kciuka otwieraj\u0105cego) i wytrzyma\u0142o\u015b\u0107 (zabezpieczenie tytanowej spr\u0119\u017cyny zamka przed uderzeniem ostrzy). Wszystkie wymienione atrybuty stawiaj\u0105 prezentowany n\u00f3\u017c sk\u0142adany w czo\u0142\u00f3wce wsp\u00f3\u0142czesnego no\u017ca.<\/p>\n<p>Nowy Socom Bravo firmy Microtech, kt\u00f3ry wsp\u00f3\u0142pracowa\u0142 z Rike Knives przy produkcji tego wydania. Model ten posiada r\u0119koje\u015b\u0107 z piaskowanego tytanu ze skal\u0105 z w\u0142\u00f3kna w\u0119glowego. Posiada jednosieczne ostrze ze stali M390 z pojedyncz\u0105 kraw\u0119dzi\u0105. Obrotowy ko\u0142nierz z niebieskiego tytanu.<\/p>\n<p>D\u0142ugo\u015b\u0107 ca\u0142kowita: 22,5 cm<br \/>\nD\u0142ugo\u015b\u0107 ostrza: 10 cm<br \/>\nD\u0142ugo\u015b\u0107 r\u0105czki: 12,5 cm<br \/>\nMateria\u0142 ostrza: M390<br \/>\nStyl ostrza: pojedyncza kraw\u0119d\u017a<br \/>\nKolor: piaskowane w\u0142\u00f3kno w\u0119glowe Ti<br \/>\nWaga: 5,8 uncji<\/p>\n<p><iframe title=\"SOCOM Bravo: Limited Edition Serrated and Signed by Anthony Marfione\" width=\"800\" height=\"450\" src=\"https:\/\/www.youtube.com\/embed\/_cp-uC2gPBM?feature=oembed\" frameborder=\"0\" allow=\"accelerometer; autoplay; clipboard-write; encrypted-media; gyroscope; picture-in-picture; web-share\" allowfullscreen><\/iframe><\/p>\n<p>&nbsp;<\/p>\n","protected":false},"excerpt":{"rendered":"<p>Przez lata firma Microtech\u00ae Knives wype\u0142nia\u0142a no\u017ce pasj\u0105 i umiej\u0119tno\u015bciami, aby tworzy\u0107 niemal dzie\u0142a sztuki, kt\u00f3re s\u0105 szczytem funkcjonalno\u015bci. Wszystkie cz\u0119\u015bci wyprodukowano w USA.<br \/>\n<strong>Wszystkie no\u017ce Microtech obj\u0119te s\u0105 do\u017cywotni\u0105 gwarancj\u0105.<\/strong><\/p>\n<p><strong>Bezp\u0142atny transport.<\/strong><\/p>\n","protected":false},"featured_media":311709,"comment_status":"open","ping_status":"closed","template":"","meta":[],"pwb-brand":[3279],"product_brand":[],"product_cat":[3296,3307],"product_tag":[3671],"class_list":{"0":"post-311707","1":"product","2":"type-product","3":"status-publish","4":"has-post-thumbnail","6":"pwb-brand-microtech-pl","7":"product_cat-noze-pl","8":"product_cat-zamykanie-nozy","9":"product_tag-b2b-pl","11":"first","12":"outofstock","13":"taxable","14":"shipping-taxable","15":"purchasable","16":"product-type-simple"},"brands":[{"id":3279,"name":"Microtech","slug":"microtech-pl"}],"_links":{"self":[{"href":"https:\/\/www.moskito.cz\/pl\/wp-json\/wp\/v2\/product\/311707","targetHints":{"allow":["GET"]}}],"collection":[{"href":"https:\/\/www.moskito.cz\/pl\/wp-json\/wp\/v2\/product"}],"about":[{"href":"https:\/\/www.moskito.cz\/pl\/wp-json\/wp\/v2\/types\/product"}],"replies":[{"embeddable":true,"href":"https:\/\/www.moskito.cz\/pl\/wp-json\/wp\/v2\/comments?post=311707"}],"wp:featuredmedia":[{"embeddable":true,"href":"https:\/\/www.moskito.cz\/pl\/wp-json\/wp\/v2\/media\/311709"}],"wp:attachment":[{"href":"https:\/\/www.moskito.cz\/pl\/wp-json\/wp\/v2\/media?parent=311707"}],"wp:term":[{"taxonomy":"pwb-brand","embeddable":true,"href":"https:\/\/www.moskito.cz\/pl\/wp-json\/wp\/v2\/pwb-brand?post=311707"},{"taxonomy":"product_brand","embeddable":true,"href":"https:\/\/www.moskito.cz\/pl\/wp-json\/wp\/v2\/product_brand?post=311707"},{"taxonomy":"product_cat","embeddable":true,"href":"https:\/\/www.moskito.cz\/pl\/wp-json\/wp\/v2\/product_cat?post=311707"},{"taxonomy":"product_tag","embeddable":true,"href":"https:\/\/www.moskito.cz\/pl\/wp-json\/wp\/v2\/product_tag?post=311707"}],"curies":[{"name":"wp","href":"https:\/\/api.w.org\/{rel}","templated":true}]}}