{"id":311719,"date":"2022-10-05T22:02:30","date_gmt":"2024-02-06T19:35:13","guid":{"rendered":"https:\/\/www.moskito.cz\/produkt\/noz-strzelecki-microtech-signature-series-utx-85-ii-232ii-1-ts\/"},"modified":"2025-05-07T11:01:59","modified_gmt":"2025-05-07T10:01:59","slug":"noz-strzelecki-microtech-signature-series-utx-85-ii-232ii-1-ts","status":"publish","type":"product","link":"https:\/\/www.moskito.cz\/pl\/produkt\/noz-strzelecki-microtech-signature-series-utx-85-ii-232ii-1-ts\/","title":{"rendered":"N\u00f3\u017c strzelecki Microtech Signature Series UTX-85 II 232II-1 TS"},"content":{"rendered":"<p>N\u00f3\u017c strzelecki Microtech Signature Series UTX-85 II 232II-1 TS.<\/p>\n<p>N\u00f3\u017c Microtech UTX-85 OTF to idealne po\u0142\u0105czenie kompaktowych rozmiar\u00f3w i \u015bwietnej wydajno\u015bci. Przy wielko\u015bci 85% Ultratech, Microtech UTX-85 jest wykonany z tych samych materia\u0142\u00f3w, na tych samych maszynach i z t\u0105 sam\u0105 pomys\u0142owo\u015bci\u0105, co jego poprzednik. Microtech UTX-85 to idealny n\u00f3\u017c na ka\u017cd\u0105 sytuacj\u0119 \u2013 niezale\u017cnie od tego, jakie zadanie wykonujesz; b\u0119dzie idealnie pasowa\u0107 do Twojego stylu \u017cycia. Ten UTX-85 II ma ulepszone teksturowanie uchwytu, co zapewnia bardziej pozytywny zakup. Dzi\u0119ki szybkiemu otwieraniu i zamykaniu jedn\u0105 r\u0119k\u0105, wykonuje t\u0119 prac\u0119 w ci\u0105gu kilku sekund. Wyposa\u017cony w dwustronny klips do kieszeni i niewielkie rozmiary, jest idealnym wyborem do codziennego u\u017cytku i noszenia.<\/p>\n<p>Specyfikacje<br \/>\n Akcja: Podw\u00f3jne dzia\u0142anie \u2013 Ogie\u0144 automatyczny\/Automatyczne chowanie<br \/>\n Grubo\u015b\u0107: 0,31 cm<br \/>\n D\u0142ugo\u015b\u0107 ostrza: 7,5 cm<br \/>\n Nale\u017cy pami\u0119ta\u0107, \u017ce nie mo\u017cna z g\u00f3ry okre\u015bli\u0107 rodzaju stali, z kt\u00f3rej wykonane jest ostrze, poniewa\u017c mo\u017ce si\u0119 ona r\u00f3\u017cni\u0107 w zale\u017cno\u015bci od dost\u0119pno\u015bci (informacje od Microtech)<br \/>\n Styl ostrza: Drop Point<br \/>\n Podwozie: stop aluminium 6061-T6, anodowane na czarno zgodnie ze specyfikacj\u0105 wojskow\u0105<br \/>\n Materia\u0142 uchwytu: obrobiony maszynowo aluminium<br \/>\n D\u0142ugo\u015b\u0107 po z\u0142o\u017ceniu: 11 cm<br \/>\n D\u0142ugo\u015b\u0107 ca\u0142kowita: 18,45 cm<br \/>\n Klips kieszonkowy: stal nierdzewna 301<br \/>\n Standardowa cholewka: stop aluminium 6061-T6<br \/>\n Spust: stal nierdzewna 303<br \/>\n Waga: 2,8 uncji.<br \/>\n Wyprodukowano w USA<\/p>\n<p><iframe title=\"Microtech Combat Troodon Torture Test\" width=\"800\" height=\"450\" src=\"https:\/\/www.youtube.com\/embed\/xE9TeOFYEjg?feature=oembed\" frameborder=\"0\" allow=\"accelerometer; autoplay; clipboard-write; encrypted-media; gyroscope; picture-in-picture; web-share\" allowfullscreen><\/iframe><\/p>\n<p>&nbsp;<\/p>\n","protected":false},"excerpt":{"rendered":"<p>Przez lata <strong>firma Microtech\u00ae Knives<\/strong> wype\u0142nia\u0142a no\u017ce pasj\u0105 i umiej\u0119tno\u015bciami, aby tworzy\u0107 niemal dzie\u0142a sztuki, kt\u00f3re s\u0105 szczytem funkcjonalno\u015bci. Wszystkie cz\u0119\u015bci wyprodukowano w USA.<br \/>\n<strong>Wszystkie no\u017ce Microtech obj\u0119te s\u0105 do\u017cywotni\u0105 gwarancj\u0105.<\/strong><\/p>\n<p><strong>Darmowa wysy\u0142ka.<\/strong><\/p>\n","protected":false},"featured_media":311720,"comment_status":"open","ping_status":"closed","template":"","meta":[],"pwb-brand":[3279],"product_brand":[],"product_cat":[3296,3344],"product_tag":[3671],"class_list":{"0":"post-311719","1":"product","2":"type-product","3":"status-publish","4":"has-post-thumbnail","6":"pwb-brand-microtech-pl","7":"product_cat-noze-pl","8":"product_cat-noze-strzeleckie","9":"product_tag-b2b-pl","11":"first","12":"instock","13":"taxable","14":"shipping-taxable","15":"purchasable","16":"product-type-simple"},"brands":[{"id":3279,"name":"Microtech","slug":"microtech-pl"}],"_links":{"self":[{"href":"https:\/\/www.moskito.cz\/pl\/wp-json\/wp\/v2\/product\/311719","targetHints":{"allow":["GET"]}}],"collection":[{"href":"https:\/\/www.moskito.cz\/pl\/wp-json\/wp\/v2\/product"}],"about":[{"href":"https:\/\/www.moskito.cz\/pl\/wp-json\/wp\/v2\/types\/product"}],"replies":[{"embeddable":true,"href":"https:\/\/www.moskito.cz\/pl\/wp-json\/wp\/v2\/comments?post=311719"}],"wp:featuredmedia":[{"embeddable":true,"href":"https:\/\/www.moskito.cz\/pl\/wp-json\/wp\/v2\/media\/311720"}],"wp:attachment":[{"href":"https:\/\/www.moskito.cz\/pl\/wp-json\/wp\/v2\/media?parent=311719"}],"wp:term":[{"taxonomy":"pwb-brand","embeddable":true,"href":"https:\/\/www.moskito.cz\/pl\/wp-json\/wp\/v2\/pwb-brand?post=311719"},{"taxonomy":"product_brand","embeddable":true,"href":"https:\/\/www.moskito.cz\/pl\/wp-json\/wp\/v2\/product_brand?post=311719"},{"taxonomy":"product_cat","embeddable":true,"href":"https:\/\/www.moskito.cz\/pl\/wp-json\/wp\/v2\/product_cat?post=311719"},{"taxonomy":"product_tag","embeddable":true,"href":"https:\/\/www.moskito.cz\/pl\/wp-json\/wp\/v2\/product_tag?post=311719"}],"curies":[{"name":"wp","href":"https:\/\/api.w.org\/{rel}","templated":true}]}}